{"id":3517,"date":"2016-08-12T08:25:46","date_gmt":"2016-08-12T08:25:46","guid":{"rendered":"http:\/\/www.sonami.cl\/v2\/?page_id=3517"},"modified":"2016-08-12T13:14:08","modified_gmt":"2016-08-12T13:14:08","slug":"solicitud-centro-de-documentacion","status":"publish","type":"page","link":"https:\/\/www.sonami.cl\/v2\/centro-de-documentacion\/solicitud-centro-de-documentacion\/","title":{"rendered":"Solicitud centro de documentaci\u00f3n"},"content":{"rendered":"<h2>Solicitud de informaci\u00f3n y\/o documentos<\/h2>\n<p style=\"color: #666; font-size: 100%; line-height: 100%; margin-top: 20px;\">Para m\u00e1s informaci\u00f3n del Centro de Documentaci\u00f3n de SONAMI y\/o solicitud de material puede enviar un mail a <strong><em>centrodedocumentacion@sonami.cl, <\/em><\/strong>o bien completar el formulario de m\u00e1s abajo. No olvide citar el c\u00f3digo correspondiente al documento que Ud. desea solicitar, que puede encontrar en la subsecci\u00f3n <strong>Cat\u00e1logo en L\u00ednea<\/strong>:<\/p>\n<p>[wc_divider style=\u00bbsolid\u00bb line=\u00bbsingle\u00bb margin_top=\u00bb\u00bb margin_bottom=\u00bb\u00bb]<\/p>\n<p>[contact-form-7 id=\u00bb3516&#8243; title=\u00bbFormulario Centro de Documentaci\u00f3n\u00bb]<\/p>\n","protected":false},"excerpt":{"rendered":"<p>Solicitud de informaci\u00f3n y\/o documentos Para m\u00e1s informaci\u00f3n del Centro de Documentaci\u00f3n de SONAMI y\/o solicitud de material puede enviar un mail a centrodedocumentacion@sonami.cl, o bien completar el formulario de m\u00e1s abajo. No olvide citar el c\u00f3digo correspondiente al documento que Ud. desea solicitar, que puede encontrar en la subsecci\u00f3n Cat\u00e1logo en L\u00ednea: [wc_divider style=\u00bbsolid\u00bb &hellip; <\/p>\n<p class=\"link-more\"><a href=\"https:\/\/www.sonami.cl\/v2\/centro-de-documentacion\/solicitud-centro-de-documentacion\/\" class=\"more-link\">Continuar leyendo<span class=\"screen-reader-text\"> \u00abSolicitud centro de documentaci\u00f3n\u00bb<\/span><\/a><\/p>\n","protected":false},"author":1,"featured_media":0,"parent":280,"menu_order":0,"comment_status":"closed","ping_status":"closed","template":"page-sin-headline.php","meta":{"_acf_changed":false,"footnotes":"","_links_to":"","_links_to_target":""},"categories":[],"tags":[],"class_list":["post-3517","page","type-page","status-publish","hentry"],"acf":[],"yoast_head":"<!-- This site is optimized with the Yoast SEO plugin v27.4 - https:\/\/yoast.com\/product\/yoast-seo-wordpress\/ -->\n<title>Solicitud centro de documentaci\u00f3n - SONAMI :: Sociedad Nacional de Miner\u00eda - Chile<\/title>\n<meta name=\"robots\" content=\"index, follow, max-snippet:-1, max-image-preview:large, max-video-preview:-1\" \/>\n<link rel=\"canonical\" href=\"https:\/\/www.sonami.cl\/v2\/centro-de-documentacion\/solicitud-centro-de-documentacion\/\" \/>\n<meta property=\"og:locale\" content=\"es_ES\" \/>\n<meta property=\"og:type\" content=\"article\" \/>\n<meta property=\"og:title\" content=\"Solicitud centro de documentaci\u00f3n - SONAMI :: Sociedad Nacional de Miner\u00eda - Chile\" \/>\n<meta property=\"og:description\" content=\"Solicitud de informaci\u00f3n y\/o documentos Para m\u00e1s informaci\u00f3n del Centro de Documentaci\u00f3n de SONAMI y\/o solicitud de material puede enviar un mail a centrodedocumentacion@sonami.cl, o bien completar el formulario de m\u00e1s abajo. No olvide citar el c\u00f3digo correspondiente al documento que Ud. desea solicitar, que puede encontrar en la subsecci\u00f3n Cat\u00e1logo en L\u00ednea: [wc_divider style=\u00bbsolid\u00bb &hellip; Continuar leyendo &quot;Solicitud centro de documentaci\u00f3n&quot;\" \/>\n<meta property=\"og:url\" content=\"https:\/\/www.sonami.cl\/v2\/centro-de-documentacion\/solicitud-centro-de-documentacion\/\" \/>\n<meta property=\"og:site_name\" content=\"SONAMI :: Sociedad Nacional de Miner\u00eda - Chile\" \/>\n<meta property=\"article:publisher\" content=\"https:\/\/www.facebook.com\/SonamiChile\/\" \/>\n<meta property=\"article:modified_time\" content=\"2016-08-12T13:14:08+00:00\" \/>\n<meta name=\"twitter:card\" content=\"summary_large_image\" \/>\n<meta name=\"twitter:site\" content=\"@Sonami_Chile\" \/>\n<script type=\"application\/ld+json\" class=\"yoast-schema-graph\">{\"@context\":\"https:\\\/\\\/schema.org\",\"@graph\":[{\"@type\":\"WebPage\",\"@id\":\"https:\\\/\\\/www.sonami.cl\\\/v2\\\/centro-de-documentacion\\\/solicitud-centro-de-documentacion\\\/\",\"url\":\"https:\\\/\\\/www.sonami.cl\\\/v2\\\/centro-de-documentacion\\\/solicitud-centro-de-documentacion\\\/\",\"name\":\"Solicitud centro de documentaci\u00f3n - SONAMI :: Sociedad Nacional de Miner\u00eda - Chile\",\"isPartOf\":{\"@id\":\"https:\\\/\\\/www.sonami.cl\\\/v2\\\/#website\"},\"datePublished\":\"2016-08-12T08:25:46+00:00\",\"dateModified\":\"2016-08-12T13:14:08+00:00\",\"breadcrumb\":{\"@id\":\"https:\\\/\\\/www.sonami.cl\\\/v2\\\/centro-de-documentacion\\\/solicitud-centro-de-documentacion\\\/#breadcrumb\"},\"inLanguage\":\"es\",\"potentialAction\":[{\"@type\":\"ReadAction\",\"target\":[\"https:\\\/\\\/www.sonami.cl\\\/v2\\\/centro-de-documentacion\\\/solicitud-centro-de-documentacion\\\/\"]}]},{\"@type\":\"BreadcrumbList\",\"@id\":\"https:\\\/\\\/www.sonami.cl\\\/v2\\\/centro-de-documentacion\\\/solicitud-centro-de-documentacion\\\/#breadcrumb\",\"itemListElement\":[{\"@type\":\"ListItem\",\"position\":1,\"name\":\"BIBLIOTECA\",\"item\":\"https:\\\/\\\/www.sonami.cl\\\/v2\\\/centro-de-documentacion\\\/\"},{\"@type\":\"ListItem\",\"position\":2,\"name\":\"Solicitud centro de documentaci\u00f3n\"}]},{\"@type\":\"WebSite\",\"@id\":\"https:\\\/\\\/www.sonami.cl\\\/v2\\\/#website\",\"url\":\"https:\\\/\\\/www.sonami.cl\\\/v2\\\/\",\"name\":\"SONAMI :: Sociedad Nacional de Miner\u00eda - Chile\",\"description\":\"Sociedad Nacional de Mineria de Chile, dedicada al estudio de la miner\u00eda en Chile y latinoamericana, contempla la entrega semanal, mensual, anual de estad\u00edsticas en el medio minero de Chile\",\"publisher\":{\"@id\":\"https:\\\/\\\/www.sonami.cl\\\/v2\\\/#organization\"},\"potentialAction\":[{\"@type\":\"SearchAction\",\"target\":{\"@type\":\"EntryPoint\",\"urlTemplate\":\"https:\\\/\\\/www.sonami.cl\\\/v2\\\/?s={search_term_string}\"},\"query-input\":{\"@type\":\"PropertyValueSpecification\",\"valueRequired\":true,\"valueName\":\"search_term_string\"}}],\"inLanguage\":\"es\"},{\"@type\":\"Organization\",\"@id\":\"https:\\\/\\\/www.sonami.cl\\\/v2\\\/#organization\",\"name\":\"SONAMI :: Sociedad Nacional de Miner\u00eda - Chile\",\"url\":\"https:\\\/\\\/www.sonami.cl\\\/v2\\\/\",\"logo\":{\"@type\":\"ImageObject\",\"inLanguage\":\"es\",\"@id\":\"https:\\\/\\\/www.sonami.cl\\\/v2\\\/#\\\/schema\\\/logo\\\/image\\\/\",\"url\":\"https:\\\/\\\/www.sonami.cl\\\/v2\\\/wp-content\\\/uploads\\\/2021\\\/07\\\/logo-v2.jpg\",\"contentUrl\":\"https:\\\/\\\/www.sonami.cl\\\/v2\\\/wp-content\\\/uploads\\\/2021\\\/07\\\/logo-v2.jpg\",\"width\":160,\"height\":170,\"caption\":\"SONAMI :: Sociedad Nacional de Miner\u00eda - Chile\"},\"image\":{\"@id\":\"https:\\\/\\\/www.sonami.cl\\\/v2\\\/#\\\/schema\\\/logo\\\/image\\\/\"},\"sameAs\":[\"https:\\\/\\\/www.facebook.com\\\/SonamiChile\\\/\",\"https:\\\/\\\/x.com\\\/Sonami_Chile\",\"https:\\\/\\\/www.youtube.com\\\/user\\\/SonamiChile\"]}]}<\/script>\n<!-- \/ Yoast SEO plugin. -->","yoast_head_json":{"title":"Solicitud centro de documentaci\u00f3n - SONAMI :: Sociedad Nacional de Miner\u00eda - Chile","robots":{"index":"index","follow":"follow","max-snippet":"max-snippet:-1","max-image-preview":"max-image-preview:large","max-video-preview":"max-video-preview:-1"},"canonical":"https:\/\/www.sonami.cl\/v2\/centro-de-documentacion\/solicitud-centro-de-documentacion\/","og_locale":"es_ES","og_type":"article","og_title":"Solicitud centro de documentaci\u00f3n - SONAMI :: Sociedad Nacional de Miner\u00eda - Chile","og_description":"Solicitud de informaci\u00f3n y\/o documentos Para m\u00e1s informaci\u00f3n del Centro de Documentaci\u00f3n de SONAMI y\/o solicitud de material puede enviar un mail a centrodedocumentacion@sonami.cl, o bien completar el formulario de m\u00e1s abajo. No olvide citar el c\u00f3digo correspondiente al documento que Ud. desea solicitar, que puede encontrar en la subsecci\u00f3n Cat\u00e1logo en L\u00ednea: [wc_divider style=\u00bbsolid\u00bb &hellip; Continuar leyendo \"Solicitud centro de documentaci\u00f3n\"","og_url":"https:\/\/www.sonami.cl\/v2\/centro-de-documentacion\/solicitud-centro-de-documentacion\/","og_site_name":"SONAMI :: Sociedad Nacional de Miner\u00eda - Chile","article_publisher":"https:\/\/www.facebook.com\/SonamiChile\/","article_modified_time":"2016-08-12T13:14:08+00:00","twitter_card":"summary_large_image","twitter_site":"@Sonami_Chile","schema":{"@context":"https:\/\/schema.org","@graph":[{"@type":"WebPage","@id":"https:\/\/www.sonami.cl\/v2\/centro-de-documentacion\/solicitud-centro-de-documentacion\/","url":"https:\/\/www.sonami.cl\/v2\/centro-de-documentacion\/solicitud-centro-de-documentacion\/","name":"Solicitud centro de documentaci\u00f3n - SONAMI :: Sociedad Nacional de Miner\u00eda - Chile","isPartOf":{"@id":"https:\/\/www.sonami.cl\/v2\/#website"},"datePublished":"2016-08-12T08:25:46+00:00","dateModified":"2016-08-12T13:14:08+00:00","breadcrumb":{"@id":"https:\/\/www.sonami.cl\/v2\/centro-de-documentacion\/solicitud-centro-de-documentacion\/#breadcrumb"},"inLanguage":"es","potentialAction":[{"@type":"ReadAction","target":["https:\/\/www.sonami.cl\/v2\/centro-de-documentacion\/solicitud-centro-de-documentacion\/"]}]},{"@type":"BreadcrumbList","@id":"https:\/\/www.sonami.cl\/v2\/centro-de-documentacion\/solicitud-centro-de-documentacion\/#breadcrumb","itemListElement":[{"@type":"ListItem","position":1,"name":"BIBLIOTECA","item":"https:\/\/www.sonami.cl\/v2\/centro-de-documentacion\/"},{"@type":"ListItem","position":2,"name":"Solicitud centro de documentaci\u00f3n"}]},{"@type":"WebSite","@id":"https:\/\/www.sonami.cl\/v2\/#website","url":"https:\/\/www.sonami.cl\/v2\/","name":"SONAMI :: Sociedad Nacional de Miner\u00eda - Chile","description":"Sociedad Nacional de Mineria de Chile, dedicada al estudio de la miner\u00eda en Chile y latinoamericana, contempla la entrega semanal, mensual, anual de estad\u00edsticas en el medio minero de Chile","publisher":{"@id":"https:\/\/www.sonami.cl\/v2\/#organization"},"potentialAction":[{"@type":"SearchAction","target":{"@type":"EntryPoint","urlTemplate":"https:\/\/www.sonami.cl\/v2\/?s={search_term_string}"},"query-input":{"@type":"PropertyValueSpecification","valueRequired":true,"valueName":"search_term_string"}}],"inLanguage":"es"},{"@type":"Organization","@id":"https:\/\/www.sonami.cl\/v2\/#organization","name":"SONAMI :: Sociedad Nacional de Miner\u00eda - Chile","url":"https:\/\/www.sonami.cl\/v2\/","logo":{"@type":"ImageObject","inLanguage":"es","@id":"https:\/\/www.sonami.cl\/v2\/#\/schema\/logo\/image\/","url":"https:\/\/www.sonami.cl\/v2\/wp-content\/uploads\/2021\/07\/logo-v2.jpg","contentUrl":"https:\/\/www.sonami.cl\/v2\/wp-content\/uploads\/2021\/07\/logo-v2.jpg","width":160,"height":170,"caption":"SONAMI :: Sociedad Nacional de Miner\u00eda - Chile"},"image":{"@id":"https:\/\/www.sonami.cl\/v2\/#\/schema\/logo\/image\/"},"sameAs":["https:\/\/www.facebook.com\/SonamiChile\/","https:\/\/x.com\/Sonami_Chile","https:\/\/www.youtube.com\/user\/SonamiChile"]}]}},"publishpress_future_workflow_manual_trigger":{"enabledWorkflows":[]},"_links":{"self":[{"href":"https:\/\/www.sonami.cl\/v2\/wp-json\/wp\/v2\/pages\/3517","targetHints":{"allow":["GET"]}}],"collection":[{"href":"https:\/\/www.sonami.cl\/v2\/wp-json\/wp\/v2\/pages"}],"about":[{"href":"https:\/\/www.sonami.cl\/v2\/wp-json\/wp\/v2\/types\/page"}],"author":[{"embeddable":true,"href":"https:\/\/www.sonami.cl\/v2\/wp-json\/wp\/v2\/users\/1"}],"replies":[{"embeddable":true,"href":"https:\/\/www.sonami.cl\/v2\/wp-json\/wp\/v2\/comments?post=3517"}],"version-history":[{"count":0,"href":"https:\/\/www.sonami.cl\/v2\/wp-json\/wp\/v2\/pages\/3517\/revisions"}],"up":[{"embeddable":true,"href":"https:\/\/www.sonami.cl\/v2\/wp-json\/wp\/v2\/pages\/280"}],"wp:attachment":[{"href":"https:\/\/www.sonami.cl\/v2\/wp-json\/wp\/v2\/media?parent=3517"}],"wp:term":[{"taxonomy":"category","embeddable":true,"href":"https:\/\/www.sonami.cl\/v2\/wp-json\/wp\/v2\/categories?post=3517"},{"taxonomy":"post_tag","embeddable":true,"href":"https:\/\/www.sonami.cl\/v2\/wp-json\/wp\/v2\/tags?post=3517"}],"curies":[{"name":"wp","href":"https:\/\/api.w.org\/{rel}","templated":true}]}}