{"id":3019,"date":"2016-03-24T15:40:29","date_gmt":"2016-03-24T15:40:29","guid":{"rendered":"http:\/\/www.sonami.cl\/v2\/?page_id=3019"},"modified":"2019-07-26T10:21:19","modified_gmt":"2019-07-26T14:21:19","slug":"calculo-cobre","status":"publish","type":"page","link":"https:\/\/www.sonami.cl\/v2\/informacion-de-la-mineria\/calculo-de-tarifas\/calculo-cobre\/","title":{"rendered":"Cobre"},"content":{"rendered":"\t\t<div data-elementor-type=\"wp-post\" data-elementor-id=\"3019\" class=\"elementor elementor-3019\" data-elementor-post-type=\"page\">\n\t\t\t\t\t\t<section class=\"has_eae_slider elementor-section elementor-top-section elementor-element elementor-element-50e1324c elementor-section-full_width elementor-section-height-default elementor-section-height-default\" data-eae-slider=\"11390\" data-id=\"50e1324c\" data-element_type=\"section\" data-e-type=\"section\" data-settings=\"{&quot;background_background&quot;:&quot;classic&quot;,&quot;sticky&quot;:&quot;top&quot;,&quot;sticky_offset&quot;:50,&quot;sticky_effects_offset&quot;:25,&quot;sticky_on&quot;:[&quot;desktop&quot;],&quot;sticky_anchor_link_offset&quot;:0}\">\n\t\t\t\t\t\t<div class=\"elementor-container elementor-column-gap-default\">\n\t\t\t\t\t<div class=\"has_eae_slider elementor-column elementor-col-100 elementor-top-column elementor-element elementor-element-d155c5d\" data-eae-slider=\"35687\" data-id=\"d155c5d\" data-element_type=\"column\" data-e-type=\"column\">\n\t\t\t<div class=\"elementor-widget-wrap elementor-element-populated\">\n\t\t\t\t\t\t<div class=\"elementor-element elementor-element-128fd7aa elementor-widget elementor-widget-heading\" data-id=\"128fd7aa\" data-element_type=\"widget\" data-e-type=\"widget\" data-widget_type=\"heading.default\">\n\t\t\t\t<div class=\"elementor-widget-container\">\n\t\t\t\t\t<h2 class=\"elementor-heading-title elementor-size-default\">C\u00c1LCULO DE TARIFAS<\/h2>\t\t\t\t<\/div>\n\t\t\t\t<\/div>\n\t\t\t\t\t<\/div>\n\t\t<\/div>\n\t\t\t\t\t<\/div>\n\t\t<\/section>\n\t\t\t\t<section class=\"has_eae_slider elementor-section elementor-top-section elementor-element elementor-element-1c68ab elementor-section-boxed elementor-section-height-default elementor-section-height-default\" data-eae-slider=\"21203\" data-id=\"1c68ab\" data-element_type=\"section\" data-e-type=\"section\">\n\t\t\t\t\t\t<div class=\"elementor-container elementor-column-gap-default\">\n\t\t\t\t\t<div class=\"has_eae_slider elementor-column elementor-col-100 elementor-top-column elementor-element elementor-element-30f80936\" data-eae-slider=\"39389\" data-id=\"30f80936\" data-element_type=\"column\" data-e-type=\"column\">\n\t\t\t<div class=\"elementor-widget-wrap elementor-element-populated\">\n\t\t\t\t\t\t<div class=\"elementor-element elementor-element-222a50f2 elementor-align-left elementor-widget elementor-widget-breadcrumbs\" data-id=\"222a50f2\" data-element_type=\"widget\" data-e-type=\"widget\" data-widget_type=\"breadcrumbs.default\">\n\t\t\t\t<div class=\"elementor-widget-container\">\n\t\t\t\t\t<p id=\"breadcrumbs\"><\/p>\t\t\t\t<\/div>\n\t\t\t\t<\/div>\n\t\t\t\t<div class=\"elementor-element elementor-element-5070b97d elementor-widget elementor-widget-post-info\" data-id=\"5070b97d\" data-element_type=\"widget\" data-e-type=\"widget\" data-widget_type=\"post-info.default\">\n\t\t\t\t<div class=\"elementor-widget-container\">\n\t\t\t\t\t\t\t<ul class=\"elementor-inline-items elementor-icon-list-items elementor-post-info\">\n\t\t\t\t\t\t\t\t<li class=\"elementor-icon-list-item elementor-repeater-item-e123f75 elementor-inline-item\">\n\t\t\t\t\t\t\t\t\t\t\t\t\t<span class=\"elementor-icon-list-text elementor-post-info__item elementor-post-info__item--type-custom\">\n\t\t\t\t\t\t\t\t\t\tCobre\t\t\t\t\t<\/span>\n\t\t\t\t\t\t\t\t<\/li>\n\t\t\t\t<\/ul>\n\t\t\t\t\t\t<\/div>\n\t\t\t\t<\/div>\n\t\t\t\t\t<\/div>\n\t\t<\/div>\n\t\t\t\t\t<\/div>\n\t\t<\/section>\n\t\t\t\t<section class=\"has_eae_slider elementor-section elementor-top-section elementor-element elementor-element-26050721 elementor-section-boxed elementor-section-height-default elementor-section-height-default\" data-eae-slider=\"53328\" data-id=\"26050721\" data-element_type=\"section\" data-e-type=\"section\">\n\t\t\t\t\t\t<div class=\"elementor-container elementor-column-gap-default\">\n\t\t\t\t\t<div class=\"has_eae_slider elementor-column elementor-col-100 elementor-top-column elementor-element elementor-element-35224c30\" data-eae-slider=\"7940\" data-id=\"35224c30\" data-element_type=\"column\" data-e-type=\"column\">\n\t\t\t<div class=\"elementor-widget-wrap elementor-element-populated\">\n\t\t\t\t\t\t<div class=\"elementor-element elementor-element-8ee75b5 elementor-tabs-view-vertical elementor-widget elementor-widget-tabs\" data-id=\"8ee75b5\" data-element_type=\"widget\" data-e-type=\"widget\" data-widget_type=\"tabs.default\">\n\t\t\t\t<div class=\"elementor-widget-container\">\n\t\t\t\t\t\t\t<div class=\"elementor-tabs\">\n\t\t\t<div class=\"elementor-tabs-wrapper\" role=\"tablist\" >\n\t\t\t\t\t\t\t\t\t<div id=\"elementor-tab-title-1491\" class=\"elementor-tab-title elementor-tab-desktop-title\" aria-selected=\"true\" data-tab=\"1\" role=\"tab\" tabindex=\"0\" aria-controls=\"elementor-tab-content-1491\" aria-expanded=\"false\">FLOTACI\u00d3N<\/div>\n\t\t\t\t\t\t\t\t\t<div id=\"elementor-tab-title-1492\" class=\"elementor-tab-title elementor-tab-desktop-title\" aria-selected=\"false\" data-tab=\"2\" role=\"tab\" tabindex=\"-1\" aria-controls=\"elementor-tab-content-1492\" aria-expanded=\"false\">LIXIVIACI\u00d3N - ENAMI<\/div>\n\t\t\t\t\t\t\t\t\t<div id=\"elementor-tab-title-1493\" class=\"elementor-tab-title elementor-tab-desktop-title\" aria-selected=\"false\" data-tab=\"3\" role=\"tab\" tabindex=\"-1\" aria-controls=\"elementor-tab-content-1493\" aria-expanded=\"false\">LIXIVIACI\u00d3N - PLANTA<\/div>\n\t\t\t\t\t\t\t\t\t<div id=\"elementor-tab-title-1494\" class=\"elementor-tab-title elementor-tab-desktop-title\" aria-selected=\"false\" data-tab=\"4\" role=\"tab\" tabindex=\"-1\" aria-controls=\"elementor-tab-content-1494\" aria-expanded=\"false\">FUNDICI\u00d3N DIRECTA<\/div>\n\t\t\t\t\t\t\t\t\t<div id=\"elementor-tab-title-1495\" class=\"elementor-tab-title elementor-tab-desktop-title\" aria-selected=\"false\" data-tab=\"5\" role=\"tab\" tabindex=\"-1\" aria-controls=\"elementor-tab-content-1495\" aria-expanded=\"false\">CONCENTRADOS<\/div>\n\t\t\t\t\t\t\t\t\t<div id=\"elementor-tab-title-1496\" class=\"elementor-tab-title elementor-tab-desktop-title\" aria-selected=\"false\" data-tab=\"6\" role=\"tab\" tabindex=\"-1\" aria-controls=\"elementor-tab-content-1496\" aria-expanded=\"false\">PRECIPITADOS<\/div>\n\t\t\t\t\t\t\t<\/div>\n\t\t\t<div class=\"elementor-tabs-content-wrapper\" role=\"tablist\" aria-orientation=\"vertical\">\n\t\t\t\t\t\t\t\t\t<div class=\"elementor-tab-title elementor-tab-mobile-title\" aria-selected=\"true\" data-tab=\"1\" role=\"tab\" tabindex=\"0\" aria-controls=\"elementor-tab-content-1491\" aria-expanded=\"false\">FLOTACI\u00d3N<\/div>\n\t\t\t\t\t<div id=\"elementor-tab-content-1491\" class=\"elementor-tab-content elementor-clearfix\" data-tab=\"1\" role=\"tabpanel\" aria-labelledby=\"elementor-tab-title-1491\" tabindex=\"0\" hidden=\"false\"><iframe id=\"plg_iframe\" src=\"https:\/\/www.sonami.cl\/v2\/templates\/sonami\/php\/calculo\/pm_calculo_min_cobre_flot.php\" name=\"plg_iframe\" width=\"100%\" height=\"440\" frameborder=\"0\" marginwidth=\"0\" marginheight=\"0\" scrolling=\"no\" align=\"bottom\"><\/iframe><\/div>\n\t\t\t\t\t\t\t\t\t<div class=\"elementor-tab-title elementor-tab-mobile-title\" aria-selected=\"false\" data-tab=\"2\" role=\"tab\" tabindex=\"-1\" aria-controls=\"elementor-tab-content-1492\" aria-expanded=\"false\">LIXIVIACI\u00d3N - ENAMI<\/div>\n\t\t\t\t\t<div id=\"elementor-tab-content-1492\" class=\"elementor-tab-content elementor-clearfix\" data-tab=\"2\" role=\"tabpanel\" aria-labelledby=\"elementor-tab-title-1492\" tabindex=\"0\" hidden=\"hidden\"><iframe id=\"plg_iframe\" src=\"https:\/\/www.sonami.cl\/v2\/templates\/sonami\/php\/calculo\/pm_calculo_min_cobre_lixi_enami.php\" name=\"plg_iframe\" width=\"100%\" height=\"440\" frameborder=\"0\" marginwidth=\"0\" marginheight=\"0\" scrolling=\"no\" align=\"bottom\"><\/iframe><\/div>\n\t\t\t\t\t\t\t\t\t<div class=\"elementor-tab-title elementor-tab-mobile-title\" aria-selected=\"false\" data-tab=\"3\" role=\"tab\" tabindex=\"-1\" aria-controls=\"elementor-tab-content-1493\" aria-expanded=\"false\">LIXIVIACI\u00d3N - PLANTA<\/div>\n\t\t\t\t\t<div id=\"elementor-tab-content-1493\" class=\"elementor-tab-content elementor-clearfix\" data-tab=\"3\" role=\"tabpanel\" aria-labelledby=\"elementor-tab-title-1493\" tabindex=\"0\" hidden=\"hidden\"><iframe id=\"plg_iframe\" src=\"https:\/\/www.sonami.cl\/v2\/templates\/sonami\/php\/calculo\/pm_calculo_min_cobre_lixi_planta.php\" name=\"plg_iframe\" width=\"100%\" height=\"440\" frameborder=\"0\" marginwidth=\"0\" marginheight=\"0\" scrolling=\"no\" align=\"bottom\"><\/iframe><\/div>\n\t\t\t\t\t\t\t\t\t<div class=\"elementor-tab-title elementor-tab-mobile-title\" aria-selected=\"false\" data-tab=\"4\" role=\"tab\" tabindex=\"-1\" aria-controls=\"elementor-tab-content-1494\" aria-expanded=\"false\">FUNDICI\u00d3N DIRECTA<\/div>\n\t\t\t\t\t<div id=\"elementor-tab-content-1494\" class=\"elementor-tab-content elementor-clearfix\" data-tab=\"4\" role=\"tabpanel\" aria-labelledby=\"elementor-tab-title-1494\" tabindex=\"0\" hidden=\"hidden\"><iframe id=\"plg_iframe\" src=\"https:\/\/www.sonami.cl\/v2\/templates\/sonami\/php\/calculo\/pm_calculo_min_fundicion.php\" name=\"plg_iframe\" width=\"100%\" height=\"440\" frameborder=\"0\" marginwidth=\"0\" marginheight=\"0\" scrolling=\"no\" align=\"bottom\"><\/iframe><\/div>\n\t\t\t\t\t\t\t\t\t<div class=\"elementor-tab-title elementor-tab-mobile-title\" aria-selected=\"false\" data-tab=\"5\" role=\"tab\" tabindex=\"-1\" aria-controls=\"elementor-tab-content-1495\" aria-expanded=\"false\">CONCENTRADOS<\/div>\n\t\t\t\t\t<div id=\"elementor-tab-content-1495\" class=\"elementor-tab-content elementor-clearfix\" data-tab=\"5\" role=\"tabpanel\" aria-labelledby=\"elementor-tab-title-1495\" tabindex=\"0\" hidden=\"hidden\"><iframe id=\"plg_iframe\" src=\"https:\/\/www.sonami.cl\/v2\/templates\/sonami\/php\/calculo\/pm_calculo_conc_cobre.php\" name=\"plg_iframe\" width=\"100%\" height=\"440\" frameborder=\"0\" marginwidth=\"0\" marginheight=\"0\" scrolling=\"no\" align=\"bottom\"><\/iframe><\/div>\n\t\t\t\t\t\t\t\t\t<div class=\"elementor-tab-title elementor-tab-mobile-title\" aria-selected=\"false\" data-tab=\"6\" role=\"tab\" tabindex=\"-1\" aria-controls=\"elementor-tab-content-1496\" aria-expanded=\"false\">PRECIPITADOS<\/div>\n\t\t\t\t\t<div id=\"elementor-tab-content-1496\" class=\"elementor-tab-content elementor-clearfix\" data-tab=\"6\" role=\"tabpanel\" aria-labelledby=\"elementor-tab-title-1496\" tabindex=\"0\" hidden=\"hidden\"><p><iframe id=\"plg_iframe\" src=\"https:\/\/www.sonami.cl\/v2\/templates\/sonami\/php\/calculo\/pm_calculo_precip.php\" name=\"plg_iframe\" width=\"100%\" height=\"440\" frameborder=\"0\" marginwidth=\"0\" marginheight=\"0\" scrolling=\"no\" align=\"bottom\"><\/iframe><\/p><\/div>\n\t\t\t\t\t\t\t<\/div>\n\t\t<\/div>\n\t\t\t\t\t\t<\/div>\n\t\t\t\t<\/div>\n\t\t\t\t\t<\/div>\n\t\t<\/div>\n\t\t\t\t\t<\/div>\n\t\t<\/section>\n\t\t\t\t<\/div>\n\t\t","protected":false},"excerpt":{"rendered":"<p>C\u00c1LCULO DE TARIFAS FLOTACI\u00d3N LIXIVIACI\u00d3N &#8211; ENAMI LIXIVIACI\u00d3N &#8211; PLANTA FUNDICI\u00d3N DIRECTA CONCENTRADOS PRECIPITADOS FLOTACI\u00d3N LIXIVIACI\u00d3N &#8211; ENAMI LIXIVIACI\u00d3N &#8211; PLANTA FUNDICI\u00d3N DIRECTA CONCENTRADOS PRECIPITADOS<\/p>\n","protected":false},"author":1,"featured_media":9229,"parent":1299,"menu_order":0,"comment_status":"closed","ping_status":"closed","template":"elementor_header_footer","meta":{"_acf_changed":false,"footnotes":"","_links_to":"","_links_to_target":""},"categories":[69],"tags":[],"class_list":["post-3019","page","type-page","status-publish","has-post-thumbnail","hentry","category-calculo-tarifas"],"acf":[],"yoast_head":"<!-- This site is optimized with the Yoast SEO plugin v27.4 - https:\/\/yoast.com\/product\/yoast-seo-wordpress\/ -->\n<title>Cobre - SONAMI :: Sociedad Nacional de Miner\u00eda - Chile<\/title>\n<meta name=\"robots\" content=\"index, follow, max-snippet:-1, max-image-preview:large, max-video-preview:-1\" \/>\n<link rel=\"canonical\" href=\"https:\/\/www.sonami.cl\/v2\/informacion-de-la-mineria\/calculo-de-tarifas\/calculo-cobre\/\" \/>\n<meta property=\"og:locale\" content=\"es_ES\" \/>\n<meta property=\"og:type\" content=\"article\" \/>\n<meta property=\"og:title\" content=\"Cobre - SONAMI :: Sociedad Nacional de Miner\u00eda - Chile\" \/>\n<meta property=\"og:description\" content=\"C\u00c1LCULO DE TARIFAS FLOTACI\u00d3N LIXIVIACI\u00d3N &#8211; ENAMI LIXIVIACI\u00d3N &#8211; PLANTA FUNDICI\u00d3N DIRECTA CONCENTRADOS PRECIPITADOS FLOTACI\u00d3N LIXIVIACI\u00d3N &#8211; ENAMI LIXIVIACI\u00d3N &#8211; PLANTA FUNDICI\u00d3N DIRECTA CONCENTRADOS PRECIPITADOS\" \/>\n<meta property=\"og:url\" content=\"https:\/\/www.sonami.cl\/v2\/informacion-de-la-mineria\/calculo-de-tarifas\/calculo-cobre\/\" \/>\n<meta property=\"og:site_name\" content=\"SONAMI :: Sociedad Nacional de Miner\u00eda - Chile\" \/>\n<meta property=\"article:publisher\" content=\"https:\/\/www.facebook.com\/SonamiChile\/\" \/>\n<meta property=\"article:modified_time\" content=\"2019-07-26T14:21:19+00:00\" \/>\n<meta property=\"og:image\" content=\"https:\/\/www.sonami.cl\/v2\/wp-content\/uploads\/2018\/10\/cobre-stock.jpg\" \/>\n\t<meta property=\"og:image:width\" content=\"1200\" \/>\n\t<meta property=\"og:image:height\" content=\"675\" \/>\n\t<meta property=\"og:image:type\" content=\"image\/jpeg\" \/>\n<meta name=\"twitter:card\" content=\"summary_large_image\" \/>\n<meta name=\"twitter:site\" content=\"@Sonami_Chile\" \/>\n<script type=\"application\/ld+json\" class=\"yoast-schema-graph\">{\"@context\":\"https:\\\/\\\/schema.org\",\"@graph\":[{\"@type\":\"WebPage\",\"@id\":\"https:\\\/\\\/www.sonami.cl\\\/v2\\\/informacion-de-la-mineria\\\/calculo-de-tarifas\\\/calculo-cobre\\\/\",\"url\":\"https:\\\/\\\/www.sonami.cl\\\/v2\\\/informacion-de-la-mineria\\\/calculo-de-tarifas\\\/calculo-cobre\\\/\",\"name\":\"Cobre - SONAMI :: Sociedad Nacional de Miner\u00eda - Chile\",\"isPartOf\":{\"@id\":\"https:\\\/\\\/www.sonami.cl\\\/v2\\\/#website\"},\"primaryImageOfPage\":{\"@id\":\"https:\\\/\\\/www.sonami.cl\\\/v2\\\/informacion-de-la-mineria\\\/calculo-de-tarifas\\\/calculo-cobre\\\/#primaryimage\"},\"image\":{\"@id\":\"https:\\\/\\\/www.sonami.cl\\\/v2\\\/informacion-de-la-mineria\\\/calculo-de-tarifas\\\/calculo-cobre\\\/#primaryimage\"},\"thumbnailUrl\":\"https:\\\/\\\/www.sonami.cl\\\/v2\\\/wp-content\\\/uploads\\\/2018\\\/10\\\/cobre-stock.jpg\",\"datePublished\":\"2016-03-24T15:40:29+00:00\",\"dateModified\":\"2019-07-26T14:21:19+00:00\",\"breadcrumb\":{\"@id\":\"https:\\\/\\\/www.sonami.cl\\\/v2\\\/informacion-de-la-mineria\\\/calculo-de-tarifas\\\/calculo-cobre\\\/#breadcrumb\"},\"inLanguage\":\"es\",\"potentialAction\":[{\"@type\":\"ReadAction\",\"target\":[\"https:\\\/\\\/www.sonami.cl\\\/v2\\\/informacion-de-la-mineria\\\/calculo-de-tarifas\\\/calculo-cobre\\\/\"]}]},{\"@type\":\"ImageObject\",\"inLanguage\":\"es\",\"@id\":\"https:\\\/\\\/www.sonami.cl\\\/v2\\\/informacion-de-la-mineria\\\/calculo-de-tarifas\\\/calculo-cobre\\\/#primaryimage\",\"url\":\"https:\\\/\\\/www.sonami.cl\\\/v2\\\/wp-content\\\/uploads\\\/2018\\\/10\\\/cobre-stock.jpg\",\"contentUrl\":\"https:\\\/\\\/www.sonami.cl\\\/v2\\\/wp-content\\\/uploads\\\/2018\\\/10\\\/cobre-stock.jpg\",\"width\":1200,\"height\":675},{\"@type\":\"BreadcrumbList\",\"@id\":\"https:\\\/\\\/www.sonami.cl\\\/v2\\\/informacion-de-la-mineria\\\/calculo-de-tarifas\\\/calculo-cobre\\\/#breadcrumb\",\"itemListElement\":[{\"@type\":\"ListItem\",\"position\":1,\"name\":\"INFORMACI\u00d3N DE LA MINER\u00cdA\",\"item\":\"https:\\\/\\\/www.sonami.cl\\\/v2\\\/informacion-de-la-mineria\\\/\"},{\"@type\":\"ListItem\",\"position\":2,\"name\":\"C\u00e1lculo de Tarifas\",\"item\":\"https:\\\/\\\/www.sonami.cl\\\/v2\\\/informacion-de-la-mineria\\\/\"},{\"@type\":\"ListItem\",\"position\":3,\"name\":\"Cobre\"}]},{\"@type\":\"WebSite\",\"@id\":\"https:\\\/\\\/www.sonami.cl\\\/v2\\\/#website\",\"url\":\"https:\\\/\\\/www.sonami.cl\\\/v2\\\/\",\"name\":\"SONAMI :: Sociedad Nacional de Miner\u00eda - Chile\",\"description\":\"Sociedad Nacional de Mineria de Chile, dedicada al estudio de la miner\u00eda en Chile y latinoamericana, contempla la entrega semanal, mensual, anual de estad\u00edsticas en el medio minero de Chile\",\"publisher\":{\"@id\":\"https:\\\/\\\/www.sonami.cl\\\/v2\\\/#organization\"},\"potentialAction\":[{\"@type\":\"SearchAction\",\"target\":{\"@type\":\"EntryPoint\",\"urlTemplate\":\"https:\\\/\\\/www.sonami.cl\\\/v2\\\/?s={search_term_string}\"},\"query-input\":{\"@type\":\"PropertyValueSpecification\",\"valueRequired\":true,\"valueName\":\"search_term_string\"}}],\"inLanguage\":\"es\"},{\"@type\":\"Organization\",\"@id\":\"https:\\\/\\\/www.sonami.cl\\\/v2\\\/#organization\",\"name\":\"SONAMI :: Sociedad Nacional de Miner\u00eda - Chile\",\"url\":\"https:\\\/\\\/www.sonami.cl\\\/v2\\\/\",\"logo\":{\"@type\":\"ImageObject\",\"inLanguage\":\"es\",\"@id\":\"https:\\\/\\\/www.sonami.cl\\\/v2\\\/#\\\/schema\\\/logo\\\/image\\\/\",\"url\":\"https:\\\/\\\/www.sonami.cl\\\/v2\\\/wp-content\\\/uploads\\\/2021\\\/07\\\/logo-v2.jpg\",\"contentUrl\":\"https:\\\/\\\/www.sonami.cl\\\/v2\\\/wp-content\\\/uploads\\\/2021\\\/07\\\/logo-v2.jpg\",\"width\":160,\"height\":170,\"caption\":\"SONAMI :: Sociedad Nacional de Miner\u00eda - Chile\"},\"image\":{\"@id\":\"https:\\\/\\\/www.sonami.cl\\\/v2\\\/#\\\/schema\\\/logo\\\/image\\\/\"},\"sameAs\":[\"https:\\\/\\\/www.facebook.com\\\/SonamiChile\\\/\",\"https:\\\/\\\/x.com\\\/Sonami_Chile\",\"https:\\\/\\\/www.youtube.com\\\/user\\\/SonamiChile\"]}]}<\/script>\n<!-- \/ Yoast SEO plugin. -->","yoast_head_json":{"title":"Cobre - SONAMI :: Sociedad Nacional de Miner\u00eda - Chile","robots":{"index":"index","follow":"follow","max-snippet":"max-snippet:-1","max-image-preview":"max-image-preview:large","max-video-preview":"max-video-preview:-1"},"canonical":"https:\/\/www.sonami.cl\/v2\/informacion-de-la-mineria\/calculo-de-tarifas\/calculo-cobre\/","og_locale":"es_ES","og_type":"article","og_title":"Cobre - SONAMI :: Sociedad Nacional de Miner\u00eda - Chile","og_description":"C\u00c1LCULO DE TARIFAS FLOTACI\u00d3N LIXIVIACI\u00d3N &#8211; ENAMI LIXIVIACI\u00d3N &#8211; PLANTA FUNDICI\u00d3N DIRECTA CONCENTRADOS PRECIPITADOS FLOTACI\u00d3N LIXIVIACI\u00d3N &#8211; ENAMI LIXIVIACI\u00d3N &#8211; PLANTA FUNDICI\u00d3N DIRECTA CONCENTRADOS PRECIPITADOS","og_url":"https:\/\/www.sonami.cl\/v2\/informacion-de-la-mineria\/calculo-de-tarifas\/calculo-cobre\/","og_site_name":"SONAMI :: Sociedad Nacional de Miner\u00eda - Chile","article_publisher":"https:\/\/www.facebook.com\/SonamiChile\/","article_modified_time":"2019-07-26T14:21:19+00:00","og_image":[{"width":1200,"height":675,"url":"https:\/\/www.sonami.cl\/v2\/wp-content\/uploads\/2018\/10\/cobre-stock.jpg","type":"image\/jpeg"}],"twitter_card":"summary_large_image","twitter_site":"@Sonami_Chile","schema":{"@context":"https:\/\/schema.org","@graph":[{"@type":"WebPage","@id":"https:\/\/www.sonami.cl\/v2\/informacion-de-la-mineria\/calculo-de-tarifas\/calculo-cobre\/","url":"https:\/\/www.sonami.cl\/v2\/informacion-de-la-mineria\/calculo-de-tarifas\/calculo-cobre\/","name":"Cobre - SONAMI :: Sociedad Nacional de Miner\u00eda - Chile","isPartOf":{"@id":"https:\/\/www.sonami.cl\/v2\/#website"},"primaryImageOfPage":{"@id":"https:\/\/www.sonami.cl\/v2\/informacion-de-la-mineria\/calculo-de-tarifas\/calculo-cobre\/#primaryimage"},"image":{"@id":"https:\/\/www.sonami.cl\/v2\/informacion-de-la-mineria\/calculo-de-tarifas\/calculo-cobre\/#primaryimage"},"thumbnailUrl":"https:\/\/www.sonami.cl\/v2\/wp-content\/uploads\/2018\/10\/cobre-stock.jpg","datePublished":"2016-03-24T15:40:29+00:00","dateModified":"2019-07-26T14:21:19+00:00","breadcrumb":{"@id":"https:\/\/www.sonami.cl\/v2\/informacion-de-la-mineria\/calculo-de-tarifas\/calculo-cobre\/#breadcrumb"},"inLanguage":"es","potentialAction":[{"@type":"ReadAction","target":["https:\/\/www.sonami.cl\/v2\/informacion-de-la-mineria\/calculo-de-tarifas\/calculo-cobre\/"]}]},{"@type":"ImageObject","inLanguage":"es","@id":"https:\/\/www.sonami.cl\/v2\/informacion-de-la-mineria\/calculo-de-tarifas\/calculo-cobre\/#primaryimage","url":"https:\/\/www.sonami.cl\/v2\/wp-content\/uploads\/2018\/10\/cobre-stock.jpg","contentUrl":"https:\/\/www.sonami.cl\/v2\/wp-content\/uploads\/2018\/10\/cobre-stock.jpg","width":1200,"height":675},{"@type":"BreadcrumbList","@id":"https:\/\/www.sonami.cl\/v2\/informacion-de-la-mineria\/calculo-de-tarifas\/calculo-cobre\/#breadcrumb","itemListElement":[{"@type":"ListItem","position":1,"name":"INFORMACI\u00d3N DE LA MINER\u00cdA","item":"https:\/\/www.sonami.cl\/v2\/informacion-de-la-mineria\/"},{"@type":"ListItem","position":2,"name":"C\u00e1lculo de Tarifas","item":"https:\/\/www.sonami.cl\/v2\/informacion-de-la-mineria\/"},{"@type":"ListItem","position":3,"name":"Cobre"}]},{"@type":"WebSite","@id":"https:\/\/www.sonami.cl\/v2\/#website","url":"https:\/\/www.sonami.cl\/v2\/","name":"SONAMI :: Sociedad Nacional de Miner\u00eda - Chile","description":"Sociedad Nacional de Mineria de Chile, dedicada al estudio de la miner\u00eda en Chile y latinoamericana, contempla la entrega semanal, mensual, anual de estad\u00edsticas en el medio minero de Chile","publisher":{"@id":"https:\/\/www.sonami.cl\/v2\/#organization"},"potentialAction":[{"@type":"SearchAction","target":{"@type":"EntryPoint","urlTemplate":"https:\/\/www.sonami.cl\/v2\/?s={search_term_string}"},"query-input":{"@type":"PropertyValueSpecification","valueRequired":true,"valueName":"search_term_string"}}],"inLanguage":"es"},{"@type":"Organization","@id":"https:\/\/www.sonami.cl\/v2\/#organization","name":"SONAMI :: Sociedad Nacional de Miner\u00eda - Chile","url":"https:\/\/www.sonami.cl\/v2\/","logo":{"@type":"ImageObject","inLanguage":"es","@id":"https:\/\/www.sonami.cl\/v2\/#\/schema\/logo\/image\/","url":"https:\/\/www.sonami.cl\/v2\/wp-content\/uploads\/2021\/07\/logo-v2.jpg","contentUrl":"https:\/\/www.sonami.cl\/v2\/wp-content\/uploads\/2021\/07\/logo-v2.jpg","width":160,"height":170,"caption":"SONAMI :: Sociedad Nacional de Miner\u00eda - Chile"},"image":{"@id":"https:\/\/www.sonami.cl\/v2\/#\/schema\/logo\/image\/"},"sameAs":["https:\/\/www.facebook.com\/SonamiChile\/","https:\/\/x.com\/Sonami_Chile","https:\/\/www.youtube.com\/user\/SonamiChile"]}]}},"publishpress_future_workflow_manual_trigger":{"enabledWorkflows":[]},"_links":{"self":[{"href":"https:\/\/www.sonami.cl\/v2\/wp-json\/wp\/v2\/pages\/3019","targetHints":{"allow":["GET"]}}],"collection":[{"href":"https:\/\/www.sonami.cl\/v2\/wp-json\/wp\/v2\/pages"}],"about":[{"href":"https:\/\/www.sonami.cl\/v2\/wp-json\/wp\/v2\/types\/page"}],"author":[{"embeddable":true,"href":"https:\/\/www.sonami.cl\/v2\/wp-json\/wp\/v2\/users\/1"}],"replies":[{"embeddable":true,"href":"https:\/\/www.sonami.cl\/v2\/wp-json\/wp\/v2\/comments?post=3019"}],"version-history":[{"count":0,"href":"https:\/\/www.sonami.cl\/v2\/wp-json\/wp\/v2\/pages\/3019\/revisions"}],"up":[{"embeddable":true,"href":"https:\/\/www.sonami.cl\/v2\/wp-json\/wp\/v2\/pages\/1299"}],"wp:featuredmedia":[{"embeddable":true,"href":"https:\/\/www.sonami.cl\/v2\/wp-json\/wp\/v2\/media\/9229"}],"wp:attachment":[{"href":"https:\/\/www.sonami.cl\/v2\/wp-json\/wp\/v2\/media?parent=3019"}],"wp:term":[{"taxonomy":"category","embeddable":true,"href":"https:\/\/www.sonami.cl\/v2\/wp-json\/wp\/v2\/categories?post=3019"},{"taxonomy":"post_tag","embeddable":true,"href":"https:\/\/www.sonami.cl\/v2\/wp-json\/wp\/v2\/tags?post=3019"}],"curies":[{"name":"wp","href":"https:\/\/api.w.org\/{rel}","templated":true}]}}