{"id":19750,"date":"2021-12-09T12:19:47","date_gmt":"2021-12-09T16:19:47","guid":{"rendered":"https:\/\/www.sonami.cl\/v2\/?page_id=19750"},"modified":"2024-06-27T06:25:59","modified_gmt":"2024-06-27T10:25:59","slug":"industria-del-cobre","status":"publish","type":"page","link":"https:\/\/www.sonami.cl\/v2\/procobre\/el-cobre\/industria-del-cobre\/","title":{"rendered":"INDUSTRIA DEL COBRE"},"content":{"rendered":"\t\t<div data-elementor-type=\"wp-page\" data-elementor-id=\"19750\" class=\"elementor elementor-19750\" data-elementor-post-type=\"page\">\n\t\t\t\t\t\t<section class=\"has_eae_slider elementor-section elementor-top-section elementor-element elementor-element-418e048 elementor-section-boxed elementor-section-height-default elementor-section-height-default\" data-eae-slider=\"45415\" data-id=\"418e048\" data-element_type=\"section\" data-e-type=\"section\" data-settings=\"{&quot;background_background&quot;:&quot;classic&quot;}\">\n\t\t\t\t\t\t\t<div class=\"elementor-background-overlay\"><\/div>\n\t\t\t\t\t\t\t<div class=\"elementor-container elementor-column-gap-default\">\n\t\t\t\t\t<div class=\"has_eae_slider elementor-column elementor-col-100 elementor-top-column elementor-element elementor-element-f9fba86\" data-eae-slider=\"20190\" data-id=\"f9fba86\" data-element_type=\"column\" data-e-type=\"column\">\n\t\t\t<div class=\"elementor-widget-wrap\">\n\t\t\t\t\t\t\t<\/div>\n\t\t<\/div>\n\t\t\t\t\t<\/div>\n\t\t<\/section>\n\t\t\t\t<section class=\"has_eae_slider elementor-section elementor-top-section elementor-element elementor-element-ae4aa4d elementor-section-full_width elementor-section-stretched elementor-section-height-default elementor-section-height-default\" data-eae-slider=\"60655\" data-id=\"ae4aa4d\" data-element_type=\"section\" data-e-type=\"section\" data-settings=\"{&quot;background_background&quot;:&quot;classic&quot;,&quot;sticky&quot;:&quot;top&quot;,&quot;sticky_offset&quot;:50,&quot;sticky_effects_offset&quot;:25,&quot;sticky_on&quot;:[&quot;desktop&quot;],&quot;stretch_section&quot;:&quot;section-stretched&quot;,&quot;sticky_anchor_link_offset&quot;:0}\">\n\t\t\t\t\t\t<div class=\"elementor-container elementor-column-gap-default\">\n\t\t\t\t\t<div class=\"has_eae_slider elementor-column elementor-col-100 elementor-top-column elementor-element elementor-element-eed0c37\" data-eae-slider=\"58937\" data-id=\"eed0c37\" data-element_type=\"column\" data-e-type=\"column\">\n\t\t\t<div class=\"elementor-widget-wrap elementor-element-populated\">\n\t\t\t\t\t\t<div class=\"elementor-element elementor-element-d4d4f32 elementor-widget elementor-widget-heading\" data-id=\"d4d4f32\" data-element_type=\"widget\" data-e-type=\"widget\" data-widget_type=\"heading.default\">\n\t\t\t\t<div class=\"elementor-widget-container\">\n\t\t\t\t\t<h2 class=\"elementor-heading-title elementor-size-default\">INDUSTRIA DEL COBRE<\/h2>\t\t\t\t<\/div>\n\t\t\t\t<\/div>\n\t\t\t\t\t<\/div>\n\t\t<\/div>\n\t\t\t\t\t<\/div>\n\t\t<\/section>\n\t\t\t\t<section class=\"has_eae_slider elementor-section elementor-top-section elementor-element elementor-element-7fc591b elementor-section-boxed elementor-section-height-default elementor-section-height-default\" data-eae-slider=\"9628\" data-id=\"7fc591b\" data-element_type=\"section\" data-e-type=\"section\">\n\t\t\t\t\t\t<div class=\"elementor-container elementor-column-gap-default\">\n\t\t\t\t\t<div class=\"has_eae_slider elementor-column elementor-col-50 elementor-top-column elementor-element elementor-element-354eb8e\" data-eae-slider=\"42016\" data-id=\"354eb8e\" data-element_type=\"column\" data-e-type=\"column\">\n\t\t\t<div class=\"elementor-widget-wrap elementor-element-populated\">\n\t\t\t\t\t\t<div class=\"elementor-element elementor-element-71fc007 elementor-nav-menu__align-start elementor-nav-menu--stretch elementor-hidden-phone elementor-hidden-tablet elementor-nav-menu--dropdown-tablet elementor-nav-menu__text-align-aside elementor-nav-menu--toggle elementor-nav-menu--burger elementor-widget elementor-widget-nav-menu\" data-id=\"71fc007\" data-element_type=\"widget\" data-e-type=\"widget\" data-settings=\"{&quot;full_width&quot;:&quot;stretch&quot;,&quot;layout&quot;:&quot;vertical&quot;,&quot;submenu_icon&quot;:{&quot;value&quot;:&quot;&lt;i class=\\&quot;fas fa-caret-down\\&quot; aria-hidden=\\&quot;true\\&quot;&gt;&lt;\\\/i&gt;&quot;,&quot;library&quot;:&quot;fa-solid&quot;},&quot;toggle&quot;:&quot;burger&quot;}\" data-widget_type=\"nav-menu.default\">\n\t\t\t\t<div class=\"elementor-widget-container\">\n\t\t\t\t\t\t\t\t<nav aria-label=\"Men\u00fa\" class=\"elementor-nav-menu--main elementor-nav-menu__container elementor-nav-menu--layout-vertical e--pointer-underline e--animation-fade\">\n\t\t\t\t<ul id=\"menu-1-71fc007\" class=\"elementor-nav-menu sm-vertical\"><li class=\"menu-item menu-item-type-post_type menu-item-object-page menu-item-19700\"><a href=\"https:\/\/www.sonami.cl\/v2\/procobre\/el-cobre\/stocks-y-fujos\/\" class=\"elementor-item\">Stocks y Fujos<\/a><\/li>\n<li class=\"menu-item menu-item-type-post_type menu-item-object-page menu-item-19749\"><a href=\"https:\/\/www.sonami.cl\/v2\/procobre\/el-cobre\/disponibilidad-a-largo-plazo\/\" class=\"elementor-item\">DISPONIBILIDAD A LARGO PLAZO<\/a><\/li>\n<li class=\"menu-item menu-item-type-post_type menu-item-object-page menu-item-19748\"><a href=\"https:\/\/www.sonami.cl\/v2\/procobre\/el-cobre\/sobre-el-cobre\/\" class=\"elementor-item\">SOBRE EL COBRE<\/a><\/li>\n<li class=\"menu-item menu-item-type-post_type menu-item-object-page menu-item-19747\"><a href=\"https:\/\/www.sonami.cl\/v2\/procobre\/el-cobre\/aleaciones-de-cobre\/\" class=\"elementor-item\">ALEACIONES DE COBRE<\/a><\/li>\n<li class=\"menu-item menu-item-type-post_type menu-item-object-page menu-item-19767\"><a href=\"https:\/\/www.sonami.cl\/v2\/procobre\/el-cobre\/industria-del-cobre\/\" class=\"elementor-item\">INDUSTRIA DEL COBRE<\/a><\/li>\n<li class=\"menu-item menu-item-type-post_type menu-item-object-page menu-item-19766\"><a href=\"https:\/\/www.sonami.cl\/v2\/procobre\/el-cobre\/atributos-del-cobre\/\" class=\"elementor-item\">ATRIBUTOS DEL COBRE<\/a><\/li>\n<li class=\"menu-item menu-item-type-post_type menu-item-object-page menu-item-23833\"><a href=\"https:\/\/www.sonami.cl\/v2\/procobre\/el-cobre\/perfil-medioambiental-del-cobre\/\" class=\"elementor-item\">Perfil medioambiental del cobre<\/a><\/li>\n<li class=\"menu-item menu-item-type-post_type menu-item-object-page menu-item-28113\"><a href=\"https:\/\/www.sonami.cl\/v2\/procobre\/el-cobre\/ciclo-de-vida-del-cobre\/\" class=\"elementor-item\">Ciclo de vida del cobre<\/a><\/li>\n<\/ul>\t\t\t<\/nav>\n\t\t\t\t\t<div class=\"elementor-menu-toggle\" role=\"button\" tabindex=\"0\" aria-label=\"Alternar men\u00fa\" aria-expanded=\"false\">\n\t\t\t<i aria-hidden=\"true\" role=\"presentation\" class=\"elementor-menu-toggle__icon--open eicon-menu-bar\"><\/i><i aria-hidden=\"true\" role=\"presentation\" class=\"elementor-menu-toggle__icon--close eicon-close\"><\/i>\t\t<\/div>\n\t\t\t\t\t<nav class=\"elementor-nav-menu--dropdown elementor-nav-menu__container\" aria-hidden=\"true\">\n\t\t\t\t<ul id=\"menu-2-71fc007\" class=\"elementor-nav-menu sm-vertical\"><li class=\"menu-item menu-item-type-post_type menu-item-object-page menu-item-19700\"><a href=\"https:\/\/www.sonami.cl\/v2\/procobre\/el-cobre\/stocks-y-fujos\/\" class=\"elementor-item\" tabindex=\"-1\">Stocks y Fujos<\/a><\/li>\n<li class=\"menu-item menu-item-type-post_type menu-item-object-page menu-item-19749\"><a href=\"https:\/\/www.sonami.cl\/v2\/procobre\/el-cobre\/disponibilidad-a-largo-plazo\/\" class=\"elementor-item\" tabindex=\"-1\">DISPONIBILIDAD A LARGO PLAZO<\/a><\/li>\n<li class=\"menu-item menu-item-type-post_type menu-item-object-page menu-item-19748\"><a href=\"https:\/\/www.sonami.cl\/v2\/procobre\/el-cobre\/sobre-el-cobre\/\" class=\"elementor-item\" tabindex=\"-1\">SOBRE EL COBRE<\/a><\/li>\n<li class=\"menu-item menu-item-type-post_type menu-item-object-page menu-item-19747\"><a href=\"https:\/\/www.sonami.cl\/v2\/procobre\/el-cobre\/aleaciones-de-cobre\/\" class=\"elementor-item\" tabindex=\"-1\">ALEACIONES DE COBRE<\/a><\/li>\n<li class=\"menu-item menu-item-type-post_type menu-item-object-page menu-item-19767\"><a href=\"https:\/\/www.sonami.cl\/v2\/procobre\/el-cobre\/industria-del-cobre\/\" class=\"elementor-item\" tabindex=\"-1\">INDUSTRIA DEL COBRE<\/a><\/li>\n<li class=\"menu-item menu-item-type-post_type menu-item-object-page menu-item-19766\"><a href=\"https:\/\/www.sonami.cl\/v2\/procobre\/el-cobre\/atributos-del-cobre\/\" class=\"elementor-item\" tabindex=\"-1\">ATRIBUTOS DEL COBRE<\/a><\/li>\n<li class=\"menu-item menu-item-type-post_type menu-item-object-page menu-item-23833\"><a href=\"https:\/\/www.sonami.cl\/v2\/procobre\/el-cobre\/perfil-medioambiental-del-cobre\/\" class=\"elementor-item\" tabindex=\"-1\">Perfil medioambiental del cobre<\/a><\/li>\n<li class=\"menu-item menu-item-type-post_type menu-item-object-page menu-item-28113\"><a href=\"https:\/\/www.sonami.cl\/v2\/procobre\/el-cobre\/ciclo-de-vida-del-cobre\/\" class=\"elementor-item\" tabindex=\"-1\">Ciclo de vida del cobre<\/a><\/li>\n<\/ul>\t\t\t<\/nav>\n\t\t\t\t\t\t<\/div>\n\t\t\t\t<\/div>\n\t\t\t\t\t<\/div>\n\t\t<\/div>\n\t\t\t\t<div class=\"has_eae_slider elementor-column elementor-col-50 elementor-top-column elementor-element elementor-element-07d6f48\" data-eae-slider=\"2735\" data-id=\"07d6f48\" data-element_type=\"column\" data-e-type=\"column\">\n\t\t\t<div class=\"elementor-widget-wrap elementor-element-populated\">\n\t\t\t\t\t\t<div class=\"elementor-element elementor-element-45ae8a6 elementor-widget elementor-widget-image\" data-id=\"45ae8a6\" data-element_type=\"widget\" data-e-type=\"widget\" data-widget_type=\"image.default\">\n\t\t\t\t<div class=\"elementor-widget-container\">\n\t\t\t\t\t\t\t\t\t\t\t\t\t\t\t<img fetchpriority=\"high\" decoding=\"async\" width=\"525\" height=\"267\" src=\"https:\/\/www.sonami.cl\/v2\/wp-content\/uploads\/2024\/06\/motor-476403-1920-1-e1515440895486.jpg\" class=\"attachment-large size-large wp-image-37666\" alt=\"\" sizes=\"100vw\" \/>\t\t\t\t\t\t\t\t\t\t\t\t\t\t\t<\/div>\n\t\t\t\t<\/div>\n\t\t\t\t<div class=\"elementor-element elementor-element-7e13167 elementor-widget elementor-widget-text-editor\" data-id=\"7e13167\" data-element_type=\"widget\" data-e-type=\"widget\" data-widget_type=\"text-editor.default\">\n\t\t\t\t<div class=\"elementor-widget-container\">\n\t\t\t\t\t\t\t\t\t<p>La industria del cobre es un importante contribuyente a la econom\u00eda global. El cobre es m\u00e1s que solo un metal extra\u00eddo; proporciona trabajos y promueve un nivel m\u00e1s alto de vida. Una tonelada de cobre brinda funcionalidad en 40 veh\u00edculos, alimenta a 60,000 tel\u00e9fonos m\u00f3viles, permite operaciones en 400 computadoras y distribuye electricidad a 30 hogares.<\/p><p>La industria del cobre proporciona beneficios no tan solo a las compa\u00f1\u00edas que extraen cobre y fabrican productos a partir de \u00e9l, sino a todo aquellos que lo utilizan y se benefician de sus propiedades y aplicaciones. El cobre estimula el empleo en las econom\u00edas locales y regionales para una amplia gama de trabajos, desde fontaneros y electricistas hasta trabajadores de la industria automotriz y fabricantes de equipos electr\u00f3nicos. Estos sectores \u00abaguas abajo\u00bb emplean a un gran n\u00famero de personas y representan una parte m\u00e1s grande de las econom\u00edas locales, regionales y mundiales.<\/p><p>Adem\u00e1s, la industria del cobre respalda econom\u00edas sostenibles. Seg\u00fan el l\u00edder de una compa\u00f1\u00eda minera global, la industria minera global maneja casi la mitad del producto interno bruto (PIB) mundial, ya sea directamente o mediante el uso de productos que facilitan otras industrias. Las minas crean oportunidades de empleo, apoyan y fortalecen los sistemas comunitarios de transporte p\u00fablico, las infraestructuras comerciales \/ comerciales y las demandas de energ\u00eda de la comunidad, y permiten a los agricultores producir m\u00e1s y llevar sus productos a los mercados.<\/p><p>La perspectiva de la industria del cobre tambi\u00e9n parece positiva para la econom\u00eda mundial. Un informe de 2016 del International Council of Mining and Metals (ICMM) se\u00f1ala que la industria minera es una fuerza importante en la econom\u00eda mundial, haciendo hincapi\u00e9 en que muchos pa\u00edses de bajos y medianos ingresos dependen de la miner\u00eda para el \u00e9xito econ\u00f3mico nacional. Los Estudios de Caso de ICMM muestran que las ganancias de divisas de la miner\u00eda pueden crear efectos positivos en el desarrollo.<\/p><p>En muchos pa\u00edses, la industria de la miner\u00eda y los metales contribuye a la creaci\u00f3n de empleo, la reducci\u00f3n de la pobreza y un aumento en la calidad de vida.<\/p>\t\t\t\t\t\t\t\t<\/div>\n\t\t\t\t<\/div>\n\t\t\t\t\t<\/div>\n\t\t<\/div>\n\t\t\t\t\t<\/div>\n\t\t<\/section>\n\t\t\t\t<section class=\"has_eae_slider elementor-section elementor-top-section elementor-element elementor-element-93ae05f elementor-section-boxed elementor-section-height-default elementor-section-height-default\" data-eae-slider=\"69463\" data-id=\"93ae05f\" data-element_type=\"section\" data-e-type=\"section\">\n\t\t\t\t\t\t<div class=\"elementor-container elementor-column-gap-default\">\n\t\t\t\t\t<div class=\"has_eae_slider elementor-column elementor-col-100 elementor-top-column elementor-element elementor-element-daf2dfb\" data-eae-slider=\"5613\" data-id=\"daf2dfb\" data-element_type=\"column\" data-e-type=\"column\">\n\t\t\t<div class=\"elementor-widget-wrap elementor-element-populated\">\n\t\t\t\t\t\t<div class=\"elementor-element elementor-element-155290b elementor-widget elementor-widget-spacer\" data-id=\"155290b\" data-element_type=\"widget\" data-e-type=\"widget\" data-widget_type=\"spacer.default\">\n\t\t\t\t<div class=\"elementor-widget-container\">\n\t\t\t\t\t\t\t<div class=\"elementor-spacer\">\n\t\t\t<div class=\"elementor-spacer-inner\"><\/div>\n\t\t<\/div>\n\t\t\t\t\t\t<\/div>\n\t\t\t\t<\/div>\n\t\t\t\t\t<\/div>\n\t\t<\/div>\n\t\t\t\t\t<\/div>\n\t\t<\/section>\n\t\t\t\t<\/div>\n\t\t","protected":false},"excerpt":{"rendered":"<p>INDUSTRIA DEL COBRE La industria del cobre es un importante contribuyente a la econom\u00eda global. El cobre es m\u00e1s que solo un metal extra\u00eddo; proporciona trabajos y promueve un nivel m\u00e1s alto de vida. Una tonelada de cobre brinda funcionalidad en 40 veh\u00edculos, alimenta a 60,000 tel\u00e9fonos m\u00f3viles, permite operaciones en 400 computadoras y distribuye &hellip; <\/p>\n<p class=\"link-more\"><a href=\"https:\/\/www.sonami.cl\/v2\/procobre\/el-cobre\/industria-del-cobre\/\" class=\"more-link\">Continuar leyendo<span class=\"screen-reader-text\"> \u00abINDUSTRIA DEL COBRE\u00bb<\/span><\/a><\/p>\n","protected":false},"author":1,"featured_media":0,"parent":19021,"menu_order":0,"comment_status":"closed","ping_status":"closed","template":"elementor_header_footer","meta":{"_acf_changed":false,"footnotes":"","_links_to":"","_links_to_target":""},"categories":[],"tags":[],"class_list":["post-19750","page","type-page","status-publish","hentry"],"acf":[],"yoast_head":"<!-- This site is optimized with the Yoast SEO plugin v27.4 - https:\/\/yoast.com\/product\/yoast-seo-wordpress\/ -->\n<title>INDUSTRIA DEL COBRE - SONAMI :: Sociedad Nacional de Miner\u00eda - Chile<\/title>\n<meta name=\"robots\" content=\"index, follow, max-snippet:-1, max-image-preview:large, max-video-preview:-1\" \/>\n<link rel=\"canonical\" href=\"https:\/\/www.sonami.cl\/v2\/procobre\/el-cobre\/industria-del-cobre\/\" \/>\n<meta property=\"og:locale\" content=\"es_ES\" \/>\n<meta property=\"og:type\" content=\"article\" \/>\n<meta property=\"og:title\" content=\"INDUSTRIA DEL COBRE - SONAMI :: Sociedad Nacional de Miner\u00eda - Chile\" \/>\n<meta property=\"og:description\" content=\"INDUSTRIA DEL COBRE La industria del cobre es un importante contribuyente a la econom\u00eda global. El cobre es m\u00e1s que solo un metal extra\u00eddo; proporciona trabajos y promueve un nivel m\u00e1s alto de vida. Una tonelada de cobre brinda funcionalidad en 40 veh\u00edculos, alimenta a 60,000 tel\u00e9fonos m\u00f3viles, permite operaciones en 400 computadoras y distribuye &hellip; Continuar leyendo &quot;INDUSTRIA DEL COBRE&quot;\" \/>\n<meta property=\"og:url\" content=\"https:\/\/www.sonami.cl\/v2\/procobre\/el-cobre\/industria-del-cobre\/\" \/>\n<meta property=\"og:site_name\" content=\"SONAMI :: Sociedad Nacional de Miner\u00eda - Chile\" \/>\n<meta property=\"article:publisher\" content=\"https:\/\/www.facebook.com\/SonamiChile\/\" \/>\n<meta property=\"article:modified_time\" content=\"2024-06-27T10:25:59+00:00\" \/>\n<meta property=\"og:image\" content=\"https:\/\/www.sonami.cl\/v2\/wp-content\/uploads\/2024\/06\/motor-476403-1920-1-e1515440895486.jpg\" \/>\n<meta name=\"twitter:card\" content=\"summary_large_image\" \/>\n<meta name=\"twitter:site\" content=\"@Sonami_Chile\" \/>\n<meta name=\"twitter:label1\" content=\"Tiempo de lectura\" \/>\n\t<meta name=\"twitter:data1\" content=\"3 minutos\" \/>\n<script type=\"application\/ld+json\" class=\"yoast-schema-graph\">{\"@context\":\"https:\\\/\\\/schema.org\",\"@graph\":[{\"@type\":\"WebPage\",\"@id\":\"https:\\\/\\\/www.sonami.cl\\\/v2\\\/procobre\\\/el-cobre\\\/industria-del-cobre\\\/\",\"url\":\"https:\\\/\\\/www.sonami.cl\\\/v2\\\/procobre\\\/el-cobre\\\/industria-del-cobre\\\/\",\"name\":\"INDUSTRIA DEL COBRE - SONAMI :: Sociedad Nacional de Miner\u00eda - Chile\",\"isPartOf\":{\"@id\":\"https:\\\/\\\/www.sonami.cl\\\/v2\\\/#website\"},\"primaryImageOfPage\":{\"@id\":\"https:\\\/\\\/www.sonami.cl\\\/v2\\\/procobre\\\/el-cobre\\\/industria-del-cobre\\\/#primaryimage\"},\"image\":{\"@id\":\"https:\\\/\\\/www.sonami.cl\\\/v2\\\/procobre\\\/el-cobre\\\/industria-del-cobre\\\/#primaryimage\"},\"thumbnailUrl\":\"https:\\\/\\\/www.sonami.cl\\\/v2\\\/wp-content\\\/uploads\\\/2024\\\/06\\\/motor-476403-1920-1-e1515440895486.jpg\",\"datePublished\":\"2021-12-09T16:19:47+00:00\",\"dateModified\":\"2024-06-27T10:25:59+00:00\",\"breadcrumb\":{\"@id\":\"https:\\\/\\\/www.sonami.cl\\\/v2\\\/procobre\\\/el-cobre\\\/industria-del-cobre\\\/#breadcrumb\"},\"inLanguage\":\"es\",\"potentialAction\":[{\"@type\":\"ReadAction\",\"target\":[\"https:\\\/\\\/www.sonami.cl\\\/v2\\\/procobre\\\/el-cobre\\\/industria-del-cobre\\\/\"]}]},{\"@type\":\"ImageObject\",\"inLanguage\":\"es\",\"@id\":\"https:\\\/\\\/www.sonami.cl\\\/v2\\\/procobre\\\/el-cobre\\\/industria-del-cobre\\\/#primaryimage\",\"url\":\"https:\\\/\\\/www.sonami.cl\\\/v2\\\/wp-content\\\/uploads\\\/2024\\\/06\\\/motor-476403-1920-1-e1515440895486.jpg\",\"contentUrl\":\"https:\\\/\\\/www.sonami.cl\\\/v2\\\/wp-content\\\/uploads\\\/2024\\\/06\\\/motor-476403-1920-1-e1515440895486.jpg\",\"width\":970,\"height\":494},{\"@type\":\"BreadcrumbList\",\"@id\":\"https:\\\/\\\/www.sonami.cl\\\/v2\\\/procobre\\\/el-cobre\\\/industria-del-cobre\\\/#breadcrumb\",\"itemListElement\":[{\"@type\":\"ListItem\",\"position\":1,\"name\":\"Procobre\",\"item\":\"https:\\\/\\\/www.sonami.cl\\\/v2\\\/procobre\\\/\"},{\"@type\":\"ListItem\",\"position\":2,\"name\":\"El Cobre\",\"item\":\"https:\\\/\\\/www.sonami.cl\\\/v2\\\/procobre\\\/el-cobre\\\/\"},{\"@type\":\"ListItem\",\"position\":3,\"name\":\"INDUSTRIA DEL COBRE\"}]},{\"@type\":\"WebSite\",\"@id\":\"https:\\\/\\\/www.sonami.cl\\\/v2\\\/#website\",\"url\":\"https:\\\/\\\/www.sonami.cl\\\/v2\\\/\",\"name\":\"SONAMI :: Sociedad Nacional de Miner\u00eda - Chile\",\"description\":\"Sociedad Nacional de Mineria de Chile, dedicada al estudio de la miner\u00eda en Chile y latinoamericana, contempla la entrega semanal, mensual, anual de estad\u00edsticas en el medio minero de Chile\",\"publisher\":{\"@id\":\"https:\\\/\\\/www.sonami.cl\\\/v2\\\/#organization\"},\"potentialAction\":[{\"@type\":\"SearchAction\",\"target\":{\"@type\":\"EntryPoint\",\"urlTemplate\":\"https:\\\/\\\/www.sonami.cl\\\/v2\\\/?s={search_term_string}\"},\"query-input\":{\"@type\":\"PropertyValueSpecification\",\"valueRequired\":true,\"valueName\":\"search_term_string\"}}],\"inLanguage\":\"es\"},{\"@type\":\"Organization\",\"@id\":\"https:\\\/\\\/www.sonami.cl\\\/v2\\\/#organization\",\"name\":\"SONAMI :: Sociedad Nacional de Miner\u00eda - Chile\",\"url\":\"https:\\\/\\\/www.sonami.cl\\\/v2\\\/\",\"logo\":{\"@type\":\"ImageObject\",\"inLanguage\":\"es\",\"@id\":\"https:\\\/\\\/www.sonami.cl\\\/v2\\\/#\\\/schema\\\/logo\\\/image\\\/\",\"url\":\"https:\\\/\\\/www.sonami.cl\\\/v2\\\/wp-content\\\/uploads\\\/2021\\\/07\\\/logo-v2.jpg\",\"contentUrl\":\"https:\\\/\\\/www.sonami.cl\\\/v2\\\/wp-content\\\/uploads\\\/2021\\\/07\\\/logo-v2.jpg\",\"width\":160,\"height\":170,\"caption\":\"SONAMI :: Sociedad Nacional de Miner\u00eda - Chile\"},\"image\":{\"@id\":\"https:\\\/\\\/www.sonami.cl\\\/v2\\\/#\\\/schema\\\/logo\\\/image\\\/\"},\"sameAs\":[\"https:\\\/\\\/www.facebook.com\\\/SonamiChile\\\/\",\"https:\\\/\\\/x.com\\\/Sonami_Chile\",\"https:\\\/\\\/www.youtube.com\\\/user\\\/SonamiChile\"]}]}<\/script>\n<!-- \/ Yoast SEO plugin. -->","yoast_head_json":{"title":"INDUSTRIA DEL COBRE - SONAMI :: Sociedad Nacional de Miner\u00eda - Chile","robots":{"index":"index","follow":"follow","max-snippet":"max-snippet:-1","max-image-preview":"max-image-preview:large","max-video-preview":"max-video-preview:-1"},"canonical":"https:\/\/www.sonami.cl\/v2\/procobre\/el-cobre\/industria-del-cobre\/","og_locale":"es_ES","og_type":"article","og_title":"INDUSTRIA DEL COBRE - SONAMI :: Sociedad Nacional de Miner\u00eda - Chile","og_description":"INDUSTRIA DEL COBRE La industria del cobre es un importante contribuyente a la econom\u00eda global. El cobre es m\u00e1s que solo un metal extra\u00eddo; proporciona trabajos y promueve un nivel m\u00e1s alto de vida. Una tonelada de cobre brinda funcionalidad en 40 veh\u00edculos, alimenta a 60,000 tel\u00e9fonos m\u00f3viles, permite operaciones en 400 computadoras y distribuye &hellip; Continuar leyendo \"INDUSTRIA DEL COBRE\"","og_url":"https:\/\/www.sonami.cl\/v2\/procobre\/el-cobre\/industria-del-cobre\/","og_site_name":"SONAMI :: Sociedad Nacional de Miner\u00eda - Chile","article_publisher":"https:\/\/www.facebook.com\/SonamiChile\/","article_modified_time":"2024-06-27T10:25:59+00:00","og_image":[{"url":"https:\/\/www.sonami.cl\/v2\/wp-content\/uploads\/2024\/06\/motor-476403-1920-1-e1515440895486.jpg","type":"","width":"","height":""}],"twitter_card":"summary_large_image","twitter_site":"@Sonami_Chile","twitter_misc":{"Tiempo de lectura":"3 minutos"},"schema":{"@context":"https:\/\/schema.org","@graph":[{"@type":"WebPage","@id":"https:\/\/www.sonami.cl\/v2\/procobre\/el-cobre\/industria-del-cobre\/","url":"https:\/\/www.sonami.cl\/v2\/procobre\/el-cobre\/industria-del-cobre\/","name":"INDUSTRIA DEL COBRE - SONAMI :: Sociedad Nacional de Miner\u00eda - Chile","isPartOf":{"@id":"https:\/\/www.sonami.cl\/v2\/#website"},"primaryImageOfPage":{"@id":"https:\/\/www.sonami.cl\/v2\/procobre\/el-cobre\/industria-del-cobre\/#primaryimage"},"image":{"@id":"https:\/\/www.sonami.cl\/v2\/procobre\/el-cobre\/industria-del-cobre\/#primaryimage"},"thumbnailUrl":"https:\/\/www.sonami.cl\/v2\/wp-content\/uploads\/2024\/06\/motor-476403-1920-1-e1515440895486.jpg","datePublished":"2021-12-09T16:19:47+00:00","dateModified":"2024-06-27T10:25:59+00:00","breadcrumb":{"@id":"https:\/\/www.sonami.cl\/v2\/procobre\/el-cobre\/industria-del-cobre\/#breadcrumb"},"inLanguage":"es","potentialAction":[{"@type":"ReadAction","target":["https:\/\/www.sonami.cl\/v2\/procobre\/el-cobre\/industria-del-cobre\/"]}]},{"@type":"ImageObject","inLanguage":"es","@id":"https:\/\/www.sonami.cl\/v2\/procobre\/el-cobre\/industria-del-cobre\/#primaryimage","url":"https:\/\/www.sonami.cl\/v2\/wp-content\/uploads\/2024\/06\/motor-476403-1920-1-e1515440895486.jpg","contentUrl":"https:\/\/www.sonami.cl\/v2\/wp-content\/uploads\/2024\/06\/motor-476403-1920-1-e1515440895486.jpg","width":970,"height":494},{"@type":"BreadcrumbList","@id":"https:\/\/www.sonami.cl\/v2\/procobre\/el-cobre\/industria-del-cobre\/#breadcrumb","itemListElement":[{"@type":"ListItem","position":1,"name":"Procobre","item":"https:\/\/www.sonami.cl\/v2\/procobre\/"},{"@type":"ListItem","position":2,"name":"El Cobre","item":"https:\/\/www.sonami.cl\/v2\/procobre\/el-cobre\/"},{"@type":"ListItem","position":3,"name":"INDUSTRIA DEL COBRE"}]},{"@type":"WebSite","@id":"https:\/\/www.sonami.cl\/v2\/#website","url":"https:\/\/www.sonami.cl\/v2\/","name":"SONAMI :: Sociedad Nacional de Miner\u00eda - Chile","description":"Sociedad Nacional de Mineria de Chile, dedicada al estudio de la miner\u00eda en Chile y latinoamericana, contempla la entrega semanal, mensual, anual de estad\u00edsticas en el medio minero de Chile","publisher":{"@id":"https:\/\/www.sonami.cl\/v2\/#organization"},"potentialAction":[{"@type":"SearchAction","target":{"@type":"EntryPoint","urlTemplate":"https:\/\/www.sonami.cl\/v2\/?s={search_term_string}"},"query-input":{"@type":"PropertyValueSpecification","valueRequired":true,"valueName":"search_term_string"}}],"inLanguage":"es"},{"@type":"Organization","@id":"https:\/\/www.sonami.cl\/v2\/#organization","name":"SONAMI :: Sociedad Nacional de Miner\u00eda - Chile","url":"https:\/\/www.sonami.cl\/v2\/","logo":{"@type":"ImageObject","inLanguage":"es","@id":"https:\/\/www.sonami.cl\/v2\/#\/schema\/logo\/image\/","url":"https:\/\/www.sonami.cl\/v2\/wp-content\/uploads\/2021\/07\/logo-v2.jpg","contentUrl":"https:\/\/www.sonami.cl\/v2\/wp-content\/uploads\/2021\/07\/logo-v2.jpg","width":160,"height":170,"caption":"SONAMI :: Sociedad Nacional de Miner\u00eda - Chile"},"image":{"@id":"https:\/\/www.sonami.cl\/v2\/#\/schema\/logo\/image\/"},"sameAs":["https:\/\/www.facebook.com\/SonamiChile\/","https:\/\/x.com\/Sonami_Chile","https:\/\/www.youtube.com\/user\/SonamiChile"]}]}},"publishpress_future_workflow_manual_trigger":{"enabledWorkflows":[]},"_links":{"self":[{"href":"https:\/\/www.sonami.cl\/v2\/wp-json\/wp\/v2\/pages\/19750","targetHints":{"allow":["GET"]}}],"collection":[{"href":"https:\/\/www.sonami.cl\/v2\/wp-json\/wp\/v2\/pages"}],"about":[{"href":"https:\/\/www.sonami.cl\/v2\/wp-json\/wp\/v2\/types\/page"}],"author":[{"embeddable":true,"href":"https:\/\/www.sonami.cl\/v2\/wp-json\/wp\/v2\/users\/1"}],"replies":[{"embeddable":true,"href":"https:\/\/www.sonami.cl\/v2\/wp-json\/wp\/v2\/comments?post=19750"}],"version-history":[{"count":8,"href":"https:\/\/www.sonami.cl\/v2\/wp-json\/wp\/v2\/pages\/19750\/revisions"}],"predecessor-version":[{"id":37669,"href":"https:\/\/www.sonami.cl\/v2\/wp-json\/wp\/v2\/pages\/19750\/revisions\/37669"}],"up":[{"embeddable":true,"href":"https:\/\/www.sonami.cl\/v2\/wp-json\/wp\/v2\/pages\/19021"}],"wp:attachment":[{"href":"https:\/\/www.sonami.cl\/v2\/wp-json\/wp\/v2\/media?parent=19750"}],"wp:term":[{"taxonomy":"category","embeddable":true,"href":"https:\/\/www.sonami.cl\/v2\/wp-json\/wp\/v2\/categories?post=19750"},{"taxonomy":"post_tag","embeddable":true,"href":"https:\/\/www.sonami.cl\/v2\/wp-json\/wp\/v2\/tags?post=19750"}],"curies":[{"name":"wp","href":"https:\/\/api.w.org\/{rel}","templated":true}]}}