{"id":19736,"date":"2021-12-09T12:07:01","date_gmt":"2021-12-09T16:07:01","guid":{"rendered":"https:\/\/www.sonami.cl\/v2\/?page_id=19736"},"modified":"2024-06-27T06:24:10","modified_gmt":"2024-06-27T10:24:10","slug":"sobre-el-cobre","status":"publish","type":"page","link":"https:\/\/www.sonami.cl\/v2\/procobre\/el-cobre\/sobre-el-cobre\/","title":{"rendered":"SOBRE EL COBRE"},"content":{"rendered":"\t\t<div data-elementor-type=\"wp-page\" data-elementor-id=\"19736\" class=\"elementor elementor-19736\" data-elementor-post-type=\"page\">\n\t\t\t\t\t\t<section class=\"has_eae_slider elementor-section elementor-top-section elementor-element elementor-element-3915c45 elementor-section-boxed elementor-section-height-default elementor-section-height-default\" data-eae-slider=\"77089\" data-id=\"3915c45\" data-element_type=\"section\" data-e-type=\"section\" data-settings=\"{&quot;background_background&quot;:&quot;classic&quot;}\">\n\t\t\t\t\t\t\t<div class=\"elementor-background-overlay\"><\/div>\n\t\t\t\t\t\t\t<div class=\"elementor-container elementor-column-gap-default\">\n\t\t\t\t\t<div class=\"has_eae_slider elementor-column elementor-col-100 elementor-top-column elementor-element elementor-element-5c2d381\" data-eae-slider=\"8645\" data-id=\"5c2d381\" data-element_type=\"column\" data-e-type=\"column\">\n\t\t\t<div class=\"elementor-widget-wrap\">\n\t\t\t\t\t\t\t<\/div>\n\t\t<\/div>\n\t\t\t\t\t<\/div>\n\t\t<\/section>\n\t\t\t\t<section class=\"has_eae_slider elementor-section elementor-top-section elementor-element elementor-element-9bd5b7e elementor-section-full_width elementor-section-stretched elementor-section-height-default elementor-section-height-default\" data-eae-slider=\"61464\" data-id=\"9bd5b7e\" data-element_type=\"section\" data-e-type=\"section\" data-settings=\"{&quot;background_background&quot;:&quot;classic&quot;,&quot;sticky&quot;:&quot;top&quot;,&quot;sticky_offset&quot;:50,&quot;sticky_effects_offset&quot;:25,&quot;sticky_on&quot;:[&quot;desktop&quot;],&quot;stretch_section&quot;:&quot;section-stretched&quot;,&quot;sticky_anchor_link_offset&quot;:0}\">\n\t\t\t\t\t\t<div class=\"elementor-container elementor-column-gap-default\">\n\t\t\t\t\t<div class=\"has_eae_slider elementor-column elementor-col-100 elementor-top-column elementor-element elementor-element-9c083ae\" data-eae-slider=\"83269\" data-id=\"9c083ae\" data-element_type=\"column\" data-e-type=\"column\">\n\t\t\t<div class=\"elementor-widget-wrap elementor-element-populated\">\n\t\t\t\t\t\t<div class=\"elementor-element elementor-element-a50c3f4 elementor-widget elementor-widget-heading\" data-id=\"a50c3f4\" data-element_type=\"widget\" data-e-type=\"widget\" data-widget_type=\"heading.default\">\n\t\t\t\t<div class=\"elementor-widget-container\">\n\t\t\t\t\t<h2 class=\"elementor-heading-title elementor-size-default\">SOBRE EL COBRE<\/h2>\t\t\t\t<\/div>\n\t\t\t\t<\/div>\n\t\t\t\t\t<\/div>\n\t\t<\/div>\n\t\t\t\t\t<\/div>\n\t\t<\/section>\n\t\t\t\t<section class=\"has_eae_slider elementor-section elementor-top-section elementor-element elementor-element-86e1357 elementor-section-boxed elementor-section-height-default elementor-section-height-default\" data-eae-slider=\"40739\" data-id=\"86e1357\" data-element_type=\"section\" data-e-type=\"section\">\n\t\t\t\t\t\t<div class=\"elementor-container elementor-column-gap-default\">\n\t\t\t\t\t<div class=\"has_eae_slider elementor-column elementor-col-50 elementor-top-column elementor-element elementor-element-9c2284b\" data-eae-slider=\"63453\" data-id=\"9c2284b\" data-element_type=\"column\" data-e-type=\"column\">\n\t\t\t<div class=\"elementor-widget-wrap elementor-element-populated\">\n\t\t\t\t\t\t<div class=\"elementor-element elementor-element-c42eddb elementor-nav-menu__align-start elementor-nav-menu--stretch elementor-hidden-phone elementor-hidden-tablet elementor-nav-menu--dropdown-tablet elementor-nav-menu__text-align-aside elementor-nav-menu--toggle elementor-nav-menu--burger elementor-widget elementor-widget-nav-menu\" data-id=\"c42eddb\" data-element_type=\"widget\" data-e-type=\"widget\" data-settings=\"{&quot;full_width&quot;:&quot;stretch&quot;,&quot;layout&quot;:&quot;vertical&quot;,&quot;submenu_icon&quot;:{&quot;value&quot;:&quot;&lt;i class=\\&quot;fas fa-caret-down\\&quot; aria-hidden=\\&quot;true\\&quot;&gt;&lt;\\\/i&gt;&quot;,&quot;library&quot;:&quot;fa-solid&quot;},&quot;toggle&quot;:&quot;burger&quot;}\" data-widget_type=\"nav-menu.default\">\n\t\t\t\t<div class=\"elementor-widget-container\">\n\t\t\t\t\t\t\t\t<nav aria-label=\"Men\u00fa\" class=\"elementor-nav-menu--main elementor-nav-menu__container elementor-nav-menu--layout-vertical e--pointer-underline e--animation-fade\">\n\t\t\t\t<ul id=\"menu-1-c42eddb\" class=\"elementor-nav-menu sm-vertical\"><li class=\"menu-item menu-item-type-post_type menu-item-object-page menu-item-19700\"><a href=\"https:\/\/www.sonami.cl\/v2\/procobre\/el-cobre\/stocks-y-fujos\/\" class=\"elementor-item\">Stocks y Fujos<\/a><\/li>\n<li class=\"menu-item menu-item-type-post_type menu-item-object-page menu-item-19749\"><a href=\"https:\/\/www.sonami.cl\/v2\/procobre\/el-cobre\/disponibilidad-a-largo-plazo\/\" class=\"elementor-item\">DISPONIBILIDAD A LARGO PLAZO<\/a><\/li>\n<li class=\"menu-item menu-item-type-post_type menu-item-object-page menu-item-19748\"><a href=\"https:\/\/www.sonami.cl\/v2\/procobre\/el-cobre\/sobre-el-cobre\/\" class=\"elementor-item\">SOBRE EL COBRE<\/a><\/li>\n<li class=\"menu-item menu-item-type-post_type menu-item-object-page menu-item-19747\"><a href=\"https:\/\/www.sonami.cl\/v2\/procobre\/el-cobre\/aleaciones-de-cobre\/\" class=\"elementor-item\">ALEACIONES DE COBRE<\/a><\/li>\n<li class=\"menu-item menu-item-type-post_type menu-item-object-page menu-item-19767\"><a href=\"https:\/\/www.sonami.cl\/v2\/procobre\/el-cobre\/industria-del-cobre\/\" class=\"elementor-item\">INDUSTRIA DEL COBRE<\/a><\/li>\n<li class=\"menu-item menu-item-type-post_type menu-item-object-page menu-item-19766\"><a href=\"https:\/\/www.sonami.cl\/v2\/procobre\/el-cobre\/atributos-del-cobre\/\" class=\"elementor-item\">ATRIBUTOS DEL COBRE<\/a><\/li>\n<li class=\"menu-item menu-item-type-post_type menu-item-object-page menu-item-23833\"><a href=\"https:\/\/www.sonami.cl\/v2\/procobre\/el-cobre\/perfil-medioambiental-del-cobre\/\" class=\"elementor-item\">Perfil medioambiental del cobre<\/a><\/li>\n<li class=\"menu-item menu-item-type-post_type menu-item-object-page menu-item-28113\"><a href=\"https:\/\/www.sonami.cl\/v2\/procobre\/el-cobre\/ciclo-de-vida-del-cobre\/\" class=\"elementor-item\">Ciclo de vida del cobre<\/a><\/li>\n<\/ul>\t\t\t<\/nav>\n\t\t\t\t\t<div class=\"elementor-menu-toggle\" role=\"button\" tabindex=\"0\" aria-label=\"Alternar men\u00fa\" aria-expanded=\"false\">\n\t\t\t<i aria-hidden=\"true\" role=\"presentation\" class=\"elementor-menu-toggle__icon--open eicon-menu-bar\"><\/i><i aria-hidden=\"true\" role=\"presentation\" class=\"elementor-menu-toggle__icon--close eicon-close\"><\/i>\t\t<\/div>\n\t\t\t\t\t<nav class=\"elementor-nav-menu--dropdown elementor-nav-menu__container\" aria-hidden=\"true\">\n\t\t\t\t<ul id=\"menu-2-c42eddb\" class=\"elementor-nav-menu sm-vertical\"><li class=\"menu-item menu-item-type-post_type menu-item-object-page menu-item-19700\"><a href=\"https:\/\/www.sonami.cl\/v2\/procobre\/el-cobre\/stocks-y-fujos\/\" class=\"elementor-item\" tabindex=\"-1\">Stocks y Fujos<\/a><\/li>\n<li class=\"menu-item menu-item-type-post_type menu-item-object-page menu-item-19749\"><a href=\"https:\/\/www.sonami.cl\/v2\/procobre\/el-cobre\/disponibilidad-a-largo-plazo\/\" class=\"elementor-item\" tabindex=\"-1\">DISPONIBILIDAD A LARGO PLAZO<\/a><\/li>\n<li class=\"menu-item menu-item-type-post_type menu-item-object-page menu-item-19748\"><a href=\"https:\/\/www.sonami.cl\/v2\/procobre\/el-cobre\/sobre-el-cobre\/\" class=\"elementor-item\" tabindex=\"-1\">SOBRE EL COBRE<\/a><\/li>\n<li class=\"menu-item menu-item-type-post_type menu-item-object-page menu-item-19747\"><a href=\"https:\/\/www.sonami.cl\/v2\/procobre\/el-cobre\/aleaciones-de-cobre\/\" class=\"elementor-item\" tabindex=\"-1\">ALEACIONES DE COBRE<\/a><\/li>\n<li class=\"menu-item menu-item-type-post_type menu-item-object-page menu-item-19767\"><a href=\"https:\/\/www.sonami.cl\/v2\/procobre\/el-cobre\/industria-del-cobre\/\" class=\"elementor-item\" tabindex=\"-1\">INDUSTRIA DEL COBRE<\/a><\/li>\n<li class=\"menu-item menu-item-type-post_type menu-item-object-page menu-item-19766\"><a href=\"https:\/\/www.sonami.cl\/v2\/procobre\/el-cobre\/atributos-del-cobre\/\" class=\"elementor-item\" tabindex=\"-1\">ATRIBUTOS DEL COBRE<\/a><\/li>\n<li class=\"menu-item menu-item-type-post_type menu-item-object-page menu-item-23833\"><a href=\"https:\/\/www.sonami.cl\/v2\/procobre\/el-cobre\/perfil-medioambiental-del-cobre\/\" class=\"elementor-item\" tabindex=\"-1\">Perfil medioambiental del cobre<\/a><\/li>\n<li class=\"menu-item menu-item-type-post_type menu-item-object-page menu-item-28113\"><a href=\"https:\/\/www.sonami.cl\/v2\/procobre\/el-cobre\/ciclo-de-vida-del-cobre\/\" class=\"elementor-item\" tabindex=\"-1\">Ciclo de vida del cobre<\/a><\/li>\n<\/ul>\t\t\t<\/nav>\n\t\t\t\t\t\t<\/div>\n\t\t\t\t<\/div>\n\t\t\t\t\t<\/div>\n\t\t<\/div>\n\t\t\t\t<div class=\"has_eae_slider elementor-column elementor-col-50 elementor-top-column elementor-element elementor-element-3fe172c\" data-eae-slider=\"37654\" data-id=\"3fe172c\" data-element_type=\"column\" data-e-type=\"column\">\n\t\t\t<div class=\"elementor-widget-wrap elementor-element-populated\">\n\t\t\t\t\t\t<div class=\"elementor-element elementor-element-bd213c8 elementor-widget elementor-widget-text-editor\" data-id=\"bd213c8\" data-element_type=\"widget\" data-e-type=\"widget\" data-widget_type=\"text-editor.default\">\n\t\t\t\t<div class=\"elementor-widget-container\">\n\t\t\t\t\t\t\t\t\t<p>Si bien hay muchos prop\u00f3sitos para las propiedades del cobre para la vida cotidiana, estos son algunos de los hechos m\u00e1s notables sobre el cobre:<\/p><p>\u2013 El cobre es un elemento qu\u00edmico con el s\u00edmbolo: Cu. N\u00famero at\u00f3mico: 29. Peso at\u00f3mico: 63.546 AMU (unidad de masa at\u00f3mica).<\/p><p>\u2013 El cobre proviene de la palabra latina cuprum, que significa \u00abde la isla de Chipre\u00bb.<\/p><p>\u2013 El cobre es el metal m\u00e1s antiguo del hombre y data de m\u00e1s de 10.000 a\u00f1os. Un colgante de cobre descubierto en lo que ahora es el norte de Iraq se ha fechado en aproximadamente 8,700 AC.<\/p><p>\u2013 Los egipcios ten\u00edan tantos usos del cobre que usaron el s\u00edmbolo del ankh para denotar el cobre en su sistema de jerogl\u00edficos. El cobre tambi\u00e9n represent\u00f3 la vida eterna en su cultura.<\/p><p>\u2013 El cobre es uno de los metales m\u00e1s antiguos conocidos por la civilizaci\u00f3n. Sus usos y contribuciones contin\u00faan creciendo.<\/p><p>\u2013 Las propiedades f\u00edsicas del cobre son una de sus caracter\u00edsticas m\u00e1s exclusivas. Adem\u00e1s del oro, el cobre es el \u00fanico metal que tiene un color natural. Otros metales son grises o blancos.<\/p><p>\u2013 M\u00e1s de 400 aleaciones de cobre est\u00e1n en uso hoy en d\u00eda. El lat\u00f3n es una aleaci\u00f3n de cobre y zinc, mientras que el bronce es una aleaci\u00f3n de cobre, esta\u00f1o, aluminio, silicio y berilio.<\/p><p>\u2013 El cobre es vital para la salud de los seres humanos, los animales y las plantas, y una parte esencial de la dieta humana. Alimentos ricos en cobre incluyen frijoles secos, almendras, br\u00f3coli, chocolate, ajo, soja, guisantes, productos de trigo integral y mariscos.<\/p><p>\u2013 El cobre maximiza el rendimiento de los productos que lo contienen, lo que ayuda a ahorrar energ\u00eda, CO2, dinero y vidas.<\/p><p>El cobre es un contribuyente vital y positivo para la humanidad y ha mejorado nuestra calidad de vida durante siglos.<\/p><p>Durante gran parte del siglo XIX, Gran Breta\u00f1a fue el mayor productor de cobre del mundo, pero la creciente demanda del mercado global, llev\u00f3 a continentes como \u00c1frica y pa\u00edses como Estados Unidos, Per\u00fa y Chile a abrir nuevas minas, transform\u00e1ndose estos \u00faltimos, en pa\u00edses con la mayor participaci\u00f3n mundial en la extracci\u00f3n del metal.<\/p><p>\u00bfQuiere saber m\u00e1s sobre las propiedades del cobre y para qu\u00e9 se utiliza el cobre? El World Copper Fact Book, preparado por nuestro socio International Copper Study Group (ICSG), proporciona informaci\u00f3n adicional.<\/p><p>Fuentes de Consulta adicionales incluyen:<\/p><p>60 CENTURIES OF COPPER est\u00e1 destinado a quienes est\u00e9n interesados \u200b\u200ben la historia general de la extracci\u00f3n de cobre, el desarrollo de procesos de trabajo de metales y los usos del cobre durante los \u00faltimos seis mil a\u00f1os. Este texto se basa en Sixty Centuries of Copper by B Webster Smith, el cual fue publicado por UK Copper Development Association in 1965.<\/p>\t\t\t\t\t\t\t\t<\/div>\n\t\t\t\t<\/div>\n\t\t\t\t\t<\/div>\n\t\t<\/div>\n\t\t\t\t\t<\/div>\n\t\t<\/section>\n\t\t\t\t<section class=\"has_eae_slider elementor-section elementor-top-section elementor-element elementor-element-a145dc5 elementor-section-boxed elementor-section-height-default elementor-section-height-default\" data-eae-slider=\"69310\" data-id=\"a145dc5\" data-element_type=\"section\" data-e-type=\"section\">\n\t\t\t\t\t\t<div class=\"elementor-container elementor-column-gap-default\">\n\t\t\t\t\t<div class=\"has_eae_slider elementor-column elementor-col-100 elementor-top-column elementor-element elementor-element-285bdf6\" data-eae-slider=\"9807\" data-id=\"285bdf6\" data-element_type=\"column\" data-e-type=\"column\">\n\t\t\t<div class=\"elementor-widget-wrap elementor-element-populated\">\n\t\t\t\t\t\t<div class=\"elementor-element elementor-element-a978104 elementor-widget elementor-widget-spacer\" data-id=\"a978104\" data-element_type=\"widget\" data-e-type=\"widget\" data-widget_type=\"spacer.default\">\n\t\t\t\t<div class=\"elementor-widget-container\">\n\t\t\t\t\t\t\t<div class=\"elementor-spacer\">\n\t\t\t<div class=\"elementor-spacer-inner\"><\/div>\n\t\t<\/div>\n\t\t\t\t\t\t<\/div>\n\t\t\t\t<\/div>\n\t\t\t\t\t<\/div>\n\t\t<\/div>\n\t\t\t\t\t<\/div>\n\t\t<\/section>\n\t\t\t\t<\/div>\n\t\t","protected":false},"excerpt":{"rendered":"<p>SOBRE EL COBRE Si bien hay muchos prop\u00f3sitos para las propiedades del cobre para la vida cotidiana, estos son algunos de los hechos m\u00e1s notables sobre el cobre: \u2013 El cobre es un elemento qu\u00edmico con el s\u00edmbolo: Cu. N\u00famero at\u00f3mico: 29. Peso at\u00f3mico: 63.546 AMU (unidad de masa at\u00f3mica). \u2013 El cobre proviene de &hellip; <\/p>\n<p class=\"link-more\"><a href=\"https:\/\/www.sonami.cl\/v2\/procobre\/el-cobre\/sobre-el-cobre\/\" class=\"more-link\">Continuar leyendo<span class=\"screen-reader-text\"> \u00abSOBRE EL COBRE\u00bb<\/span><\/a><\/p>\n","protected":false},"author":1,"featured_media":0,"parent":19021,"menu_order":0,"comment_status":"closed","ping_status":"closed","template":"elementor_header_footer","meta":{"_acf_changed":false,"footnotes":"","_links_to":"","_links_to_target":""},"categories":[],"tags":[],"class_list":["post-19736","page","type-page","status-publish","hentry"],"acf":[],"yoast_head":"<!-- This site is optimized with the Yoast SEO plugin v27.5 - https:\/\/yoast.com\/product\/yoast-seo-wordpress\/ -->\n<title>SOBRE EL COBRE - SONAMI :: Sociedad Nacional de Miner\u00eda - Chile<\/title>\n<meta name=\"robots\" content=\"index, follow, max-snippet:-1, max-image-preview:large, max-video-preview:-1\" \/>\n<link rel=\"canonical\" href=\"https:\/\/www.sonami.cl\/v2\/procobre\/el-cobre\/sobre-el-cobre\/\" \/>\n<meta property=\"og:locale\" content=\"es_ES\" \/>\n<meta property=\"og:type\" content=\"article\" \/>\n<meta property=\"og:title\" content=\"SOBRE EL COBRE - SONAMI :: Sociedad Nacional de Miner\u00eda - Chile\" \/>\n<meta property=\"og:description\" content=\"SOBRE EL COBRE Si bien hay muchos prop\u00f3sitos para las propiedades del cobre para la vida cotidiana, estos son algunos de los hechos m\u00e1s notables sobre el cobre: \u2013 El cobre es un elemento qu\u00edmico con el s\u00edmbolo: Cu. N\u00famero at\u00f3mico: 29. Peso at\u00f3mico: 63.546 AMU (unidad de masa at\u00f3mica). \u2013 El cobre proviene de &hellip; Continuar leyendo &quot;SOBRE EL COBRE&quot;\" \/>\n<meta property=\"og:url\" content=\"https:\/\/www.sonami.cl\/v2\/procobre\/el-cobre\/sobre-el-cobre\/\" \/>\n<meta property=\"og:site_name\" content=\"SONAMI :: Sociedad Nacional de Miner\u00eda - Chile\" \/>\n<meta property=\"article:publisher\" content=\"https:\/\/www.facebook.com\/SonamiChile\/\" \/>\n<meta property=\"article:modified_time\" content=\"2024-06-27T10:24:10+00:00\" \/>\n<meta name=\"twitter:card\" content=\"summary_large_image\" \/>\n<meta name=\"twitter:site\" content=\"@Sonami_Chile\" \/>\n<meta name=\"twitter:label1\" content=\"Tiempo de lectura\" \/>\n\t<meta name=\"twitter:data1\" content=\"3 minutos\" \/>\n<script type=\"application\/ld+json\" class=\"yoast-schema-graph\">{\"@context\":\"https:\\\/\\\/schema.org\",\"@graph\":[{\"@type\":\"WebPage\",\"@id\":\"https:\\\/\\\/www.sonami.cl\\\/v2\\\/procobre\\\/el-cobre\\\/sobre-el-cobre\\\/\",\"url\":\"https:\\\/\\\/www.sonami.cl\\\/v2\\\/procobre\\\/el-cobre\\\/sobre-el-cobre\\\/\",\"name\":\"SOBRE EL COBRE - SONAMI :: Sociedad Nacional de Miner\u00eda - Chile\",\"isPartOf\":{\"@id\":\"https:\\\/\\\/www.sonami.cl\\\/v2\\\/#website\"},\"datePublished\":\"2021-12-09T16:07:01+00:00\",\"dateModified\":\"2024-06-27T10:24:10+00:00\",\"breadcrumb\":{\"@id\":\"https:\\\/\\\/www.sonami.cl\\\/v2\\\/procobre\\\/el-cobre\\\/sobre-el-cobre\\\/#breadcrumb\"},\"inLanguage\":\"es\",\"potentialAction\":[{\"@type\":\"ReadAction\",\"target\":[\"https:\\\/\\\/www.sonami.cl\\\/v2\\\/procobre\\\/el-cobre\\\/sobre-el-cobre\\\/\"]}]},{\"@type\":\"BreadcrumbList\",\"@id\":\"https:\\\/\\\/www.sonami.cl\\\/v2\\\/procobre\\\/el-cobre\\\/sobre-el-cobre\\\/#breadcrumb\",\"itemListElement\":[{\"@type\":\"ListItem\",\"position\":1,\"name\":\"Procobre\",\"item\":\"https:\\\/\\\/www.sonami.cl\\\/v2\\\/procobre\\\/\"},{\"@type\":\"ListItem\",\"position\":2,\"name\":\"El Cobre\",\"item\":\"https:\\\/\\\/www.sonami.cl\\\/v2\\\/procobre\\\/el-cobre\\\/\"},{\"@type\":\"ListItem\",\"position\":3,\"name\":\"SOBRE EL COBRE\"}]},{\"@type\":\"WebSite\",\"@id\":\"https:\\\/\\\/www.sonami.cl\\\/v2\\\/#website\",\"url\":\"https:\\\/\\\/www.sonami.cl\\\/v2\\\/\",\"name\":\"SONAMI :: Sociedad Nacional de Miner\u00eda - Chile\",\"description\":\"Sociedad Nacional de Mineria de Chile, dedicada al estudio de la miner\u00eda en Chile y latinoamericana, contempla la entrega semanal, mensual, anual de estad\u00edsticas en el medio minero de Chile\",\"publisher\":{\"@id\":\"https:\\\/\\\/www.sonami.cl\\\/v2\\\/#organization\"},\"potentialAction\":[{\"@type\":\"SearchAction\",\"target\":{\"@type\":\"EntryPoint\",\"urlTemplate\":\"https:\\\/\\\/www.sonami.cl\\\/v2\\\/?s={search_term_string}\"},\"query-input\":{\"@type\":\"PropertyValueSpecification\",\"valueRequired\":true,\"valueName\":\"search_term_string\"}}],\"inLanguage\":\"es\"},{\"@type\":\"Organization\",\"@id\":\"https:\\\/\\\/www.sonami.cl\\\/v2\\\/#organization\",\"name\":\"SONAMI :: Sociedad Nacional de Miner\u00eda - Chile\",\"url\":\"https:\\\/\\\/www.sonami.cl\\\/v2\\\/\",\"logo\":{\"@type\":\"ImageObject\",\"inLanguage\":\"es\",\"@id\":\"https:\\\/\\\/www.sonami.cl\\\/v2\\\/#\\\/schema\\\/logo\\\/image\\\/\",\"url\":\"https:\\\/\\\/www.sonami.cl\\\/v2\\\/wp-content\\\/uploads\\\/2021\\\/07\\\/logo-v2.jpg\",\"contentUrl\":\"https:\\\/\\\/www.sonami.cl\\\/v2\\\/wp-content\\\/uploads\\\/2021\\\/07\\\/logo-v2.jpg\",\"width\":160,\"height\":170,\"caption\":\"SONAMI :: Sociedad Nacional de Miner\u00eda - Chile\"},\"image\":{\"@id\":\"https:\\\/\\\/www.sonami.cl\\\/v2\\\/#\\\/schema\\\/logo\\\/image\\\/\"},\"sameAs\":[\"https:\\\/\\\/www.facebook.com\\\/SonamiChile\\\/\",\"https:\\\/\\\/x.com\\\/Sonami_Chile\",\"https:\\\/\\\/www.youtube.com\\\/user\\\/SonamiChile\"]}]}<\/script>\n<!-- \/ Yoast SEO plugin. -->","yoast_head_json":{"title":"SOBRE EL COBRE - SONAMI :: Sociedad Nacional de Miner\u00eda - Chile","robots":{"index":"index","follow":"follow","max-snippet":"max-snippet:-1","max-image-preview":"max-image-preview:large","max-video-preview":"max-video-preview:-1"},"canonical":"https:\/\/www.sonami.cl\/v2\/procobre\/el-cobre\/sobre-el-cobre\/","og_locale":"es_ES","og_type":"article","og_title":"SOBRE EL COBRE - SONAMI :: Sociedad Nacional de Miner\u00eda - Chile","og_description":"SOBRE EL COBRE Si bien hay muchos prop\u00f3sitos para las propiedades del cobre para la vida cotidiana, estos son algunos de los hechos m\u00e1s notables sobre el cobre: \u2013 El cobre es un elemento qu\u00edmico con el s\u00edmbolo: Cu. N\u00famero at\u00f3mico: 29. Peso at\u00f3mico: 63.546 AMU (unidad de masa at\u00f3mica). \u2013 El cobre proviene de &hellip; Continuar leyendo \"SOBRE EL COBRE\"","og_url":"https:\/\/www.sonami.cl\/v2\/procobre\/el-cobre\/sobre-el-cobre\/","og_site_name":"SONAMI :: Sociedad Nacional de Miner\u00eda - Chile","article_publisher":"https:\/\/www.facebook.com\/SonamiChile\/","article_modified_time":"2024-06-27T10:24:10+00:00","twitter_card":"summary_large_image","twitter_site":"@Sonami_Chile","twitter_misc":{"Tiempo de lectura":"3 minutos"},"schema":{"@context":"https:\/\/schema.org","@graph":[{"@type":"WebPage","@id":"https:\/\/www.sonami.cl\/v2\/procobre\/el-cobre\/sobre-el-cobre\/","url":"https:\/\/www.sonami.cl\/v2\/procobre\/el-cobre\/sobre-el-cobre\/","name":"SOBRE EL COBRE - SONAMI :: Sociedad Nacional de Miner\u00eda - Chile","isPartOf":{"@id":"https:\/\/www.sonami.cl\/v2\/#website"},"datePublished":"2021-12-09T16:07:01+00:00","dateModified":"2024-06-27T10:24:10+00:00","breadcrumb":{"@id":"https:\/\/www.sonami.cl\/v2\/procobre\/el-cobre\/sobre-el-cobre\/#breadcrumb"},"inLanguage":"es","potentialAction":[{"@type":"ReadAction","target":["https:\/\/www.sonami.cl\/v2\/procobre\/el-cobre\/sobre-el-cobre\/"]}]},{"@type":"BreadcrumbList","@id":"https:\/\/www.sonami.cl\/v2\/procobre\/el-cobre\/sobre-el-cobre\/#breadcrumb","itemListElement":[{"@type":"ListItem","position":1,"name":"Procobre","item":"https:\/\/www.sonami.cl\/v2\/procobre\/"},{"@type":"ListItem","position":2,"name":"El Cobre","item":"https:\/\/www.sonami.cl\/v2\/procobre\/el-cobre\/"},{"@type":"ListItem","position":3,"name":"SOBRE EL COBRE"}]},{"@type":"WebSite","@id":"https:\/\/www.sonami.cl\/v2\/#website","url":"https:\/\/www.sonami.cl\/v2\/","name":"SONAMI :: Sociedad Nacional de Miner\u00eda - Chile","description":"Sociedad Nacional de Mineria de Chile, dedicada al estudio de la miner\u00eda en Chile y latinoamericana, contempla la entrega semanal, mensual, anual de estad\u00edsticas en el medio minero de Chile","publisher":{"@id":"https:\/\/www.sonami.cl\/v2\/#organization"},"potentialAction":[{"@type":"SearchAction","target":{"@type":"EntryPoint","urlTemplate":"https:\/\/www.sonami.cl\/v2\/?s={search_term_string}"},"query-input":{"@type":"PropertyValueSpecification","valueRequired":true,"valueName":"search_term_string"}}],"inLanguage":"es"},{"@type":"Organization","@id":"https:\/\/www.sonami.cl\/v2\/#organization","name":"SONAMI :: Sociedad Nacional de Miner\u00eda - Chile","url":"https:\/\/www.sonami.cl\/v2\/","logo":{"@type":"ImageObject","inLanguage":"es","@id":"https:\/\/www.sonami.cl\/v2\/#\/schema\/logo\/image\/","url":"https:\/\/www.sonami.cl\/v2\/wp-content\/uploads\/2021\/07\/logo-v2.jpg","contentUrl":"https:\/\/www.sonami.cl\/v2\/wp-content\/uploads\/2021\/07\/logo-v2.jpg","width":160,"height":170,"caption":"SONAMI :: Sociedad Nacional de Miner\u00eda - Chile"},"image":{"@id":"https:\/\/www.sonami.cl\/v2\/#\/schema\/logo\/image\/"},"sameAs":["https:\/\/www.facebook.com\/SonamiChile\/","https:\/\/x.com\/Sonami_Chile","https:\/\/www.youtube.com\/user\/SonamiChile"]}]}},"publishpress_future_workflow_manual_trigger":{"enabledWorkflows":[]},"_links":{"self":[{"href":"https:\/\/www.sonami.cl\/v2\/wp-json\/wp\/v2\/pages\/19736","targetHints":{"allow":["GET"]}}],"collection":[{"href":"https:\/\/www.sonami.cl\/v2\/wp-json\/wp\/v2\/pages"}],"about":[{"href":"https:\/\/www.sonami.cl\/v2\/wp-json\/wp\/v2\/types\/page"}],"author":[{"embeddable":true,"href":"https:\/\/www.sonami.cl\/v2\/wp-json\/wp\/v2\/users\/1"}],"replies":[{"embeddable":true,"href":"https:\/\/www.sonami.cl\/v2\/wp-json\/wp\/v2\/comments?post=19736"}],"version-history":[{"count":8,"href":"https:\/\/www.sonami.cl\/v2\/wp-json\/wp\/v2\/pages\/19736\/revisions"}],"predecessor-version":[{"id":37659,"href":"https:\/\/www.sonami.cl\/v2\/wp-json\/wp\/v2\/pages\/19736\/revisions\/37659"}],"up":[{"embeddable":true,"href":"https:\/\/www.sonami.cl\/v2\/wp-json\/wp\/v2\/pages\/19021"}],"wp:attachment":[{"href":"https:\/\/www.sonami.cl\/v2\/wp-json\/wp\/v2\/media?parent=19736"}],"wp:term":[{"taxonomy":"category","embeddable":true,"href":"https:\/\/www.sonami.cl\/v2\/wp-json\/wp\/v2\/categories?post=19736"},{"taxonomy":"post_tag","embeddable":true,"href":"https:\/\/www.sonami.cl\/v2\/wp-json\/wp\/v2\/tags?post=19736"}],"curies":[{"name":"wp","href":"https:\/\/api.w.org\/{rel}","templated":true}]}}