{"id":19200,"date":"2021-09-07T16:42:39","date_gmt":"2021-09-07T20:42:39","guid":{"rendered":"https:\/\/www.sonami.cl\/v2\/?page_id=19200"},"modified":"2021-09-07T16:46:15","modified_gmt":"2021-09-07T20:46:15","slug":"energias-renovables","status":"publish","type":"page","link":"https:\/\/www.sonami.cl\/v2\/procobre\/energias-renovables\/","title":{"rendered":"ENERG\u00cdAS RENOVABLES"},"content":{"rendered":"\t\t<div data-elementor-type=\"wp-page\" data-elementor-id=\"19200\" class=\"elementor elementor-19200\" data-elementor-post-type=\"page\">\n\t\t\t\t\t\t<section class=\"has_eae_slider elementor-section elementor-top-section elementor-element elementor-element-217400c elementor-section-boxed elementor-section-height-default elementor-section-height-default\" data-eae-slider=\"24973\" data-id=\"217400c\" data-element_type=\"section\" data-e-type=\"section\" data-settings=\"{&quot;background_background&quot;:&quot;classic&quot;}\">\n\t\t\t\t\t\t<div class=\"elementor-container elementor-column-gap-default\">\n\t\t\t\t\t<div class=\"has_eae_slider elementor-column elementor-col-100 elementor-top-column elementor-element elementor-element-caa4a64\" data-eae-slider=\"51857\" data-id=\"caa4a64\" data-element_type=\"column\" data-e-type=\"column\">\n\t\t\t<div class=\"elementor-widget-wrap\">\n\t\t\t\t\t\t\t<\/div>\n\t\t<\/div>\n\t\t\t\t\t<\/div>\n\t\t<\/section>\n\t\t\t\t<section class=\"has_eae_slider elementor-section elementor-top-section elementor-element elementor-element-bd3296b elementor-section-full_width elementor-section-stretched elementor-section-height-default elementor-section-height-default\" data-eae-slider=\"29489\" data-id=\"bd3296b\" data-element_type=\"section\" data-e-type=\"section\" data-settings=\"{&quot;background_background&quot;:&quot;classic&quot;,&quot;sticky&quot;:&quot;top&quot;,&quot;sticky_offset&quot;:50,&quot;sticky_effects_offset&quot;:25,&quot;sticky_on&quot;:[&quot;desktop&quot;],&quot;stretch_section&quot;:&quot;section-stretched&quot;,&quot;sticky_anchor_link_offset&quot;:0}\">\n\t\t\t\t\t\t<div class=\"elementor-container elementor-column-gap-default\">\n\t\t\t\t\t<div class=\"has_eae_slider elementor-column elementor-col-100 elementor-top-column elementor-element elementor-element-6ca575f\" data-eae-slider=\"27095\" data-id=\"6ca575f\" data-element_type=\"column\" data-e-type=\"column\">\n\t\t\t<div class=\"elementor-widget-wrap elementor-element-populated\">\n\t\t\t\t\t\t<div class=\"elementor-element elementor-element-f4e26a4 elementor-widget elementor-widget-heading\" data-id=\"f4e26a4\" data-element_type=\"widget\" data-e-type=\"widget\" data-widget_type=\"heading.default\">\n\t\t\t\t<div class=\"elementor-widget-container\">\n\t\t\t\t\t<h2 class=\"elementor-heading-title elementor-size-default\">ENERG\u00cdAS RENOVABLES<\/h2>\t\t\t\t<\/div>\n\t\t\t\t<\/div>\n\t\t\t\t\t<\/div>\n\t\t<\/div>\n\t\t\t\t\t<\/div>\n\t\t<\/section>\n\t\t\t\t<section class=\"has_eae_slider elementor-section elementor-top-section elementor-element elementor-element-4c1bbcc elementor-section-boxed elementor-section-height-default elementor-section-height-default\" data-eae-slider=\"68853\" data-id=\"4c1bbcc\" data-element_type=\"section\" data-e-type=\"section\">\n\t\t\t\t\t\t<div class=\"elementor-container elementor-column-gap-default\">\n\t\t\t\t\t<div class=\"has_eae_slider elementor-column elementor-col-50 elementor-top-column elementor-element elementor-element-36296a4\" data-eae-slider=\"87164\" data-id=\"36296a4\" data-element_type=\"column\" data-e-type=\"column\">\n\t\t\t<div class=\"elementor-widget-wrap elementor-element-populated\">\n\t\t\t\t\t\t<div class=\"elementor-element elementor-element-2efb4ca elementor-nav-menu__align-start elementor-nav-menu--stretch elementor-hidden-phone elementor-hidden-tablet elementor-nav-menu--dropdown-tablet elementor-nav-menu__text-align-aside elementor-nav-menu--toggle elementor-nav-menu--burger elementor-widget elementor-widget-nav-menu\" data-id=\"2efb4ca\" data-element_type=\"widget\" data-e-type=\"widget\" data-settings=\"{&quot;full_width&quot;:&quot;stretch&quot;,&quot;layout&quot;:&quot;vertical&quot;,&quot;submenu_icon&quot;:{&quot;value&quot;:&quot;&lt;i class=\\&quot;fas fa-caret-down\\&quot; aria-hidden=\\&quot;true\\&quot;&gt;&lt;\\\/i&gt;&quot;,&quot;library&quot;:&quot;fa-solid&quot;},&quot;toggle&quot;:&quot;burger&quot;}\" data-widget_type=\"nav-menu.default\">\n\t\t\t\t<div class=\"elementor-widget-container\">\n\t\t\t\t\t\t\t\t<nav aria-label=\"Men\u00fa\" class=\"elementor-nav-menu--main elementor-nav-menu__container elementor-nav-menu--layout-vertical e--pointer-underline e--animation-fade\">\n\t\t\t\t<ul id=\"menu-1-2efb4ca\" class=\"elementor-nav-menu sm-vertical\"><li class=\"menu-item menu-item-type-post_type menu-item-object-page menu-item-19149\"><a href=\"https:\/\/www.sonami.cl\/v2\/procobre\/desarrollo-sustentable\/\" class=\"elementor-item\">Desarrollo Sustentable<\/a><\/li>\n<li class=\"menu-item menu-item-type-post_type menu-item-object-page menu-item-19160\"><a href=\"https:\/\/www.sonami.cl\/v2\/procobre\/reciclabilidad\/\" class=\"elementor-item\">Reciclabilidad<\/a><\/li>\n<li class=\"menu-item menu-item-type-post_type menu-item-object-page menu-item-19167\"><a href=\"https:\/\/www.sonami.cl\/v2\/procobre\/salud-publica\/\" class=\"elementor-item\">Salud P\u00fablica<\/a><\/li>\n<li class=\"menu-item menu-item-type-post_type menu-item-object-page menu-item-19174\"><a href=\"https:\/\/www.sonami.cl\/v2\/procobre\/edificacion-verde\/\" class=\"elementor-item\">Edificaci\u00f3n Verde<\/a><\/li>\n<li class=\"menu-item menu-item-type-post_type menu-item-object-page menu-item-19182\"><a href=\"https:\/\/www.sonami.cl\/v2\/procobre\/suministro-de-alimentos\/\" class=\"elementor-item\">Suministro de Alimentos<\/a><\/li>\n<li class=\"menu-item menu-item-type-post_type menu-item-object-page menu-item-19192\"><a href=\"https:\/\/www.sonami.cl\/v2\/procobre\/eficiencia-energetica\/\" class=\"elementor-item\">EFICIENCIA ENERG\u00c9TICA<\/a><\/li>\n<li class=\"menu-item menu-item-type-post_type menu-item-object-page menu-item-19199\"><a href=\"https:\/\/www.sonami.cl\/v2\/procobre\/seguridad-electrica\/\" class=\"elementor-item\">SEGURIDAD EL\u00c9CTRICA<\/a><\/li>\n<li class=\"menu-item menu-item-type-post_type menu-item-object-page menu-item-19206\"><a href=\"https:\/\/www.sonami.cl\/v2\/procobre\/energias-renovables\/\" class=\"elementor-item\">ENERG\u00cdAS RENOVABLES<\/a><\/li>\n<li class=\"menu-item menu-item-type-post_type menu-item-object-page menu-item-19213\"><a href=\"https:\/\/www.sonami.cl\/v2\/procobre\/salud-humana\/\" class=\"elementor-item\">SALUD HUMANA<\/a><\/li>\n<li class=\"menu-item menu-item-type-post_type menu-item-object-page menu-item-19220\"><a href=\"https:\/\/www.sonami.cl\/v2\/procobre\/calidad-del-aire\/\" class=\"elementor-item\">CALIDAD DEL AIRE<\/a><\/li>\n<\/ul>\t\t\t<\/nav>\n\t\t\t\t\t<div class=\"elementor-menu-toggle\" role=\"button\" tabindex=\"0\" aria-label=\"Alternar men\u00fa\" aria-expanded=\"false\">\n\t\t\t<i aria-hidden=\"true\" role=\"presentation\" class=\"elementor-menu-toggle__icon--open eicon-menu-bar\"><\/i><i aria-hidden=\"true\" role=\"presentation\" class=\"elementor-menu-toggle__icon--close eicon-close\"><\/i>\t\t<\/div>\n\t\t\t\t\t<nav class=\"elementor-nav-menu--dropdown elementor-nav-menu__container\" aria-hidden=\"true\">\n\t\t\t\t<ul id=\"menu-2-2efb4ca\" class=\"elementor-nav-menu sm-vertical\"><li class=\"menu-item menu-item-type-post_type menu-item-object-page menu-item-19149\"><a href=\"https:\/\/www.sonami.cl\/v2\/procobre\/desarrollo-sustentable\/\" class=\"elementor-item\" tabindex=\"-1\">Desarrollo Sustentable<\/a><\/li>\n<li class=\"menu-item menu-item-type-post_type menu-item-object-page menu-item-19160\"><a href=\"https:\/\/www.sonami.cl\/v2\/procobre\/reciclabilidad\/\" class=\"elementor-item\" tabindex=\"-1\">Reciclabilidad<\/a><\/li>\n<li class=\"menu-item menu-item-type-post_type menu-item-object-page menu-item-19167\"><a href=\"https:\/\/www.sonami.cl\/v2\/procobre\/salud-publica\/\" class=\"elementor-item\" tabindex=\"-1\">Salud P\u00fablica<\/a><\/li>\n<li class=\"menu-item menu-item-type-post_type menu-item-object-page menu-item-19174\"><a href=\"https:\/\/www.sonami.cl\/v2\/procobre\/edificacion-verde\/\" class=\"elementor-item\" tabindex=\"-1\">Edificaci\u00f3n Verde<\/a><\/li>\n<li class=\"menu-item menu-item-type-post_type menu-item-object-page menu-item-19182\"><a href=\"https:\/\/www.sonami.cl\/v2\/procobre\/suministro-de-alimentos\/\" class=\"elementor-item\" tabindex=\"-1\">Suministro de Alimentos<\/a><\/li>\n<li class=\"menu-item menu-item-type-post_type menu-item-object-page menu-item-19192\"><a href=\"https:\/\/www.sonami.cl\/v2\/procobre\/eficiencia-energetica\/\" class=\"elementor-item\" tabindex=\"-1\">EFICIENCIA ENERG\u00c9TICA<\/a><\/li>\n<li class=\"menu-item menu-item-type-post_type menu-item-object-page menu-item-19199\"><a href=\"https:\/\/www.sonami.cl\/v2\/procobre\/seguridad-electrica\/\" class=\"elementor-item\" tabindex=\"-1\">SEGURIDAD EL\u00c9CTRICA<\/a><\/li>\n<li class=\"menu-item menu-item-type-post_type menu-item-object-page menu-item-19206\"><a href=\"https:\/\/www.sonami.cl\/v2\/procobre\/energias-renovables\/\" class=\"elementor-item\" tabindex=\"-1\">ENERG\u00cdAS RENOVABLES<\/a><\/li>\n<li class=\"menu-item menu-item-type-post_type menu-item-object-page menu-item-19213\"><a href=\"https:\/\/www.sonami.cl\/v2\/procobre\/salud-humana\/\" class=\"elementor-item\" tabindex=\"-1\">SALUD HUMANA<\/a><\/li>\n<li class=\"menu-item menu-item-type-post_type menu-item-object-page menu-item-19220\"><a href=\"https:\/\/www.sonami.cl\/v2\/procobre\/calidad-del-aire\/\" class=\"elementor-item\" tabindex=\"-1\">CALIDAD DEL AIRE<\/a><\/li>\n<\/ul>\t\t\t<\/nav>\n\t\t\t\t\t\t<\/div>\n\t\t\t\t<\/div>\n\t\t\t\t\t<\/div>\n\t\t<\/div>\n\t\t\t\t<div class=\"has_eae_slider elementor-column elementor-col-50 elementor-top-column elementor-element elementor-element-fc3a31c\" data-eae-slider=\"27756\" data-id=\"fc3a31c\" data-element_type=\"column\" data-e-type=\"column\">\n\t\t\t<div class=\"elementor-widget-wrap elementor-element-populated\">\n\t\t\t\t\t\t<div class=\"elementor-element elementor-element-c92b52e elementor-widget elementor-widget-image\" data-id=\"c92b52e\" data-element_type=\"widget\" data-e-type=\"widget\" data-widget_type=\"image.default\">\n\t\t\t\t<div class=\"elementor-widget-container\">\n\t\t\t\t\t\t\t\t\t\t\t\t\t\t\t<img fetchpriority=\"high\" decoding=\"async\" width=\"525\" height=\"288\" src=\"https:\/\/www.sonami.cl\/v2\/wp-content\/uploads\/2021\/08\/pexels-photo-414837-e1514563392155.jpeg\" class=\"attachment-large size-large wp-image-18987\" alt=\"\" sizes=\"100vw\" \/>\t\t\t\t\t\t\t\t\t\t\t\t\t\t\t<\/div>\n\t\t\t\t<\/div>\n\t\t\t\t<div class=\"elementor-element elementor-element-1787618 elementor-widget elementor-widget-text-editor\" data-id=\"1787618\" data-element_type=\"widget\" data-e-type=\"widget\" data-widget_type=\"text-editor.default\">\n\t\t\t\t<div class=\"elementor-widget-container\">\n\t\t\t\t\t\t\t\t\t<p><strong>A medida que los efectos del cambio clim\u00e1tico se vuelven m\u00e1s evidentes, la necesidad de centrarse en las energ\u00edas renovables es a\u00fan m\u00e1s importante.<\/strong><\/p><p>Debido a que el cobre es un conductor altamente eficiente, se utiliza en sistemas de energ\u00eda renovable para generar energ\u00eda a partir de energ\u00eda solar, hidroel\u00e9ctrica, t\u00e9rmica y e\u00f3lica en todo el mundo.<\/p><p><strong>El cobre ayuda a reducir las emisiones de CO2<\/strong>\u00a0y reduce la cantidad de energ\u00eda necesaria para producir electricidad. En muchos sistemas de energ\u00eda renovable, se utiliza 12 veces m\u00e1s cobre que en los sistemas tradicionales para garantizar la eficiencia.<\/p><p><strong>El cobre es uno de los mejores recursos renovables.<\/strong>\u00a0Es uno de los pocos materiales que se puede reciclar al 100% una y otra vez sin p\u00e9rdida de rendimiento.<\/p><p><em>Las fuentes de energ\u00eda renovables proporcionan casi una cuarta parte de la energ\u00eda mundial, y el cobre juega un papel importante para que sea lo m\u00e1s eficiente posible con un impacto m\u00ednimo en el medio ambiente.<\/em><\/p>\t\t\t\t\t\t\t\t<\/div>\n\t\t\t\t<\/div>\n\t\t\t\t\t<\/div>\n\t\t<\/div>\n\t\t\t\t\t<\/div>\n\t\t<\/section>\n\t\t\t\t<section class=\"has_eae_slider elementor-section elementor-top-section elementor-element elementor-element-ddcbfb5 elementor-section-boxed elementor-section-height-default elementor-section-height-default\" data-eae-slider=\"37753\" data-id=\"ddcbfb5\" data-element_type=\"section\" data-e-type=\"section\">\n\t\t\t\t\t\t<div class=\"elementor-container elementor-column-gap-default\">\n\t\t\t\t\t<div class=\"has_eae_slider elementor-column elementor-col-100 elementor-top-column elementor-element elementor-element-d90653f\" data-eae-slider=\"44948\" data-id=\"d90653f\" data-element_type=\"column\" data-e-type=\"column\">\n\t\t\t<div class=\"elementor-widget-wrap elementor-element-populated\">\n\t\t\t\t\t\t<div class=\"elementor-element elementor-element-2903a25 elementor-widget elementor-widget-spacer\" data-id=\"2903a25\" data-element_type=\"widget\" data-e-type=\"widget\" data-widget_type=\"spacer.default\">\n\t\t\t\t<div class=\"elementor-widget-container\">\n\t\t\t\t\t\t\t<div class=\"elementor-spacer\">\n\t\t\t<div class=\"elementor-spacer-inner\"><\/div>\n\t\t<\/div>\n\t\t\t\t\t\t<\/div>\n\t\t\t\t<\/div>\n\t\t\t\t\t<\/div>\n\t\t<\/div>\n\t\t\t\t\t<\/div>\n\t\t<\/section>\n\t\t\t\t<\/div>\n\t\t","protected":false},"excerpt":{"rendered":"<p>ENERG\u00cdAS RENOVABLES A medida que los efectos del cambio clim\u00e1tico se vuelven m\u00e1s evidentes, la necesidad de centrarse en las energ\u00edas renovables es a\u00fan m\u00e1s importante. Debido a que el cobre es un conductor altamente eficiente, se utiliza en sistemas de energ\u00eda renovable para generar energ\u00eda a partir de energ\u00eda solar, hidroel\u00e9ctrica, t\u00e9rmica y e\u00f3lica &hellip; <\/p>\n<p class=\"link-more\"><a href=\"https:\/\/www.sonami.cl\/v2\/procobre\/energias-renovables\/\" class=\"more-link\">Continuar leyendo<span class=\"screen-reader-text\"> \u00abENERG\u00cdAS RENOVABLES\u00bb<\/span><\/a><\/p>\n","protected":false},"author":1,"featured_media":0,"parent":18915,"menu_order":0,"comment_status":"closed","ping_status":"closed","template":"elementor_header_footer","meta":{"_acf_changed":false,"footnotes":"","_links_to":"","_links_to_target":""},"categories":[148],"tags":[],"class_list":["post-19200","page","type-page","status-publish","hentry","category-procobre"],"acf":[],"yoast_head":"<!-- This site is optimized with the Yoast SEO plugin v27.4 - https:\/\/yoast.com\/product\/yoast-seo-wordpress\/ -->\n<title>ENERG\u00cdAS RENOVABLES - SONAMI :: Sociedad Nacional de Miner\u00eda - Chile<\/title>\n<meta name=\"robots\" content=\"index, follow, max-snippet:-1, max-image-preview:large, max-video-preview:-1\" \/>\n<link rel=\"canonical\" href=\"https:\/\/www.sonami.cl\/v2\/procobre\/energias-renovables\/\" \/>\n<meta property=\"og:locale\" content=\"es_ES\" \/>\n<meta property=\"og:type\" content=\"article\" \/>\n<meta property=\"og:title\" content=\"ENERG\u00cdAS RENOVABLES - SONAMI :: Sociedad Nacional de Miner\u00eda - Chile\" \/>\n<meta property=\"og:description\" content=\"ENERG\u00cdAS RENOVABLES A medida que los efectos del cambio clim\u00e1tico se vuelven m\u00e1s evidentes, la necesidad de centrarse en las energ\u00edas renovables es a\u00fan m\u00e1s importante. Debido a que el cobre es un conductor altamente eficiente, se utiliza en sistemas de energ\u00eda renovable para generar energ\u00eda a partir de energ\u00eda solar, hidroel\u00e9ctrica, t\u00e9rmica y e\u00f3lica &hellip; Continuar leyendo &quot;ENERG\u00cdAS RENOVABLES&quot;\" \/>\n<meta property=\"og:url\" content=\"https:\/\/www.sonami.cl\/v2\/procobre\/energias-renovables\/\" \/>\n<meta property=\"og:site_name\" content=\"SONAMI :: Sociedad Nacional de Miner\u00eda - Chile\" \/>\n<meta property=\"article:publisher\" content=\"https:\/\/www.facebook.com\/SonamiChile\/\" \/>\n<meta property=\"article:modified_time\" content=\"2021-09-07T20:46:15+00:00\" \/>\n<meta property=\"og:image\" content=\"https:\/\/www.sonami.cl\/v2\/wp-content\/uploads\/2021\/08\/pexels-photo-414837-e1514563392155.jpeg\" \/>\n<meta name=\"twitter:card\" content=\"summary_large_image\" \/>\n<meta name=\"twitter:site\" content=\"@Sonami_Chile\" \/>\n<meta name=\"twitter:label1\" content=\"Tiempo de lectura\" \/>\n\t<meta name=\"twitter:data1\" content=\"2 minutos\" \/>\n<script type=\"application\/ld+json\" class=\"yoast-schema-graph\">{\"@context\":\"https:\\\/\\\/schema.org\",\"@graph\":[{\"@type\":\"WebPage\",\"@id\":\"https:\\\/\\\/www.sonami.cl\\\/v2\\\/procobre\\\/energias-renovables\\\/\",\"url\":\"https:\\\/\\\/www.sonami.cl\\\/v2\\\/procobre\\\/energias-renovables\\\/\",\"name\":\"ENERG\u00cdAS RENOVABLES - SONAMI :: Sociedad Nacional de Miner\u00eda - Chile\",\"isPartOf\":{\"@id\":\"https:\\\/\\\/www.sonami.cl\\\/v2\\\/#website\"},\"primaryImageOfPage\":{\"@id\":\"https:\\\/\\\/www.sonami.cl\\\/v2\\\/procobre\\\/energias-renovables\\\/#primaryimage\"},\"image\":{\"@id\":\"https:\\\/\\\/www.sonami.cl\\\/v2\\\/procobre\\\/energias-renovables\\\/#primaryimage\"},\"thumbnailUrl\":\"https:\\\/\\\/www.sonami.cl\\\/v2\\\/wp-content\\\/uploads\\\/2021\\\/08\\\/pexels-photo-414837-e1514563392155.jpeg\",\"datePublished\":\"2021-09-07T20:42:39+00:00\",\"dateModified\":\"2021-09-07T20:46:15+00:00\",\"breadcrumb\":{\"@id\":\"https:\\\/\\\/www.sonami.cl\\\/v2\\\/procobre\\\/energias-renovables\\\/#breadcrumb\"},\"inLanguage\":\"es\",\"potentialAction\":[{\"@type\":\"ReadAction\",\"target\":[\"https:\\\/\\\/www.sonami.cl\\\/v2\\\/procobre\\\/energias-renovables\\\/\"]}]},{\"@type\":\"ImageObject\",\"inLanguage\":\"es\",\"@id\":\"https:\\\/\\\/www.sonami.cl\\\/v2\\\/procobre\\\/energias-renovables\\\/#primaryimage\",\"url\":\"https:\\\/\\\/www.sonami.cl\\\/v2\\\/wp-content\\\/uploads\\\/2021\\\/08\\\/pexels-photo-414837-e1514563392155.jpeg\",\"contentUrl\":\"https:\\\/\\\/www.sonami.cl\\\/v2\\\/wp-content\\\/uploads\\\/2021\\\/08\\\/pexels-photo-414837-e1514563392155.jpeg\",\"width\":970,\"height\":533},{\"@type\":\"BreadcrumbList\",\"@id\":\"https:\\\/\\\/www.sonami.cl\\\/v2\\\/procobre\\\/energias-renovables\\\/#breadcrumb\",\"itemListElement\":[{\"@type\":\"ListItem\",\"position\":1,\"name\":\"Procobre\",\"item\":\"https:\\\/\\\/www.sonami.cl\\\/v2\\\/procobre\\\/\"},{\"@type\":\"ListItem\",\"position\":2,\"name\":\"ENERG\u00cdAS RENOVABLES\"}]},{\"@type\":\"WebSite\",\"@id\":\"https:\\\/\\\/www.sonami.cl\\\/v2\\\/#website\",\"url\":\"https:\\\/\\\/www.sonami.cl\\\/v2\\\/\",\"name\":\"SONAMI :: Sociedad Nacional de Miner\u00eda - Chile\",\"description\":\"Sociedad Nacional de Mineria de Chile, dedicada al estudio de la miner\u00eda en Chile y latinoamericana, contempla la entrega semanal, mensual, anual de estad\u00edsticas en el medio minero de Chile\",\"publisher\":{\"@id\":\"https:\\\/\\\/www.sonami.cl\\\/v2\\\/#organization\"},\"potentialAction\":[{\"@type\":\"SearchAction\",\"target\":{\"@type\":\"EntryPoint\",\"urlTemplate\":\"https:\\\/\\\/www.sonami.cl\\\/v2\\\/?s={search_term_string}\"},\"query-input\":{\"@type\":\"PropertyValueSpecification\",\"valueRequired\":true,\"valueName\":\"search_term_string\"}}],\"inLanguage\":\"es\"},{\"@type\":\"Organization\",\"@id\":\"https:\\\/\\\/www.sonami.cl\\\/v2\\\/#organization\",\"name\":\"SONAMI :: Sociedad Nacional de Miner\u00eda - Chile\",\"url\":\"https:\\\/\\\/www.sonami.cl\\\/v2\\\/\",\"logo\":{\"@type\":\"ImageObject\",\"inLanguage\":\"es\",\"@id\":\"https:\\\/\\\/www.sonami.cl\\\/v2\\\/#\\\/schema\\\/logo\\\/image\\\/\",\"url\":\"https:\\\/\\\/www.sonami.cl\\\/v2\\\/wp-content\\\/uploads\\\/2021\\\/07\\\/logo-v2.jpg\",\"contentUrl\":\"https:\\\/\\\/www.sonami.cl\\\/v2\\\/wp-content\\\/uploads\\\/2021\\\/07\\\/logo-v2.jpg\",\"width\":160,\"height\":170,\"caption\":\"SONAMI :: Sociedad Nacional de Miner\u00eda - Chile\"},\"image\":{\"@id\":\"https:\\\/\\\/www.sonami.cl\\\/v2\\\/#\\\/schema\\\/logo\\\/image\\\/\"},\"sameAs\":[\"https:\\\/\\\/www.facebook.com\\\/SonamiChile\\\/\",\"https:\\\/\\\/x.com\\\/Sonami_Chile\",\"https:\\\/\\\/www.youtube.com\\\/user\\\/SonamiChile\"]}]}<\/script>\n<!-- \/ Yoast SEO plugin. -->","yoast_head_json":{"title":"ENERG\u00cdAS RENOVABLES - SONAMI :: Sociedad Nacional de Miner\u00eda - Chile","robots":{"index":"index","follow":"follow","max-snippet":"max-snippet:-1","max-image-preview":"max-image-preview:large","max-video-preview":"max-video-preview:-1"},"canonical":"https:\/\/www.sonami.cl\/v2\/procobre\/energias-renovables\/","og_locale":"es_ES","og_type":"article","og_title":"ENERG\u00cdAS RENOVABLES - SONAMI :: Sociedad Nacional de Miner\u00eda - Chile","og_description":"ENERG\u00cdAS RENOVABLES A medida que los efectos del cambio clim\u00e1tico se vuelven m\u00e1s evidentes, la necesidad de centrarse en las energ\u00edas renovables es a\u00fan m\u00e1s importante. Debido a que el cobre es un conductor altamente eficiente, se utiliza en sistemas de energ\u00eda renovable para generar energ\u00eda a partir de energ\u00eda solar, hidroel\u00e9ctrica, t\u00e9rmica y e\u00f3lica &hellip; Continuar leyendo \"ENERG\u00cdAS RENOVABLES\"","og_url":"https:\/\/www.sonami.cl\/v2\/procobre\/energias-renovables\/","og_site_name":"SONAMI :: Sociedad Nacional de Miner\u00eda - Chile","article_publisher":"https:\/\/www.facebook.com\/SonamiChile\/","article_modified_time":"2021-09-07T20:46:15+00:00","og_image":[{"url":"https:\/\/www.sonami.cl\/v2\/wp-content\/uploads\/2021\/08\/pexels-photo-414837-e1514563392155.jpeg","type":"","width":"","height":""}],"twitter_card":"summary_large_image","twitter_site":"@Sonami_Chile","twitter_misc":{"Tiempo de lectura":"2 minutos"},"schema":{"@context":"https:\/\/schema.org","@graph":[{"@type":"WebPage","@id":"https:\/\/www.sonami.cl\/v2\/procobre\/energias-renovables\/","url":"https:\/\/www.sonami.cl\/v2\/procobre\/energias-renovables\/","name":"ENERG\u00cdAS RENOVABLES - SONAMI :: Sociedad Nacional de Miner\u00eda - Chile","isPartOf":{"@id":"https:\/\/www.sonami.cl\/v2\/#website"},"primaryImageOfPage":{"@id":"https:\/\/www.sonami.cl\/v2\/procobre\/energias-renovables\/#primaryimage"},"image":{"@id":"https:\/\/www.sonami.cl\/v2\/procobre\/energias-renovables\/#primaryimage"},"thumbnailUrl":"https:\/\/www.sonami.cl\/v2\/wp-content\/uploads\/2021\/08\/pexels-photo-414837-e1514563392155.jpeg","datePublished":"2021-09-07T20:42:39+00:00","dateModified":"2021-09-07T20:46:15+00:00","breadcrumb":{"@id":"https:\/\/www.sonami.cl\/v2\/procobre\/energias-renovables\/#breadcrumb"},"inLanguage":"es","potentialAction":[{"@type":"ReadAction","target":["https:\/\/www.sonami.cl\/v2\/procobre\/energias-renovables\/"]}]},{"@type":"ImageObject","inLanguage":"es","@id":"https:\/\/www.sonami.cl\/v2\/procobre\/energias-renovables\/#primaryimage","url":"https:\/\/www.sonami.cl\/v2\/wp-content\/uploads\/2021\/08\/pexels-photo-414837-e1514563392155.jpeg","contentUrl":"https:\/\/www.sonami.cl\/v2\/wp-content\/uploads\/2021\/08\/pexels-photo-414837-e1514563392155.jpeg","width":970,"height":533},{"@type":"BreadcrumbList","@id":"https:\/\/www.sonami.cl\/v2\/procobre\/energias-renovables\/#breadcrumb","itemListElement":[{"@type":"ListItem","position":1,"name":"Procobre","item":"https:\/\/www.sonami.cl\/v2\/procobre\/"},{"@type":"ListItem","position":2,"name":"ENERG\u00cdAS RENOVABLES"}]},{"@type":"WebSite","@id":"https:\/\/www.sonami.cl\/v2\/#website","url":"https:\/\/www.sonami.cl\/v2\/","name":"SONAMI :: Sociedad Nacional de Miner\u00eda - Chile","description":"Sociedad Nacional de Mineria de Chile, dedicada al estudio de la miner\u00eda en Chile y latinoamericana, contempla la entrega semanal, mensual, anual de estad\u00edsticas en el medio minero de Chile","publisher":{"@id":"https:\/\/www.sonami.cl\/v2\/#organization"},"potentialAction":[{"@type":"SearchAction","target":{"@type":"EntryPoint","urlTemplate":"https:\/\/www.sonami.cl\/v2\/?s={search_term_string}"},"query-input":{"@type":"PropertyValueSpecification","valueRequired":true,"valueName":"search_term_string"}}],"inLanguage":"es"},{"@type":"Organization","@id":"https:\/\/www.sonami.cl\/v2\/#organization","name":"SONAMI :: Sociedad Nacional de Miner\u00eda - Chile","url":"https:\/\/www.sonami.cl\/v2\/","logo":{"@type":"ImageObject","inLanguage":"es","@id":"https:\/\/www.sonami.cl\/v2\/#\/schema\/logo\/image\/","url":"https:\/\/www.sonami.cl\/v2\/wp-content\/uploads\/2021\/07\/logo-v2.jpg","contentUrl":"https:\/\/www.sonami.cl\/v2\/wp-content\/uploads\/2021\/07\/logo-v2.jpg","width":160,"height":170,"caption":"SONAMI :: Sociedad Nacional de Miner\u00eda - Chile"},"image":{"@id":"https:\/\/www.sonami.cl\/v2\/#\/schema\/logo\/image\/"},"sameAs":["https:\/\/www.facebook.com\/SonamiChile\/","https:\/\/x.com\/Sonami_Chile","https:\/\/www.youtube.com\/user\/SonamiChile"]}]}},"publishpress_future_workflow_manual_trigger":{"enabledWorkflows":[]},"_links":{"self":[{"href":"https:\/\/www.sonami.cl\/v2\/wp-json\/wp\/v2\/pages\/19200","targetHints":{"allow":["GET"]}}],"collection":[{"href":"https:\/\/www.sonami.cl\/v2\/wp-json\/wp\/v2\/pages"}],"about":[{"href":"https:\/\/www.sonami.cl\/v2\/wp-json\/wp\/v2\/types\/page"}],"author":[{"embeddable":true,"href":"https:\/\/www.sonami.cl\/v2\/wp-json\/wp\/v2\/users\/1"}],"replies":[{"embeddable":true,"href":"https:\/\/www.sonami.cl\/v2\/wp-json\/wp\/v2\/comments?post=19200"}],"version-history":[{"count":4,"href":"https:\/\/www.sonami.cl\/v2\/wp-json\/wp\/v2\/pages\/19200\/revisions"}],"predecessor-version":[{"id":19205,"href":"https:\/\/www.sonami.cl\/v2\/wp-json\/wp\/v2\/pages\/19200\/revisions\/19205"}],"up":[{"embeddable":true,"href":"https:\/\/www.sonami.cl\/v2\/wp-json\/wp\/v2\/pages\/18915"}],"wp:attachment":[{"href":"https:\/\/www.sonami.cl\/v2\/wp-json\/wp\/v2\/media?parent=19200"}],"wp:term":[{"taxonomy":"category","embeddable":true,"href":"https:\/\/www.sonami.cl\/v2\/wp-json\/wp\/v2\/categories?post=19200"},{"taxonomy":"post_tag","embeddable":true,"href":"https:\/\/www.sonami.cl\/v2\/wp-json\/wp\/v2\/tags?post=19200"}],"curies":[{"name":"wp","href":"https:\/\/api.w.org\/{rel}","templated":true}]}}