{"id":186,"date":"2015-09-16T14:09:52","date_gmt":"2015-09-16T14:09:52","guid":{"rendered":"http:\/\/www.sonami.cl\/v2\/?page_id=186"},"modified":"2015-09-16T15:05:46","modified_gmt":"2015-09-16T15:05:46","slug":"tramites-instalacion","status":"publish","type":"page","link":"https:\/\/www.sonami.cl\/v2\/informacion-de-la-mineria\/tramites-instalacion\/","title":{"rendered":"TR\u00c1MITES INSTALACI\u00d3N"},"content":{"rendered":"","protected":false},"excerpt":{"rendered":"","protected":false},"author":1,"featured_media":0,"parent":38,"menu_order":11,"comment_status":"open","ping_status":"open","template":"","meta":{"_acf_changed":false,"footnotes":"","_links_to":"","_links_to_target":""},"categories":[],"tags":[],"class_list":["post-186","page","type-page","status-publish","hentry"],"acf":[],"yoast_head":"<!-- This site is optimized with the Yoast SEO plugin v27.4 - https:\/\/yoast.com\/product\/yoast-seo-wordpress\/ -->\n<title>TR\u00c1MITES INSTALACI\u00d3N - SONAMI :: Sociedad Nacional de Miner\u00eda - Chile<\/title>\n<meta name=\"robots\" content=\"index, follow, max-snippet:-1, max-image-preview:large, max-video-preview:-1\" \/>\n<link rel=\"canonical\" href=\"https:\/\/www.sonami.cl\/v2\/informacion-de-la-mineria\/tramites-instalacion\/\" \/>\n<meta property=\"og:locale\" content=\"es_ES\" \/>\n<meta property=\"og:type\" content=\"article\" \/>\n<meta property=\"og:title\" content=\"TR\u00c1MITES INSTALACI\u00d3N - SONAMI :: Sociedad Nacional de Miner\u00eda - Chile\" \/>\n<meta property=\"og:url\" content=\"https:\/\/www.sonami.cl\/v2\/informacion-de-la-mineria\/tramites-instalacion\/\" \/>\n<meta property=\"og:site_name\" content=\"SONAMI :: Sociedad Nacional de Miner\u00eda - Chile\" \/>\n<meta property=\"article:publisher\" content=\"https:\/\/www.facebook.com\/SonamiChile\/\" \/>\n<meta property=\"article:modified_time\" content=\"2015-09-16T15:05:46+00:00\" \/>\n<meta name=\"twitter:card\" content=\"summary_large_image\" \/>\n<meta name=\"twitter:site\" content=\"@Sonami_Chile\" \/>\n<script type=\"application\/ld+json\" class=\"yoast-schema-graph\">{\"@context\":\"https:\\\/\\\/schema.org\",\"@graph\":[{\"@type\":\"WebPage\",\"@id\":\"https:\\\/\\\/www.sonami.cl\\\/v2\\\/informacion-de-la-mineria\\\/tramites-instalacion\\\/\",\"url\":\"https:\\\/\\\/www.sonami.cl\\\/v2\\\/informacion-de-la-mineria\\\/tramites-instalacion\\\/\",\"name\":\"TR\u00c1MITES INSTALACI\u00d3N - SONAMI :: Sociedad Nacional de Miner\u00eda - Chile\",\"isPartOf\":{\"@id\":\"https:\\\/\\\/www.sonami.cl\\\/v2\\\/#website\"},\"datePublished\":\"2015-09-16T14:09:52+00:00\",\"dateModified\":\"2015-09-16T15:05:46+00:00\",\"breadcrumb\":{\"@id\":\"https:\\\/\\\/www.sonami.cl\\\/v2\\\/informacion-de-la-mineria\\\/tramites-instalacion\\\/#breadcrumb\"},\"inLanguage\":\"es\",\"potentialAction\":[{\"@type\":\"ReadAction\",\"target\":[\"https:\\\/\\\/www.sonami.cl\\\/v2\\\/informacion-de-la-mineria\\\/tramites-instalacion\\\/\"]}]},{\"@type\":\"BreadcrumbList\",\"@id\":\"https:\\\/\\\/www.sonami.cl\\\/v2\\\/informacion-de-la-mineria\\\/tramites-instalacion\\\/#breadcrumb\",\"itemListElement\":[{\"@type\":\"ListItem\",\"position\":1,\"name\":\"INFORMACI\u00d3N DE LA MINER\u00cdA\",\"item\":\"https:\\\/\\\/www.sonami.cl\\\/v2\\\/informacion-de-la-mineria\\\/\"},{\"@type\":\"ListItem\",\"position\":2,\"name\":\"TR\u00c1MITES INSTALACI\u00d3N\"}]},{\"@type\":\"WebSite\",\"@id\":\"https:\\\/\\\/www.sonami.cl\\\/v2\\\/#website\",\"url\":\"https:\\\/\\\/www.sonami.cl\\\/v2\\\/\",\"name\":\"SONAMI :: Sociedad Nacional de Miner\u00eda - Chile\",\"description\":\"Sociedad Nacional de Mineria de Chile, dedicada al estudio de la miner\u00eda en Chile y latinoamericana, contempla la entrega semanal, mensual, anual de estad\u00edsticas en el medio minero de Chile\",\"publisher\":{\"@id\":\"https:\\\/\\\/www.sonami.cl\\\/v2\\\/#organization\"},\"potentialAction\":[{\"@type\":\"SearchAction\",\"target\":{\"@type\":\"EntryPoint\",\"urlTemplate\":\"https:\\\/\\\/www.sonami.cl\\\/v2\\\/?s={search_term_string}\"},\"query-input\":{\"@type\":\"PropertyValueSpecification\",\"valueRequired\":true,\"valueName\":\"search_term_string\"}}],\"inLanguage\":\"es\"},{\"@type\":\"Organization\",\"@id\":\"https:\\\/\\\/www.sonami.cl\\\/v2\\\/#organization\",\"name\":\"SONAMI :: Sociedad Nacional de Miner\u00eda - Chile\",\"url\":\"https:\\\/\\\/www.sonami.cl\\\/v2\\\/\",\"logo\":{\"@type\":\"ImageObject\",\"inLanguage\":\"es\",\"@id\":\"https:\\\/\\\/www.sonami.cl\\\/v2\\\/#\\\/schema\\\/logo\\\/image\\\/\",\"url\":\"https:\\\/\\\/www.sonami.cl\\\/v2\\\/wp-content\\\/uploads\\\/2021\\\/07\\\/logo-v2.jpg\",\"contentUrl\":\"https:\\\/\\\/www.sonami.cl\\\/v2\\\/wp-content\\\/uploads\\\/2021\\\/07\\\/logo-v2.jpg\",\"width\":160,\"height\":170,\"caption\":\"SONAMI :: Sociedad Nacional de Miner\u00eda - Chile\"},\"image\":{\"@id\":\"https:\\\/\\\/www.sonami.cl\\\/v2\\\/#\\\/schema\\\/logo\\\/image\\\/\"},\"sameAs\":[\"https:\\\/\\\/www.facebook.com\\\/SonamiChile\\\/\",\"https:\\\/\\\/x.com\\\/Sonami_Chile\",\"https:\\\/\\\/www.youtube.com\\\/user\\\/SonamiChile\"]}]}<\/script>\n<!-- \/ Yoast SEO plugin. -->","yoast_head_json":{"title":"TR\u00c1MITES INSTALACI\u00d3N - SONAMI :: Sociedad Nacional de Miner\u00eda - Chile","robots":{"index":"index","follow":"follow","max-snippet":"max-snippet:-1","max-image-preview":"max-image-preview:large","max-video-preview":"max-video-preview:-1"},"canonical":"https:\/\/www.sonami.cl\/v2\/informacion-de-la-mineria\/tramites-instalacion\/","og_locale":"es_ES","og_type":"article","og_title":"TR\u00c1MITES INSTALACI\u00d3N - SONAMI :: Sociedad Nacional de Miner\u00eda - Chile","og_url":"https:\/\/www.sonami.cl\/v2\/informacion-de-la-mineria\/tramites-instalacion\/","og_site_name":"SONAMI :: Sociedad Nacional de Miner\u00eda - Chile","article_publisher":"https:\/\/www.facebook.com\/SonamiChile\/","article_modified_time":"2015-09-16T15:05:46+00:00","twitter_card":"summary_large_image","twitter_site":"@Sonami_Chile","schema":{"@context":"https:\/\/schema.org","@graph":[{"@type":"WebPage","@id":"https:\/\/www.sonami.cl\/v2\/informacion-de-la-mineria\/tramites-instalacion\/","url":"https:\/\/www.sonami.cl\/v2\/informacion-de-la-mineria\/tramites-instalacion\/","name":"TR\u00c1MITES INSTALACI\u00d3N - SONAMI :: Sociedad Nacional de Miner\u00eda - Chile","isPartOf":{"@id":"https:\/\/www.sonami.cl\/v2\/#website"},"datePublished":"2015-09-16T14:09:52+00:00","dateModified":"2015-09-16T15:05:46+00:00","breadcrumb":{"@id":"https:\/\/www.sonami.cl\/v2\/informacion-de-la-mineria\/tramites-instalacion\/#breadcrumb"},"inLanguage":"es","potentialAction":[{"@type":"ReadAction","target":["https:\/\/www.sonami.cl\/v2\/informacion-de-la-mineria\/tramites-instalacion\/"]}]},{"@type":"BreadcrumbList","@id":"https:\/\/www.sonami.cl\/v2\/informacion-de-la-mineria\/tramites-instalacion\/#breadcrumb","itemListElement":[{"@type":"ListItem","position":1,"name":"INFORMACI\u00d3N DE LA MINER\u00cdA","item":"https:\/\/www.sonami.cl\/v2\/informacion-de-la-mineria\/"},{"@type":"ListItem","position":2,"name":"TR\u00c1MITES INSTALACI\u00d3N"}]},{"@type":"WebSite","@id":"https:\/\/www.sonami.cl\/v2\/#website","url":"https:\/\/www.sonami.cl\/v2\/","name":"SONAMI :: Sociedad Nacional de Miner\u00eda - Chile","description":"Sociedad Nacional de Mineria de Chile, dedicada al estudio de la miner\u00eda en Chile y latinoamericana, contempla la entrega semanal, mensual, anual de estad\u00edsticas en el medio minero de Chile","publisher":{"@id":"https:\/\/www.sonami.cl\/v2\/#organization"},"potentialAction":[{"@type":"SearchAction","target":{"@type":"EntryPoint","urlTemplate":"https:\/\/www.sonami.cl\/v2\/?s={search_term_string}"},"query-input":{"@type":"PropertyValueSpecification","valueRequired":true,"valueName":"search_term_string"}}],"inLanguage":"es"},{"@type":"Organization","@id":"https:\/\/www.sonami.cl\/v2\/#organization","name":"SONAMI :: Sociedad Nacional de Miner\u00eda - Chile","url":"https:\/\/www.sonami.cl\/v2\/","logo":{"@type":"ImageObject","inLanguage":"es","@id":"https:\/\/www.sonami.cl\/v2\/#\/schema\/logo\/image\/","url":"https:\/\/www.sonami.cl\/v2\/wp-content\/uploads\/2021\/07\/logo-v2.jpg","contentUrl":"https:\/\/www.sonami.cl\/v2\/wp-content\/uploads\/2021\/07\/logo-v2.jpg","width":160,"height":170,"caption":"SONAMI :: Sociedad Nacional de Miner\u00eda - Chile"},"image":{"@id":"https:\/\/www.sonami.cl\/v2\/#\/schema\/logo\/image\/"},"sameAs":["https:\/\/www.facebook.com\/SonamiChile\/","https:\/\/x.com\/Sonami_Chile","https:\/\/www.youtube.com\/user\/SonamiChile"]}]}},"publishpress_future_workflow_manual_trigger":{"enabledWorkflows":[]},"_links":{"self":[{"href":"https:\/\/www.sonami.cl\/v2\/wp-json\/wp\/v2\/pages\/186","targetHints":{"allow":["GET"]}}],"collection":[{"href":"https:\/\/www.sonami.cl\/v2\/wp-json\/wp\/v2\/pages"}],"about":[{"href":"https:\/\/www.sonami.cl\/v2\/wp-json\/wp\/v2\/types\/page"}],"author":[{"embeddable":true,"href":"https:\/\/www.sonami.cl\/v2\/wp-json\/wp\/v2\/users\/1"}],"replies":[{"embeddable":true,"href":"https:\/\/www.sonami.cl\/v2\/wp-json\/wp\/v2\/comments?post=186"}],"version-history":[{"count":0,"href":"https:\/\/www.sonami.cl\/v2\/wp-json\/wp\/v2\/pages\/186\/revisions"}],"up":[{"embeddable":true,"href":"https:\/\/www.sonami.cl\/v2\/wp-json\/wp\/v2\/pages\/38"}],"wp:attachment":[{"href":"https:\/\/www.sonami.cl\/v2\/wp-json\/wp\/v2\/media?parent=186"}],"wp:term":[{"taxonomy":"category","embeddable":true,"href":"https:\/\/www.sonami.cl\/v2\/wp-json\/wp\/v2\/categories?post=186"},{"taxonomy":"post_tag","embeddable":true,"href":"https:\/\/www.sonami.cl\/v2\/wp-json\/wp\/v2\/tags?post=186"}],"curies":[{"name":"wp","href":"https:\/\/api.w.org\/{rel}","templated":true}]}}