{"id":1833,"date":"2015-12-14T11:26:35","date_gmt":"2015-12-14T11:26:35","guid":{"rendered":"http:\/\/www.sonami.cl\/v2\/?page_id=1833"},"modified":"2016-07-15T18:55:48","modified_gmt":"2016-07-15T18:55:48","slug":"precio-del-cobre-refinado-nominal-y-real","status":"publish","type":"page","link":"https:\/\/www.sonami.cl\/v2\/informacion-de-la-mineria\/estadisticas\/precio-del-cobre-refinado-nominal-y-real\/","title":{"rendered":"Precio del cobre refinado nominal y real"},"content":{"rendered":"<h2 style=\"color: #e19634; margin-top: 20px;\">Cobre refinado nominal y real<\/h2>\n<p>[wc_divider style=\u00bbsolid\u00bb line=\u00bbsingle\u00bb margin_top=\u00bb\u00bb margin_bottom=\u00bb\u00bb]<br \/>\n<h2 class=\"wpdt-c\" id=\"wdt-table-title-171\">cUS$\/lb<\/h2>\n<div class=\"wpdt-c\">\n    \n<input type=\"hidden\" id=\"wdtNonceFrontendEdit\" name=\"wdtNonceFrontendEdit\" value=\"a2ac3de133\" \/><input type=\"hidden\" name=\"_wp_http_referer\" value=\"\/v2\/wp-json\/wp\/v2\/pages\/1833\" \/>    <input type=\"hidden\" id=\"table_1_desc\" value='{\"tableId\":\"table_1\",\"tableType\":\"manual\",\"selector\":\"#table_1\",\"responsive\":true,\"editable\":false,\"inlineEditing\":false,\"infoBlock\":true,\"globalSearch\":true,\"showRowsPerPage\":true,\"popoverTools\":false,\"hideBeforeLoad\":true,\"number_format\":1,\"decimalPlaces\":2,\"spinnerSrc\":\"https:\\\/\\\/www.sonami.cl\\\/v2\\\/wp-content\\\/plugins\\\/wpdatatables_v23\\\/assets\\\/\\\/img\\\/spinner.gif\",\"groupingEnabled\":false,\"tableWpId\":\"171\",\"dataTableParams\":{\"sDom\":\"BT\\u003C\\u0027clear\\u0027\\u003Elftip\",\"bSortCellsTop\":false,\"bFilter\":true,\"bPaginate\":true,\"aLengthMenu\":[[1,5,10,25,50,100,-1],[1,5,10,25,50,100,\"All\"]],\"iDisplayLength\":10,\"columnDefs\":[{\"sType\":\"formatted-num\",\"wdtType\":\"int\",\"bVisible\":false,\"orderable\":true,\"searchable\":true,\"InputType\":\"text\",\"name\":\"wdt_ID\",\"origHeader\":\"wdt_ID\",\"notNull\":false,\"conditionalFormattingRules\":[],\"className\":\"numdata integer  column-wdt_id\",\"aTargets\":[0]},{\"sType\":\"date-custom\",\"wdtType\":\"date\",\"bVisible\":true,\"orderable\":true,\"searchable\":true,\"InputType\":\"date\",\"name\":\"fecha\",\"origHeader\":\"fecha\",\"notNull\":false,\"conditionalFormattingRules\":[],\"className\":\" column-fecha\",\"aTargets\":[1]},{\"sType\":\"formatted-num\",\"wdtType\":\"float\",\"bVisible\":true,\"orderable\":true,\"searchable\":true,\"InputType\":\"text\",\"name\":\"lme\",\"origHeader\":\"lme\",\"notNull\":false,\"conditionalFormattingRules\":[],\"className\":\"numdata float  column-lme\",\"aTargets\":[2]}],\"bAutoWidth\":false,\"order\":[[1,\"desc\"]],\"ordering\":true,\"oLanguage\":{\"sProcessing\":\"Procesando...\",\"sLengthMenu\":\"Mostrar _MENU_ registros\",\"sZeroRecords\":\"No se encontraron resultados\",\"sEmptyTable\":\"Ning\\u00fan dato disponible en esta tabla\",\"sInfo\":\"Mostrando registros del _START_ al _END_ de un total de _TOTAL_ registros\",\"sInfoEmpty\":\"Mostrando registros del 0 al 0 de un total de 0 registros\",\"sInfoFiltered\":\"(filtrado de un total de _MAX_ registros)\",\"sInfoPostFix\":\"\",\"sSearch\":\"Buscar:\",\"sUrl\":\"\",\"sInfoThousands\":\",\",\"sLoadingRecords\":\"Cargando...\",\"oPaginate\":{\"sFirst\":\"Primero\",\"sLast\":\"\\u00daltimo\",\"sNext\":\"Siguiente\",\"sPrevious\":\"Anterior\"},\"fnInfoCallback\":null,\"oAria\":{\"sSortAscending\":\": Activar para ordernar la columna de manera ascendente\",\"sSortDescending\":\": Activar para ordernar la columna de manera descendente\"}},\"buttons\":[],\"bProcessing\":false,\"serverSide\":true,\"ajax\":{\"url\":\"https:\\\/\\\/www.sonami.cl\\\/v2\\\/wp-admin\\\/admin-ajax.php?action=get_wdtable&table_id=171\",\"type\":\"POST\"},\"sPaginationType\":\"full_numbers\",\"oSearch\":{\"bSmart\":false,\"bRegex\":false,\"sSearch\":\"\"}},\"tabletWidth\":\"1024\",\"mobileWidth\":\"480\",\"advancedFilterEnabled\":true,\"advancedFilterOptions\":{\"aoColumns\":[{\"type\":\"null\",\"possibleValuesType\":\"read\",\"values\":null,\"origHeader\":\"wdt_ID\",\"displayHeader\":\"wdt_ID\",\"possibleValuesAddEmpty\":false,\"possibleValuesAjax\":10,\"defaultValue\":\"\",\"exactFiltering\":false,\"filterLabel\":\"\",\"checkboxesInModal\":0,\"linkButtonLabel\":\"\"},{\"type\":\"date-range\",\"possibleValuesType\":\"read\",\"values\":null,\"origHeader\":\"fecha\",\"displayHeader\":\"Fecha\",\"possibleValuesAddEmpty\":false,\"possibleValuesAjax\":10,\"defaultValue\":\"\",\"exactFiltering\":false,\"filterLabel\":\"\",\"checkboxesInModal\":0,\"linkButtonLabel\":\"\"},{\"type\":\"number\",\"possibleValuesType\":\"read\",\"values\":null,\"origHeader\":\"lme\",\"displayHeader\":\"LME\",\"possibleValuesAddEmpty\":false,\"possibleValuesAjax\":10,\"defaultValue\":\"\",\"exactFiltering\":false,\"filterLabel\":\"\",\"checkboxesInModal\":0,\"linkButtonLabel\":\"\"}],\"bUseColVis\":true},\"filterInForm\":false,\"serverSide\":true,\"autoRefreshInterval\":0,\"processing\":true,\"fnServerData\":true,\"columnsFixed\":0,\"sumFunctionsLabel\":\"\",\"avgFunctionsLabel\":\"\",\"minFunctionsLabel\":\"\",\"maxFunctionsLabel\":\"\",\"columnsDecimalPlaces\":{\"wdt_ID\":-1,\"fecha\":-1,\"lme\":-1},\"columnsThousandsSeparator\":{\"wdt_ID\":0},\"sumColumns\":[],\"avgColumns\":[],\"sumAvgColumns\":[],\"timeFormat\":\"h:i A\",\"datepickFormat\":\"dd\\\/mm\\\/yy\"}'\/>\n\n    <table id=\"table_1\"\n           class=\" responsive display nowrap data-t data-t wpDataTable\"\n           style=\"display: none; \"\n           data-described-by='table_1_desc'\n           data-wpdatatable_id=\"171\">\n\n        <!-- Table header -->\n        \n<thead>\n<tr>\n                    <th\n                        class=\" wdtheader sort numdata integer \"\n        style=\"\">wdt_ID<\/th>        <th\n        data-class=\"expand\"                class=\" wdtheader sort \"\n        style=\"\">Fecha<\/th>        <th\n                        class=\" wdtheader sort numdata float \"\n        style=\"\">LME<\/th>    <\/tr>\n<\/thead>\n        <!-- \/Table header -->\n\n        <!-- Table body -->\n        \n<tbody>\n        <tr id=\"table_171_row_0\">\n                    <td style=\"\">1<\/td>\n                    <td style=\"\">04\/01\/1999<\/td>\n                    <td style=\"\">65,30<\/td>\n            <\/tr>\n            <tr id=\"table_171_row_1\">\n                    <td style=\"\">2<\/td>\n                    <td style=\"\">05\/01\/1999<\/td>\n                    <td style=\"\">64,16<\/td>\n            <\/tr>\n            <tr id=\"table_171_row_2\">\n                    <td style=\"\">3<\/td>\n                    <td style=\"\">06\/01\/1999<\/td>\n                    <td style=\"\">63,84<\/td>\n            <\/tr>\n            <tr id=\"table_171_row_3\">\n                    <td style=\"\">4<\/td>\n                    <td style=\"\">07\/01\/1999<\/td>\n                    <td style=\"\">64,82<\/td>\n            <\/tr>\n            <tr id=\"table_171_row_4\">\n                    <td style=\"\">5<\/td>\n                    <td style=\"\">08\/01\/1999<\/td>\n                    <td style=\"\">65,16<\/td>\n            <\/tr>\n            <tr id=\"table_171_row_5\">\n                    <td style=\"\">6<\/td>\n                    <td style=\"\">11\/01\/1999<\/td>\n                    <td style=\"\">65,30<\/td>\n            <\/tr>\n            <tr id=\"table_171_row_6\">\n                    <td style=\"\">7<\/td>\n                    <td style=\"\">12\/01\/1999<\/td>\n                    <td style=\"\">66,36<\/td>\n            <\/tr>\n            <tr id=\"table_171_row_7\">\n                    <td style=\"\">8<\/td>\n                    <td style=\"\">13\/01\/1999<\/td>\n                    <td style=\"\">65,64<\/td>\n            <\/tr>\n            <tr id=\"table_171_row_8\">\n                    <td style=\"\">9<\/td>\n                    <td style=\"\">14\/01\/1999<\/td>\n                    <td style=\"\">65,05<\/td>\n            <\/tr>\n            <tr id=\"table_171_row_9\">\n                    <td style=\"\">10<\/td>\n                    <td style=\"\">15\/01\/1999<\/td>\n                    <td style=\"\">64,98<\/td>\n            <\/tr>\n    <\/tbody>        <!-- \/Table body -->\n\n        <!-- Table footer -->\n        \n    <tfoot>\n                <tr >\n                            <td\n                class=\"wdtheader sort numdata integer \"\n                style=\"\"><\/td>                <td\n                class=\"wdtheader sort \"\n                style=\"\">Fecha<\/td>                <td\n                class=\"wdtheader sort numdata float \"\n                style=\"\">LME<\/td>        <\/tr>\n                            <\/tfoot>\n        <!-- \/Table footer -->\n\n    <\/table>\n\n<\/div><style>\ntable.wpDataTable { table-layout: fixed !important; }\ntable.wpDataTable td, table.wpDataTable th { white-space: normal !important; }\n@media (max-width: 1024px) {\n    .wpdt-c {\n        font-size: 15px;\n    }\n}\n\n@media (max-width: 768px) {\n    \/* Oculta la cabecera de la columna 'autor' en dispositivos m\u00f3viles *\/\n    th.wdtheader.sort.sorting_disabled.column-autor {\n        display: none;\n    }\n\n    \/* Oculta las celdas de la columna 'autor' en dispositivos m\u00f3viles *\/\n    td.column-autor {\n        display: none;\n    }\n\n    \/* Oculta la cabecera de la columna 'descripci\u00f3n' en dispositivos m\u00f3viles *\/\n    th.wdtheader.sort.sorting_disabled.column-descripcion {\n        display: none;\n    }\n\n    \/* Oculta las celdas de la columna 'descripci\u00f3n' en dispositivos m\u00f3viles *\/\n    td.column-descripcion {\n        display: none;\n    }\n}\n\n.wpdt-c a {\n    color: #A35038 !important;\n}table.wpDataTable td.numdata { text-align: right !important; }\n<\/style>\n<\/p>\n","protected":false},"excerpt":{"rendered":"<p>Cobre refinado nominal y real [wc_divider style=\u00bbsolid\u00bb line=\u00bbsingle\u00bb margin_top=\u00bb\u00bb margin_bottom=\u00bb\u00bb]<\/p>\n","protected":false},"author":1,"featured_media":0,"parent":1296,"menu_order":5,"comment_status":"closed","ping_status":"closed","template":"","meta":{"_acf_changed":false,"footnotes":"","_links_to":"","_links_to_target":""},"categories":[],"tags":[],"class_list":["post-1833","page","type-page","status-publish","hentry"],"acf":[],"yoast_head":"<!-- This site is optimized with the Yoast SEO plugin v27.4 - https:\/\/yoast.com\/product\/yoast-seo-wordpress\/ -->\n<title>Precio del cobre refinado nominal y real - SONAMI :: Sociedad Nacional de Miner\u00eda - Chile<\/title>\n<meta name=\"robots\" content=\"index, follow, max-snippet:-1, max-image-preview:large, max-video-preview:-1\" \/>\n<link rel=\"canonical\" href=\"https:\/\/www.sonami.cl\/v2\/informacion-de-la-mineria\/estadisticas\/precio-del-cobre-refinado-nominal-y-real\/\" \/>\n<meta property=\"og:locale\" content=\"es_ES\" \/>\n<meta property=\"og:type\" content=\"article\" \/>\n<meta property=\"og:title\" content=\"Precio del cobre refinado nominal y real - SONAMI :: Sociedad Nacional de Miner\u00eda - Chile\" \/>\n<meta property=\"og:description\" content=\"Cobre refinado nominal y real [wc_divider style=\u00bbsolid\u00bb line=\u00bbsingle\u00bb margin_top=\u00bb\u00bb margin_bottom=\u00bb\u00bb]\" \/>\n<meta property=\"og:url\" content=\"https:\/\/www.sonami.cl\/v2\/informacion-de-la-mineria\/estadisticas\/precio-del-cobre-refinado-nominal-y-real\/\" \/>\n<meta property=\"og:site_name\" content=\"SONAMI :: Sociedad Nacional de Miner\u00eda - Chile\" \/>\n<meta property=\"article:publisher\" content=\"https:\/\/www.facebook.com\/SonamiChile\/\" \/>\n<meta property=\"article:modified_time\" content=\"2016-07-15T18:55:48+00:00\" \/>\n<meta name=\"twitter:card\" content=\"summary_large_image\" \/>\n<meta name=\"twitter:site\" content=\"@Sonami_Chile\" \/>\n<script type=\"application\/ld+json\" class=\"yoast-schema-graph\">{\"@context\":\"https:\\\/\\\/schema.org\",\"@graph\":[{\"@type\":\"WebPage\",\"@id\":\"https:\\\/\\\/www.sonami.cl\\\/v2\\\/informacion-de-la-mineria\\\/estadisticas\\\/precio-del-cobre-refinado-nominal-y-real\\\/\",\"url\":\"https:\\\/\\\/www.sonami.cl\\\/v2\\\/informacion-de-la-mineria\\\/estadisticas\\\/precio-del-cobre-refinado-nominal-y-real\\\/\",\"name\":\"Precio del cobre refinado nominal y real - SONAMI :: Sociedad Nacional de Miner\u00eda - Chile\",\"isPartOf\":{\"@id\":\"https:\\\/\\\/www.sonami.cl\\\/v2\\\/#website\"},\"datePublished\":\"2015-12-14T11:26:35+00:00\",\"dateModified\":\"2016-07-15T18:55:48+00:00\",\"breadcrumb\":{\"@id\":\"https:\\\/\\\/www.sonami.cl\\\/v2\\\/informacion-de-la-mineria\\\/estadisticas\\\/precio-del-cobre-refinado-nominal-y-real\\\/#breadcrumb\"},\"inLanguage\":\"es\",\"potentialAction\":[{\"@type\":\"ReadAction\",\"target\":[\"https:\\\/\\\/www.sonami.cl\\\/v2\\\/informacion-de-la-mineria\\\/estadisticas\\\/precio-del-cobre-refinado-nominal-y-real\\\/\"]}]},{\"@type\":\"BreadcrumbList\",\"@id\":\"https:\\\/\\\/www.sonami.cl\\\/v2\\\/informacion-de-la-mineria\\\/estadisticas\\\/precio-del-cobre-refinado-nominal-y-real\\\/#breadcrumb\",\"itemListElement\":[{\"@type\":\"ListItem\",\"position\":1,\"name\":\"INFORMACI\u00d3N DE LA MINER\u00cdA\",\"item\":\"https:\\\/\\\/www.sonami.cl\\\/v2\\\/informacion-de-la-mineria\\\/\"},{\"@type\":\"ListItem\",\"position\":2,\"name\":\"Estad\u00edsticas\",\"item\":\"https:\\\/\\\/www.sonami.cl\\\/v2\\\/informacion-de-la-mineria\\\/\"},{\"@type\":\"ListItem\",\"position\":3,\"name\":\"Precio del cobre refinado nominal y real\"}]},{\"@type\":\"WebSite\",\"@id\":\"https:\\\/\\\/www.sonami.cl\\\/v2\\\/#website\",\"url\":\"https:\\\/\\\/www.sonami.cl\\\/v2\\\/\",\"name\":\"SONAMI :: Sociedad Nacional de Miner\u00eda - Chile\",\"description\":\"Sociedad Nacional de Mineria de Chile, dedicada al estudio de la miner\u00eda en Chile y latinoamericana, contempla la entrega semanal, mensual, anual de estad\u00edsticas en el medio minero de Chile\",\"publisher\":{\"@id\":\"https:\\\/\\\/www.sonami.cl\\\/v2\\\/#organization\"},\"potentialAction\":[{\"@type\":\"SearchAction\",\"target\":{\"@type\":\"EntryPoint\",\"urlTemplate\":\"https:\\\/\\\/www.sonami.cl\\\/v2\\\/?s={search_term_string}\"},\"query-input\":{\"@type\":\"PropertyValueSpecification\",\"valueRequired\":true,\"valueName\":\"search_term_string\"}}],\"inLanguage\":\"es\"},{\"@type\":\"Organization\",\"@id\":\"https:\\\/\\\/www.sonami.cl\\\/v2\\\/#organization\",\"name\":\"SONAMI :: Sociedad Nacional de Miner\u00eda - Chile\",\"url\":\"https:\\\/\\\/www.sonami.cl\\\/v2\\\/\",\"logo\":{\"@type\":\"ImageObject\",\"inLanguage\":\"es\",\"@id\":\"https:\\\/\\\/www.sonami.cl\\\/v2\\\/#\\\/schema\\\/logo\\\/image\\\/\",\"url\":\"https:\\\/\\\/www.sonami.cl\\\/v2\\\/wp-content\\\/uploads\\\/2021\\\/07\\\/logo-v2.jpg\",\"contentUrl\":\"https:\\\/\\\/www.sonami.cl\\\/v2\\\/wp-content\\\/uploads\\\/2021\\\/07\\\/logo-v2.jpg\",\"width\":160,\"height\":170,\"caption\":\"SONAMI :: Sociedad Nacional de Miner\u00eda - Chile\"},\"image\":{\"@id\":\"https:\\\/\\\/www.sonami.cl\\\/v2\\\/#\\\/schema\\\/logo\\\/image\\\/\"},\"sameAs\":[\"https:\\\/\\\/www.facebook.com\\\/SonamiChile\\\/\",\"https:\\\/\\\/x.com\\\/Sonami_Chile\",\"https:\\\/\\\/www.youtube.com\\\/user\\\/SonamiChile\"]}]}<\/script>\n<!-- \/ Yoast SEO plugin. -->","yoast_head_json":{"title":"Precio del cobre refinado nominal y real - SONAMI :: Sociedad Nacional de Miner\u00eda - Chile","robots":{"index":"index","follow":"follow","max-snippet":"max-snippet:-1","max-image-preview":"max-image-preview:large","max-video-preview":"max-video-preview:-1"},"canonical":"https:\/\/www.sonami.cl\/v2\/informacion-de-la-mineria\/estadisticas\/precio-del-cobre-refinado-nominal-y-real\/","og_locale":"es_ES","og_type":"article","og_title":"Precio del cobre refinado nominal y real - SONAMI :: Sociedad Nacional de Miner\u00eda - Chile","og_description":"Cobre refinado nominal y real [wc_divider style=\u00bbsolid\u00bb line=\u00bbsingle\u00bb margin_top=\u00bb\u00bb margin_bottom=\u00bb\u00bb]","og_url":"https:\/\/www.sonami.cl\/v2\/informacion-de-la-mineria\/estadisticas\/precio-del-cobre-refinado-nominal-y-real\/","og_site_name":"SONAMI :: Sociedad Nacional de Miner\u00eda - Chile","article_publisher":"https:\/\/www.facebook.com\/SonamiChile\/","article_modified_time":"2016-07-15T18:55:48+00:00","twitter_card":"summary_large_image","twitter_site":"@Sonami_Chile","schema":{"@context":"https:\/\/schema.org","@graph":[{"@type":"WebPage","@id":"https:\/\/www.sonami.cl\/v2\/informacion-de-la-mineria\/estadisticas\/precio-del-cobre-refinado-nominal-y-real\/","url":"https:\/\/www.sonami.cl\/v2\/informacion-de-la-mineria\/estadisticas\/precio-del-cobre-refinado-nominal-y-real\/","name":"Precio del cobre refinado nominal y real - SONAMI :: Sociedad Nacional de Miner\u00eda - Chile","isPartOf":{"@id":"https:\/\/www.sonami.cl\/v2\/#website"},"datePublished":"2015-12-14T11:26:35+00:00","dateModified":"2016-07-15T18:55:48+00:00","breadcrumb":{"@id":"https:\/\/www.sonami.cl\/v2\/informacion-de-la-mineria\/estadisticas\/precio-del-cobre-refinado-nominal-y-real\/#breadcrumb"},"inLanguage":"es","potentialAction":[{"@type":"ReadAction","target":["https:\/\/www.sonami.cl\/v2\/informacion-de-la-mineria\/estadisticas\/precio-del-cobre-refinado-nominal-y-real\/"]}]},{"@type":"BreadcrumbList","@id":"https:\/\/www.sonami.cl\/v2\/informacion-de-la-mineria\/estadisticas\/precio-del-cobre-refinado-nominal-y-real\/#breadcrumb","itemListElement":[{"@type":"ListItem","position":1,"name":"INFORMACI\u00d3N DE LA MINER\u00cdA","item":"https:\/\/www.sonami.cl\/v2\/informacion-de-la-mineria\/"},{"@type":"ListItem","position":2,"name":"Estad\u00edsticas","item":"https:\/\/www.sonami.cl\/v2\/informacion-de-la-mineria\/"},{"@type":"ListItem","position":3,"name":"Precio del cobre refinado nominal y real"}]},{"@type":"WebSite","@id":"https:\/\/www.sonami.cl\/v2\/#website","url":"https:\/\/www.sonami.cl\/v2\/","name":"SONAMI :: Sociedad Nacional de Miner\u00eda - Chile","description":"Sociedad Nacional de Mineria de Chile, dedicada al estudio de la miner\u00eda en Chile y latinoamericana, contempla la entrega semanal, mensual, anual de estad\u00edsticas en el medio minero de Chile","publisher":{"@id":"https:\/\/www.sonami.cl\/v2\/#organization"},"potentialAction":[{"@type":"SearchAction","target":{"@type":"EntryPoint","urlTemplate":"https:\/\/www.sonami.cl\/v2\/?s={search_term_string}"},"query-input":{"@type":"PropertyValueSpecification","valueRequired":true,"valueName":"search_term_string"}}],"inLanguage":"es"},{"@type":"Organization","@id":"https:\/\/www.sonami.cl\/v2\/#organization","name":"SONAMI :: Sociedad Nacional de Miner\u00eda - Chile","url":"https:\/\/www.sonami.cl\/v2\/","logo":{"@type":"ImageObject","inLanguage":"es","@id":"https:\/\/www.sonami.cl\/v2\/#\/schema\/logo\/image\/","url":"https:\/\/www.sonami.cl\/v2\/wp-content\/uploads\/2021\/07\/logo-v2.jpg","contentUrl":"https:\/\/www.sonami.cl\/v2\/wp-content\/uploads\/2021\/07\/logo-v2.jpg","width":160,"height":170,"caption":"SONAMI :: Sociedad Nacional de Miner\u00eda - Chile"},"image":{"@id":"https:\/\/www.sonami.cl\/v2\/#\/schema\/logo\/image\/"},"sameAs":["https:\/\/www.facebook.com\/SonamiChile\/","https:\/\/x.com\/Sonami_Chile","https:\/\/www.youtube.com\/user\/SonamiChile"]}]}},"publishpress_future_workflow_manual_trigger":{"enabledWorkflows":[]},"_links":{"self":[{"href":"https:\/\/www.sonami.cl\/v2\/wp-json\/wp\/v2\/pages\/1833","targetHints":{"allow":["GET"]}}],"collection":[{"href":"https:\/\/www.sonami.cl\/v2\/wp-json\/wp\/v2\/pages"}],"about":[{"href":"https:\/\/www.sonami.cl\/v2\/wp-json\/wp\/v2\/types\/page"}],"author":[{"embeddable":true,"href":"https:\/\/www.sonami.cl\/v2\/wp-json\/wp\/v2\/users\/1"}],"replies":[{"embeddable":true,"href":"https:\/\/www.sonami.cl\/v2\/wp-json\/wp\/v2\/comments?post=1833"}],"version-history":[{"count":0,"href":"https:\/\/www.sonami.cl\/v2\/wp-json\/wp\/v2\/pages\/1833\/revisions"}],"up":[{"embeddable":true,"href":"https:\/\/www.sonami.cl\/v2\/wp-json\/wp\/v2\/pages\/1296"}],"wp:attachment":[{"href":"https:\/\/www.sonami.cl\/v2\/wp-json\/wp\/v2\/media?parent=1833"}],"wp:term":[{"taxonomy":"category","embeddable":true,"href":"https:\/\/www.sonami.cl\/v2\/wp-json\/wp\/v2\/categories?post=1833"},{"taxonomy":"post_tag","embeddable":true,"href":"https:\/\/www.sonami.cl\/v2\/wp-json\/wp\/v2\/tags?post=1833"}],"curies":[{"name":"wp","href":"https:\/\/api.w.org\/{rel}","templated":true}]}}