{"id":1148,"date":"2015-11-10T20:19:59","date_gmt":"2015-11-10T20:19:59","guid":{"rendered":"http:\/\/www.sonami.cl\/v2\/?page_id=1148"},"modified":"2015-11-10T20:35:38","modified_gmt":"2015-11-10T20:35:38","slug":"socios-sonami","status":"publish","type":"page","link":"https:\/\/www.sonami.cl\/v2\/acerca-de-sonami\/socios-sonami\/","title":{"rendered":"SOCIOS SONAMI"},"content":{"rendered":"<h3 style=\"color: #0088B7;margin:20px 0 0 0;\">Socio Colaborador<\/h3>\n<p>Centro Intermedio para Capacitaci\u00f3n Proforma<br \/>\nDirecci\u00f3n: Avenida Los Leones 668-Providencia<br \/>\nTel\u00e9fono: 22352 9800<br \/>\nWeb: www.proforma.cl<br \/>\nGerente General<br \/>\nFabiola Mu\u00f1oz Vergara<\/p>\n<h3 style=\"color: #0088B7;margin:20px 0 0 0;\">Socios Personas Naturales<\/h3>\n<p>Agust\u00edn Mena Arroyo<br \/>\nAlfredo Guti\u00e9rrez Samohod<br \/>\nAndr\u00e9s Kapl\u00e1n Blamey<br \/>\nCarlos Lorca Garc\u00eda de la Pastora<br \/>\nEduardo Pinto Peralta<br \/>\nFernando Tietzen Harting<br \/>\nHern\u00e1n Ram\u00edrez Carrasco<br \/>\nHoracio Mel\u00e9ndez Elgueta<br \/>\nHugo Grez Bachur<br \/>\nJean Paul Luksic Fontbona<br \/>\nJohn Chellew Urz\u00faa<br \/>\nJos\u00e9 Horacio Bonzi Ortiz<br \/>\nJuan Carlos Urquidi Fell<br \/>\nJuan Elissetche Hurtado<br \/>\nRaimundo Langlois Vicu\u00f1a<br \/>\nRa\u00fal Artigas Jara<br \/>\nRen\u00e9 Martin Jure<br \/>\nSergio Hern\u00e1ndez N\u00fa\u00f1ez<\/p>\n","protected":false},"excerpt":{"rendered":"<p>Socio Colaborador Centro Intermedio para Capacitaci\u00f3n Proforma Direcci\u00f3n: Avenida Los Leones 668-Providencia Tel\u00e9fono: 22352 9800 Web: www.proforma.cl Gerente General Fabiola Mu\u00f1oz Vergara Socios Personas Naturales Agust\u00edn Mena Arroyo Alfredo Guti\u00e9rrez Samohod Andr\u00e9s Kapl\u00e1n Blamey Carlos Lorca Garc\u00eda de la Pastora Eduardo Pinto Peralta Fernando Tietzen Harting Hern\u00e1n Ram\u00edrez Carrasco Horacio Mel\u00e9ndez Elgueta Hugo Grez Bachur &hellip; <\/p>\n<p class=\"link-more\"><a href=\"https:\/\/www.sonami.cl\/v2\/acerca-de-sonami\/socios-sonami\/\" class=\"more-link\">Continuar leyendo<span class=\"screen-reader-text\"> \u00abSOCIOS SONAMI\u00bb<\/span><\/a><\/p>\n","protected":false},"author":1,"featured_media":0,"parent":44,"menu_order":0,"comment_status":"closed","ping_status":"closed","template":"page-2-columnas.php","meta":{"_acf_changed":false,"footnotes":"","_links_to":"","_links_to_target":""},"categories":[],"tags":[],"class_list":["post-1148","page","type-page","status-publish","hentry"],"acf":[],"yoast_head":"<!-- This site is optimized with the Yoast SEO plugin v27.4 - https:\/\/yoast.com\/product\/yoast-seo-wordpress\/ -->\n<title>SOCIOS SONAMI - SONAMI :: Sociedad Nacional de Miner\u00eda - Chile<\/title>\n<meta name=\"robots\" content=\"index, follow, max-snippet:-1, max-image-preview:large, max-video-preview:-1\" \/>\n<link rel=\"canonical\" href=\"https:\/\/www.sonami.cl\/v2\/acerca-de-sonami\/socios-sonami\/\" \/>\n<meta property=\"og:locale\" content=\"es_ES\" \/>\n<meta property=\"og:type\" content=\"article\" \/>\n<meta property=\"og:title\" content=\"SOCIOS SONAMI - SONAMI :: Sociedad Nacional de Miner\u00eda - Chile\" \/>\n<meta property=\"og:description\" content=\"Socio Colaborador Centro Intermedio para Capacitaci\u00f3n Proforma Direcci\u00f3n: Avenida Los Leones 668-Providencia Tel\u00e9fono: 22352 9800 Web: www.proforma.cl Gerente General Fabiola Mu\u00f1oz Vergara Socios Personas Naturales Agust\u00edn Mena Arroyo Alfredo Guti\u00e9rrez Samohod Andr\u00e9s Kapl\u00e1n Blamey Carlos Lorca Garc\u00eda de la Pastora Eduardo Pinto Peralta Fernando Tietzen Harting Hern\u00e1n Ram\u00edrez Carrasco Horacio Mel\u00e9ndez Elgueta Hugo Grez Bachur &hellip; Continuar leyendo &quot;SOCIOS SONAMI&quot;\" \/>\n<meta property=\"og:url\" content=\"https:\/\/www.sonami.cl\/v2\/acerca-de-sonami\/socios-sonami\/\" \/>\n<meta property=\"og:site_name\" content=\"SONAMI :: Sociedad Nacional de Miner\u00eda - Chile\" \/>\n<meta property=\"article:publisher\" content=\"https:\/\/www.facebook.com\/SonamiChile\/\" \/>\n<meta property=\"article:modified_time\" content=\"2015-11-10T20:35:38+00:00\" \/>\n<meta name=\"twitter:card\" content=\"summary_large_image\" \/>\n<meta name=\"twitter:site\" content=\"@Sonami_Chile\" \/>\n<meta name=\"twitter:label1\" content=\"Tiempo de lectura\" \/>\n\t<meta name=\"twitter:data1\" content=\"1 minuto\" \/>\n<script type=\"application\/ld+json\" class=\"yoast-schema-graph\">{\"@context\":\"https:\\\/\\\/schema.org\",\"@graph\":[{\"@type\":\"WebPage\",\"@id\":\"https:\\\/\\\/www.sonami.cl\\\/v2\\\/acerca-de-sonami\\\/socios-sonami\\\/\",\"url\":\"https:\\\/\\\/www.sonami.cl\\\/v2\\\/acerca-de-sonami\\\/socios-sonami\\\/\",\"name\":\"SOCIOS SONAMI - SONAMI :: Sociedad Nacional de Miner\u00eda - Chile\",\"isPartOf\":{\"@id\":\"https:\\\/\\\/www.sonami.cl\\\/v2\\\/#website\"},\"datePublished\":\"2015-11-10T20:19:59+00:00\",\"dateModified\":\"2015-11-10T20:35:38+00:00\",\"breadcrumb\":{\"@id\":\"https:\\\/\\\/www.sonami.cl\\\/v2\\\/acerca-de-sonami\\\/socios-sonami\\\/#breadcrumb\"},\"inLanguage\":\"es\",\"potentialAction\":[{\"@type\":\"ReadAction\",\"target\":[\"https:\\\/\\\/www.sonami.cl\\\/v2\\\/acerca-de-sonami\\\/socios-sonami\\\/\"]}]},{\"@type\":\"BreadcrumbList\",\"@id\":\"https:\\\/\\\/www.sonami.cl\\\/v2\\\/acerca-de-sonami\\\/socios-sonami\\\/#breadcrumb\",\"itemListElement\":[{\"@type\":\"ListItem\",\"position\":1,\"name\":\"QUI\u00c9NES SOMOS\",\"item\":\"https:\\\/\\\/www.sonami.cl\\\/v2\\\/acerca-de-sonami\\\/\"},{\"@type\":\"ListItem\",\"position\":2,\"name\":\"SOCIOS SONAMI\"}]},{\"@type\":\"WebSite\",\"@id\":\"https:\\\/\\\/www.sonami.cl\\\/v2\\\/#website\",\"url\":\"https:\\\/\\\/www.sonami.cl\\\/v2\\\/\",\"name\":\"SONAMI :: Sociedad Nacional de Miner\u00eda - Chile\",\"description\":\"Sociedad Nacional de Mineria de Chile, dedicada al estudio de la miner\u00eda en Chile y latinoamericana, contempla la entrega semanal, mensual, anual de estad\u00edsticas en el medio minero de Chile\",\"publisher\":{\"@id\":\"https:\\\/\\\/www.sonami.cl\\\/v2\\\/#organization\"},\"potentialAction\":[{\"@type\":\"SearchAction\",\"target\":{\"@type\":\"EntryPoint\",\"urlTemplate\":\"https:\\\/\\\/www.sonami.cl\\\/v2\\\/?s={search_term_string}\"},\"query-input\":{\"@type\":\"PropertyValueSpecification\",\"valueRequired\":true,\"valueName\":\"search_term_string\"}}],\"inLanguage\":\"es\"},{\"@type\":\"Organization\",\"@id\":\"https:\\\/\\\/www.sonami.cl\\\/v2\\\/#organization\",\"name\":\"SONAMI :: Sociedad Nacional de Miner\u00eda - Chile\",\"url\":\"https:\\\/\\\/www.sonami.cl\\\/v2\\\/\",\"logo\":{\"@type\":\"ImageObject\",\"inLanguage\":\"es\",\"@id\":\"https:\\\/\\\/www.sonami.cl\\\/v2\\\/#\\\/schema\\\/logo\\\/image\\\/\",\"url\":\"https:\\\/\\\/www.sonami.cl\\\/v2\\\/wp-content\\\/uploads\\\/2021\\\/07\\\/logo-v2.jpg\",\"contentUrl\":\"https:\\\/\\\/www.sonami.cl\\\/v2\\\/wp-content\\\/uploads\\\/2021\\\/07\\\/logo-v2.jpg\",\"width\":160,\"height\":170,\"caption\":\"SONAMI :: Sociedad Nacional de Miner\u00eda - Chile\"},\"image\":{\"@id\":\"https:\\\/\\\/www.sonami.cl\\\/v2\\\/#\\\/schema\\\/logo\\\/image\\\/\"},\"sameAs\":[\"https:\\\/\\\/www.facebook.com\\\/SonamiChile\\\/\",\"https:\\\/\\\/x.com\\\/Sonami_Chile\",\"https:\\\/\\\/www.youtube.com\\\/user\\\/SonamiChile\"]}]}<\/script>\n<!-- \/ Yoast SEO plugin. -->","yoast_head_json":{"title":"SOCIOS SONAMI - SONAMI :: Sociedad Nacional de Miner\u00eda - Chile","robots":{"index":"index","follow":"follow","max-snippet":"max-snippet:-1","max-image-preview":"max-image-preview:large","max-video-preview":"max-video-preview:-1"},"canonical":"https:\/\/www.sonami.cl\/v2\/acerca-de-sonami\/socios-sonami\/","og_locale":"es_ES","og_type":"article","og_title":"SOCIOS SONAMI - SONAMI :: Sociedad Nacional de Miner\u00eda - Chile","og_description":"Socio Colaborador Centro Intermedio para Capacitaci\u00f3n Proforma Direcci\u00f3n: Avenida Los Leones 668-Providencia Tel\u00e9fono: 22352 9800 Web: www.proforma.cl Gerente General Fabiola Mu\u00f1oz Vergara Socios Personas Naturales Agust\u00edn Mena Arroyo Alfredo Guti\u00e9rrez Samohod Andr\u00e9s Kapl\u00e1n Blamey Carlos Lorca Garc\u00eda de la Pastora Eduardo Pinto Peralta Fernando Tietzen Harting Hern\u00e1n Ram\u00edrez Carrasco Horacio Mel\u00e9ndez Elgueta Hugo Grez Bachur &hellip; Continuar leyendo \"SOCIOS SONAMI\"","og_url":"https:\/\/www.sonami.cl\/v2\/acerca-de-sonami\/socios-sonami\/","og_site_name":"SONAMI :: Sociedad Nacional de Miner\u00eda - Chile","article_publisher":"https:\/\/www.facebook.com\/SonamiChile\/","article_modified_time":"2015-11-10T20:35:38+00:00","twitter_card":"summary_large_image","twitter_site":"@Sonami_Chile","twitter_misc":{"Tiempo de lectura":"1 minuto"},"schema":{"@context":"https:\/\/schema.org","@graph":[{"@type":"WebPage","@id":"https:\/\/www.sonami.cl\/v2\/acerca-de-sonami\/socios-sonami\/","url":"https:\/\/www.sonami.cl\/v2\/acerca-de-sonami\/socios-sonami\/","name":"SOCIOS SONAMI - SONAMI :: Sociedad Nacional de Miner\u00eda - Chile","isPartOf":{"@id":"https:\/\/www.sonami.cl\/v2\/#website"},"datePublished":"2015-11-10T20:19:59+00:00","dateModified":"2015-11-10T20:35:38+00:00","breadcrumb":{"@id":"https:\/\/www.sonami.cl\/v2\/acerca-de-sonami\/socios-sonami\/#breadcrumb"},"inLanguage":"es","potentialAction":[{"@type":"ReadAction","target":["https:\/\/www.sonami.cl\/v2\/acerca-de-sonami\/socios-sonami\/"]}]},{"@type":"BreadcrumbList","@id":"https:\/\/www.sonami.cl\/v2\/acerca-de-sonami\/socios-sonami\/#breadcrumb","itemListElement":[{"@type":"ListItem","position":1,"name":"QUI\u00c9NES SOMOS","item":"https:\/\/www.sonami.cl\/v2\/acerca-de-sonami\/"},{"@type":"ListItem","position":2,"name":"SOCIOS SONAMI"}]},{"@type":"WebSite","@id":"https:\/\/www.sonami.cl\/v2\/#website","url":"https:\/\/www.sonami.cl\/v2\/","name":"SONAMI :: Sociedad Nacional de Miner\u00eda - Chile","description":"Sociedad Nacional de Mineria de Chile, dedicada al estudio de la miner\u00eda en Chile y latinoamericana, contempla la entrega semanal, mensual, anual de estad\u00edsticas en el medio minero de Chile","publisher":{"@id":"https:\/\/www.sonami.cl\/v2\/#organization"},"potentialAction":[{"@type":"SearchAction","target":{"@type":"EntryPoint","urlTemplate":"https:\/\/www.sonami.cl\/v2\/?s={search_term_string}"},"query-input":{"@type":"PropertyValueSpecification","valueRequired":true,"valueName":"search_term_string"}}],"inLanguage":"es"},{"@type":"Organization","@id":"https:\/\/www.sonami.cl\/v2\/#organization","name":"SONAMI :: Sociedad Nacional de Miner\u00eda - Chile","url":"https:\/\/www.sonami.cl\/v2\/","logo":{"@type":"ImageObject","inLanguage":"es","@id":"https:\/\/www.sonami.cl\/v2\/#\/schema\/logo\/image\/","url":"https:\/\/www.sonami.cl\/v2\/wp-content\/uploads\/2021\/07\/logo-v2.jpg","contentUrl":"https:\/\/www.sonami.cl\/v2\/wp-content\/uploads\/2021\/07\/logo-v2.jpg","width":160,"height":170,"caption":"SONAMI :: Sociedad Nacional de Miner\u00eda - Chile"},"image":{"@id":"https:\/\/www.sonami.cl\/v2\/#\/schema\/logo\/image\/"},"sameAs":["https:\/\/www.facebook.com\/SonamiChile\/","https:\/\/x.com\/Sonami_Chile","https:\/\/www.youtube.com\/user\/SonamiChile"]}]}},"publishpress_future_workflow_manual_trigger":{"enabledWorkflows":[]},"_links":{"self":[{"href":"https:\/\/www.sonami.cl\/v2\/wp-json\/wp\/v2\/pages\/1148","targetHints":{"allow":["GET"]}}],"collection":[{"href":"https:\/\/www.sonami.cl\/v2\/wp-json\/wp\/v2\/pages"}],"about":[{"href":"https:\/\/www.sonami.cl\/v2\/wp-json\/wp\/v2\/types\/page"}],"author":[{"embeddable":true,"href":"https:\/\/www.sonami.cl\/v2\/wp-json\/wp\/v2\/users\/1"}],"replies":[{"embeddable":true,"href":"https:\/\/www.sonami.cl\/v2\/wp-json\/wp\/v2\/comments?post=1148"}],"version-history":[{"count":0,"href":"https:\/\/www.sonami.cl\/v2\/wp-json\/wp\/v2\/pages\/1148\/revisions"}],"up":[{"embeddable":true,"href":"https:\/\/www.sonami.cl\/v2\/wp-json\/wp\/v2\/pages\/44"}],"wp:attachment":[{"href":"https:\/\/www.sonami.cl\/v2\/wp-json\/wp\/v2\/media?parent=1148"}],"wp:term":[{"taxonomy":"category","embeddable":true,"href":"https:\/\/www.sonami.cl\/v2\/wp-json\/wp\/v2\/categories?post=1148"},{"taxonomy":"post_tag","embeddable":true,"href":"https:\/\/www.sonami.cl\/v2\/wp-json\/wp\/v2\/tags?post=1148"}],"curies":[{"name":"wp","href":"https:\/\/api.w.org\/{rel}","templated":true}]}}