{"id":10204,"date":"2018-12-19T15:18:06","date_gmt":"2018-12-19T15:18:06","guid":{"rendered":"http:\/\/www.sonami.cl\/v2\/?p=10204"},"modified":"2019-06-21T12:57:57","modified_gmt":"2019-06-21T16:57:57","slug":"preparacion-mecanica-de-los-minerales","status":"publish","type":"page","link":"https:\/\/www.sonami.cl\/v2\/centro-de-documentacion\/manuscritos\/preparacion-mecanica-de-los-minerales\/","title":{"rendered":"Preparaci\u00f3n mec\u00e1nica de los minerales"},"content":{"rendered":"\t\t<div data-elementor-type=\"wp-post\" data-elementor-id=\"10204\" class=\"elementor elementor-10204\" data-elementor-post-type=\"page\">\n\t\t\t\t\t\t<section class=\"has_eae_slider elementor-section elementor-top-section elementor-element elementor-element-706911f5 elementor-section-full_width elementor-section-height-default elementor-section-height-default\" data-eae-slider=\"7682\" data-id=\"706911f5\" data-element_type=\"section\" data-e-type=\"section\" data-settings=\"{&quot;background_background&quot;:&quot;classic&quot;,&quot;sticky&quot;:&quot;top&quot;,&quot;sticky_offset&quot;:50,&quot;sticky_effects_offset&quot;:25,&quot;sticky_on&quot;:[&quot;desktop&quot;,&quot;tablet&quot;,&quot;mobile&quot;],&quot;sticky_anchor_link_offset&quot;:0}\">\n\t\t\t\t\t\t<div class=\"elementor-container elementor-column-gap-default\">\n\t\t\t\t\t<div class=\"has_eae_slider elementor-column elementor-col-100 elementor-top-column elementor-element elementor-element-5a082c5a\" data-eae-slider=\"99908\" data-id=\"5a082c5a\" data-element_type=\"column\" data-e-type=\"column\">\n\t\t\t<div class=\"elementor-widget-wrap elementor-element-populated\">\n\t\t\t\t\t\t<div class=\"elementor-element elementor-element-623e30dd elementor-widget elementor-widget-heading\" data-id=\"623e30dd\" data-element_type=\"widget\" data-e-type=\"widget\" data-widget_type=\"heading.default\">\n\t\t\t\t<div class=\"elementor-widget-container\">\n\t\t\t\t\t<h2 class=\"elementor-heading-title elementor-size-default\">MANUSCRITOS<\/h2>\t\t\t\t<\/div>\n\t\t\t\t<\/div>\n\t\t\t\t\t<\/div>\n\t\t<\/div>\n\t\t\t\t\t<\/div>\n\t\t<\/section>\n\t\t\t\t<section class=\"has_eae_slider elementor-section elementor-top-section elementor-element elementor-element-413bf911 elementor-section-boxed elementor-section-height-default elementor-section-height-default\" data-eae-slider=\"92924\" data-id=\"413bf911\" data-element_type=\"section\" data-e-type=\"section\">\n\t\t\t\t\t\t<div class=\"elementor-container elementor-column-gap-default\">\n\t\t\t\t\t<div class=\"has_eae_slider elementor-column elementor-col-100 elementor-top-column elementor-element elementor-element-7b31c033\" data-eae-slider=\"54928\" data-id=\"7b31c033\" data-element_type=\"column\" data-e-type=\"column\">\n\t\t\t<div class=\"elementor-widget-wrap elementor-element-populated\">\n\t\t\t\t\t\t<div class=\"elementor-element elementor-element-4a788253 elementor-align-left elementor-widget elementor-widget-breadcrumbs\" data-id=\"4a788253\" data-element_type=\"widget\" data-e-type=\"widget\" data-widget_type=\"breadcrumbs.default\">\n\t\t\t\t<div class=\"elementor-widget-container\">\n\t\t\t\t\t<p id=\"breadcrumbs\"><\/p>\t\t\t\t<\/div>\n\t\t\t\t<\/div>\n\t\t\t\t\t<\/div>\n\t\t<\/div>\n\t\t\t\t\t<\/div>\n\t\t<\/section>\n\t\t\t\t<section class=\"has_eae_slider elementor-section elementor-top-section elementor-element elementor-element-451e8bbb elementor-section-boxed elementor-section-height-default elementor-section-height-default\" data-eae-slider=\"9680\" data-id=\"451e8bbb\" data-element_type=\"section\" data-e-type=\"section\">\n\t\t\t\t\t\t<div class=\"elementor-container elementor-column-gap-default\">\n\t\t\t\t\t<div class=\"has_eae_slider elementor-column elementor-col-50 elementor-top-column elementor-element elementor-element-42054aa7\" data-eae-slider=\"14320\" data-id=\"42054aa7\" data-element_type=\"column\" data-e-type=\"column\">\n\t\t\t<div class=\"elementor-widget-wrap elementor-element-populated\">\n\t\t\t\t\t\t<div class=\"elementor-element elementor-element-bf8118a elementor-widget elementor-widget-shortcode\" data-id=\"bf8118a\" data-element_type=\"widget\" data-e-type=\"widget\" data-widget_type=\"shortcode.default\">\n\t\t\t\t<div class=\"elementor-widget-container\">\n\t\t\t\t\t\t\t<div class=\"elementor-shortcode\"><div style=\"display:block\">\n<!-- FlowPaper PDF flipbook plugin v.2.0.7 wordpress.org\/plugins\/flowpaper\/ -->\n<iframe title=\"FlowPaper flipbook pdf viewer\" width=\"100%\" height=\"500\" scrolling=\"no\" class=\"flowpaper-class\" frameborder=\"0\" allowFullScreen=\"true\" lightbox=\"false\" cover id src = \"https:\/\/flowpaper.com\/flipbook\/?pdf=https:\/\/www.sonami.cl\/v2\/wp-content\/uploads\/2019\/02\/preparacionmecanica.pdf?wp-hosted=1&title=&header=&theme=&singlepage=&thumbs=1&modified=1906211257\" seamless=\"seamless\" style=\"margin-bottom:0;display:block;\">Your browser does not seem to support iframes. <a href=\"https:\/\/flowpaper.com\/flipbook\/?pdf=https:\/\/www.sonami.cl\/v2\/wp-content\/uploads\/2019\/02\/preparacionmecanica.pdf?wp-hosted=1\" target=\"_blank\">Click here to read this PDF<\/a>.<\/iframe>\n<div id=\"flowpaper-logo-bottom\" class=\"flowpaper-logo-bg\" style=\"background:linear-gradient(to right, rgba(0,0,0,0.65) 0%,rgba(0,0,0,0) 200px);width:100%;height:19px; padding-bottom: 1px; padding-left: 5px; padding-right: 10px; display: flex; align-items: center;z-index:9999\"><span style=\"height: 37px; padding-left: 6px;width:90%\"> <a id=\"flowpaper-link\" style=\"fill: #fff\" alt=\"FlowPaper logotype\" title=\"FlowPaper logotype\" href=\"https:\/\/flowpaper.com\" target=\"_blank\"> <img decoding=\"async\" alt=\"Publish PDF flipbooks online\" style=\"height:17px;width:auto;margin-top:11px;\" src=\"https:\/\/www.sonami.cl\/v2\/wp-content\/plugins\/flowpaper-lite-pdf-flipbook\/assets\/flowpaper-logo.png\" border=\"0\"> <\/a> <\/span><span style=\" float: right; right: 0; font-size: 10px; white-space: nowrap; opacity:0.8\"><a href=\"https:\/\/flowpaper.com\/flipbook-maker\/\" target=\"_new\" style=\"text-decoration:none;border-bottom:none;\">Created using FlowPaper Flipbook Maker &#8599;<\/a><\/span><\/div><\/div>\r\n                <script>\r\n                document.addEventListener(\"DOMContentLoaded\", function(){\r\n                    var target_element, iframe_element;\r\n                    iframe_element = document.querySelector(\"iframe.flowpaper-class\");\r\n                    target_element = document.querySelector(\"\");\r\n                    iframe_element.style.height = target_element.offsetHeight + \"px\";\r\n                });\r\n                <\/script>\r\n            <\/div>\n\t\t\t\t\t\t<\/div>\n\t\t\t\t<\/div>\n\t\t\t\t\t<\/div>\n\t\t<\/div>\n\t\t\t\t<div class=\"has_eae_slider elementor-column elementor-col-50 elementor-top-column elementor-element elementor-element-51502ae7\" data-eae-slider=\"99530\" data-id=\"51502ae7\" data-element_type=\"column\" data-e-type=\"column\">\n\t\t\t<div class=\"elementor-widget-wrap elementor-element-populated\">\n\t\t\t\t\t\t<div class=\"elementor-element elementor-element-667e7d66 elementor-widget elementor-widget-heading\" data-id=\"667e7d66\" data-element_type=\"widget\" data-e-type=\"widget\" data-widget_type=\"heading.default\">\n\t\t\t\t<div class=\"elementor-widget-container\">\n\t\t\t\t\t<h2 class=\"elementor-heading-title elementor-size-default\">Preparaci\u00f3n mec\u00e1nica de los minerales<\/h2>\t\t\t\t<\/div>\n\t\t\t\t<\/div>\n\t\t\t\t<div class=\"elementor-element elementor-element-1f218ab7 elementor-widget elementor-widget-text-editor\" data-id=\"1f218ab7\" data-element_type=\"widget\" data-e-type=\"widget\" data-widget_type=\"text-editor.default\">\n\t\t\t\t<div class=\"elementor-widget-container\">\n\t\t\t\t\t\t\t\t\t<div class=\"recuadro current\"><p>Autor:\u00a0<span class=\"pv-branch pnid-571 cid-502\"><a class=\" pnid-571 pv-pid-0 pvid-159381 cid-502\" href=\"http:\/\/www.memoriachilena.cl\/602\/w3-propertyvalue-159381.html\">Augusto Orrego Cort\u00e9s<\/a><\/span><\/p><p><span style=\"font-size: 1rem;\">Tipo:\u00a0<\/span><span class=\"pv-branch pnid-567 cid-502\" style=\"font-size: 1rem;\"><a class=\" pnid-567 pv-pid-164744 pvid-147721 cid-502\" href=\"http:\/\/www.memoriachilena.cl\/602\/w3-propertyvalue-147721.html\">Manuscrito<\/a><\/span><\/p><p>T\u00edtulo Original: Preparacion Mec\u00e1nica de los Minerales<\/p><\/div><div class=\"recuadro current\"><div class=\" cid-502 pnid-654 pn-xattr\"><p>Descripci\u00f3n f\u00edsica:<\/p><p>118 p\u00e1ginas<\/p><\/div><div class=\" cid-502 pnid-652 pn-xattr\"><p><span style=\"font-size: 1rem;\">Materias:\u00a0<\/span><span class=\"pv-branch pnid-525 cid-502\" style=\"font-size: 1rem;\"><span class=\" pnid-525 pv-pid-0 pvid-959482 cid-502\">Minerales, Preparaci\u00f3n Mec\u00e1nica<\/span><\/span><\/p><\/div><p>A\u00f1o:\u00a0<span class=\"pv-branch pnid-559 cid-508\"><span class=\" pnid-559 pv-pid-158839 pvid-137961 cid-508\">1900<\/span><\/span><\/p><p>Idioma: espa\u00f1ol<\/p><p>Colecci\u00f3n:\u00a0<span class=\"pv-branch pnid-565 cid-502\"><span class=\" pnid-565 pv-pid-0 pvid-929179 cid-502\">Sociedad Nacional de Miner\u00eda<\/span><\/span><\/p><\/div>\t\t\t\t\t\t\t\t<\/div>\n\t\t\t\t<\/div>\n\t\t\t\t\t<\/div>\n\t\t<\/div>\n\t\t\t\t\t<\/div>\n\t\t<\/section>\n\t\t\t\t<section class=\"has_eae_slider elementor-section elementor-top-section elementor-element elementor-element-1cd6592f elementor-section-boxed elementor-section-height-default elementor-section-height-default\" data-eae-slider=\"57686\" data-id=\"1cd6592f\" data-element_type=\"section\" data-e-type=\"section\">\n\t\t\t\t\t\t<div class=\"elementor-container elementor-column-gap-default\">\n\t\t\t\t\t<div class=\"has_eae_slider elementor-column elementor-col-100 elementor-top-column elementor-element elementor-element-fdc62b6\" data-eae-slider=\"83069\" data-id=\"fdc62b6\" data-element_type=\"column\" data-e-type=\"column\">\n\t\t\t<div class=\"elementor-widget-wrap elementor-element-populated\">\n\t\t\t\t\t\t<div class=\"elementor-element elementor-element-47409f76 elementor-widget elementor-widget-spacer\" data-id=\"47409f76\" data-element_type=\"widget\" data-e-type=\"widget\" data-widget_type=\"spacer.default\">\n\t\t\t\t<div class=\"elementor-widget-container\">\n\t\t\t\t\t\t\t<div class=\"elementor-spacer\">\n\t\t\t<div class=\"elementor-spacer-inner\"><\/div>\n\t\t<\/div>\n\t\t\t\t\t\t<\/div>\n\t\t\t\t<\/div>\n\t\t\t\t\t<\/div>\n\t\t<\/div>\n\t\t\t\t\t<\/div>\n\t\t<\/section>\n\t\t\t\t<\/div>\n\t\t","protected":false},"excerpt":{"rendered":"<p>MANUSCRITOS Autor:\u00a0Augusto Orrego Cort\u00e9s Tipo:\u00a0Manuscrito T\u00edtulo Original: Preparacion Mec\u00e1nica de los Minerales Descripci\u00f3n f\u00edsica: 118 p\u00e1ginas Materias:\u00a0Minerales, Preparaci\u00f3n Mec\u00e1nica A\u00f1o:\u00a01900 Idioma: espa\u00f1ol Colecci\u00f3n:\u00a0Sociedad Nacional de Miner\u00eda<\/p>\n","protected":false},"author":1,"featured_media":7771,"parent":7672,"menu_order":0,"comment_status":"closed","ping_status":"open","template":"elementor_header_footer","meta":{"_acf_changed":false,"footnotes":"","_links_to":"","_links_to_target":""},"categories":[81],"tags":[],"class_list":["post-10204","page","type-page","status-publish","has-post-thumbnail","hentry","category-manuscritos"],"acf":[],"yoast_head":"<!-- This site is optimized with the Yoast SEO plugin v27.5 - https:\/\/yoast.com\/product\/yoast-seo-wordpress\/ -->\n<title>Preparaci\u00f3n mec\u00e1nica de los minerales - SONAMI :: Sociedad Nacional de Miner\u00eda - Chile<\/title>\n<meta name=\"robots\" content=\"index, follow, max-snippet:-1, max-image-preview:large, max-video-preview:-1\" \/>\n<link rel=\"canonical\" href=\"https:\/\/www.sonami.cl\/v2\/centro-de-documentacion\/manuscritos\/preparacion-mecanica-de-los-minerales\/\" \/>\n<meta property=\"og:locale\" content=\"es_ES\" \/>\n<meta property=\"og:type\" content=\"article\" \/>\n<meta property=\"og:title\" content=\"Preparaci\u00f3n mec\u00e1nica de los minerales - SONAMI :: Sociedad Nacional de Miner\u00eda - Chile\" \/>\n<meta property=\"og:description\" content=\"MANUSCRITOS Autor:\u00a0Augusto Orrego Cort\u00e9s Tipo:\u00a0Manuscrito T\u00edtulo Original: Preparacion Mec\u00e1nica de los Minerales Descripci\u00f3n f\u00edsica: 118 p\u00e1ginas Materias:\u00a0Minerales, Preparaci\u00f3n Mec\u00e1nica A\u00f1o:\u00a01900 Idioma: espa\u00f1ol Colecci\u00f3n:\u00a0Sociedad Nacional de Miner\u00eda\" \/>\n<meta property=\"og:url\" content=\"https:\/\/www.sonami.cl\/v2\/centro-de-documentacion\/manuscritos\/preparacion-mecanica-de-los-minerales\/\" \/>\n<meta property=\"og:site_name\" content=\"SONAMI :: Sociedad Nacional de Miner\u00eda - Chile\" \/>\n<meta property=\"article:publisher\" content=\"https:\/\/www.facebook.com\/SonamiChile\/\" \/>\n<meta property=\"article:modified_time\" content=\"2019-06-21T16:57:57+00:00\" \/>\n<meta property=\"og:image\" content=\"https:\/\/www.sonami.cl\/v2\/wp-content\/uploads\/2018\/09\/preparacion.jpg\" \/>\n\t<meta property=\"og:image:width\" content=\"79\" \/>\n\t<meta property=\"og:image:height\" content=\"133\" \/>\n\t<meta property=\"og:image:type\" content=\"image\/jpeg\" \/>\n<meta name=\"twitter:card\" content=\"summary_large_image\" \/>\n<meta name=\"twitter:site\" content=\"@Sonami_Chile\" \/>\n<script type=\"application\/ld+json\" class=\"yoast-schema-graph\">{\"@context\":\"https:\\\/\\\/schema.org\",\"@graph\":[{\"@type\":\"WebPage\",\"@id\":\"https:\\\/\\\/www.sonami.cl\\\/v2\\\/centro-de-documentacion\\\/manuscritos\\\/preparacion-mecanica-de-los-minerales\\\/\",\"url\":\"https:\\\/\\\/www.sonami.cl\\\/v2\\\/centro-de-documentacion\\\/manuscritos\\\/preparacion-mecanica-de-los-minerales\\\/\",\"name\":\"Preparaci\u00f3n mec\u00e1nica de los minerales - SONAMI :: Sociedad Nacional de Miner\u00eda - Chile\",\"isPartOf\":{\"@id\":\"https:\\\/\\\/www.sonami.cl\\\/v2\\\/#website\"},\"primaryImageOfPage\":{\"@id\":\"https:\\\/\\\/www.sonami.cl\\\/v2\\\/centro-de-documentacion\\\/manuscritos\\\/preparacion-mecanica-de-los-minerales\\\/#primaryimage\"},\"image\":{\"@id\":\"https:\\\/\\\/www.sonami.cl\\\/v2\\\/centro-de-documentacion\\\/manuscritos\\\/preparacion-mecanica-de-los-minerales\\\/#primaryimage\"},\"thumbnailUrl\":\"https:\\\/\\\/www.sonami.cl\\\/v2\\\/wp-content\\\/uploads\\\/2018\\\/09\\\/preparacion.jpg\",\"datePublished\":\"2018-12-19T15:18:06+00:00\",\"dateModified\":\"2019-06-21T16:57:57+00:00\",\"breadcrumb\":{\"@id\":\"https:\\\/\\\/www.sonami.cl\\\/v2\\\/centro-de-documentacion\\\/manuscritos\\\/preparacion-mecanica-de-los-minerales\\\/#breadcrumb\"},\"inLanguage\":\"es\",\"potentialAction\":[{\"@type\":\"ReadAction\",\"target\":[\"https:\\\/\\\/www.sonami.cl\\\/v2\\\/centro-de-documentacion\\\/manuscritos\\\/preparacion-mecanica-de-los-minerales\\\/\"]}]},{\"@type\":\"ImageObject\",\"inLanguage\":\"es\",\"@id\":\"https:\\\/\\\/www.sonami.cl\\\/v2\\\/centro-de-documentacion\\\/manuscritos\\\/preparacion-mecanica-de-los-minerales\\\/#primaryimage\",\"url\":\"https:\\\/\\\/www.sonami.cl\\\/v2\\\/wp-content\\\/uploads\\\/2018\\\/09\\\/preparacion.jpg\",\"contentUrl\":\"https:\\\/\\\/www.sonami.cl\\\/v2\\\/wp-content\\\/uploads\\\/2018\\\/09\\\/preparacion.jpg\",\"width\":79,\"height\":133},{\"@type\":\"BreadcrumbList\",\"@id\":\"https:\\\/\\\/www.sonami.cl\\\/v2\\\/centro-de-documentacion\\\/manuscritos\\\/preparacion-mecanica-de-los-minerales\\\/#breadcrumb\",\"itemListElement\":[{\"@type\":\"ListItem\",\"position\":1,\"name\":\"BIBLIOTECA\",\"item\":\"https:\\\/\\\/www.sonami.cl\\\/v2\\\/centro-de-documentacion\\\/\"},{\"@type\":\"ListItem\",\"position\":2,\"name\":\"Manuscritos\",\"item\":\"https:\\\/\\\/www.sonami.cl\\\/v2\\\/centro-de-documentacion\\\/manuscritos\\\/\"},{\"@type\":\"ListItem\",\"position\":3,\"name\":\"Preparaci\u00f3n mec\u00e1nica de los minerales\"}]},{\"@type\":\"WebSite\",\"@id\":\"https:\\\/\\\/www.sonami.cl\\\/v2\\\/#website\",\"url\":\"https:\\\/\\\/www.sonami.cl\\\/v2\\\/\",\"name\":\"SONAMI :: Sociedad Nacional de Miner\u00eda - Chile\",\"description\":\"Sociedad Nacional de Mineria de Chile, dedicada al estudio de la miner\u00eda en Chile y latinoamericana, contempla la entrega semanal, mensual, anual de estad\u00edsticas en el medio minero de Chile\",\"publisher\":{\"@id\":\"https:\\\/\\\/www.sonami.cl\\\/v2\\\/#organization\"},\"potentialAction\":[{\"@type\":\"SearchAction\",\"target\":{\"@type\":\"EntryPoint\",\"urlTemplate\":\"https:\\\/\\\/www.sonami.cl\\\/v2\\\/?s={search_term_string}\"},\"query-input\":{\"@type\":\"PropertyValueSpecification\",\"valueRequired\":true,\"valueName\":\"search_term_string\"}}],\"inLanguage\":\"es\"},{\"@type\":\"Organization\",\"@id\":\"https:\\\/\\\/www.sonami.cl\\\/v2\\\/#organization\",\"name\":\"SONAMI :: Sociedad Nacional de Miner\u00eda - Chile\",\"url\":\"https:\\\/\\\/www.sonami.cl\\\/v2\\\/\",\"logo\":{\"@type\":\"ImageObject\",\"inLanguage\":\"es\",\"@id\":\"https:\\\/\\\/www.sonami.cl\\\/v2\\\/#\\\/schema\\\/logo\\\/image\\\/\",\"url\":\"https:\\\/\\\/www.sonami.cl\\\/v2\\\/wp-content\\\/uploads\\\/2021\\\/07\\\/logo-v2.jpg\",\"contentUrl\":\"https:\\\/\\\/www.sonami.cl\\\/v2\\\/wp-content\\\/uploads\\\/2021\\\/07\\\/logo-v2.jpg\",\"width\":160,\"height\":170,\"caption\":\"SONAMI :: Sociedad Nacional de Miner\u00eda - Chile\"},\"image\":{\"@id\":\"https:\\\/\\\/www.sonami.cl\\\/v2\\\/#\\\/schema\\\/logo\\\/image\\\/\"},\"sameAs\":[\"https:\\\/\\\/www.facebook.com\\\/SonamiChile\\\/\",\"https:\\\/\\\/x.com\\\/Sonami_Chile\",\"https:\\\/\\\/www.youtube.com\\\/user\\\/SonamiChile\"]}]}<\/script>\n<!-- \/ Yoast SEO plugin. -->","yoast_head_json":{"title":"Preparaci\u00f3n mec\u00e1nica de los minerales - SONAMI :: Sociedad Nacional de Miner\u00eda - Chile","robots":{"index":"index","follow":"follow","max-snippet":"max-snippet:-1","max-image-preview":"max-image-preview:large","max-video-preview":"max-video-preview:-1"},"canonical":"https:\/\/www.sonami.cl\/v2\/centro-de-documentacion\/manuscritos\/preparacion-mecanica-de-los-minerales\/","og_locale":"es_ES","og_type":"article","og_title":"Preparaci\u00f3n mec\u00e1nica de los minerales - SONAMI :: Sociedad Nacional de Miner\u00eda - Chile","og_description":"MANUSCRITOS Autor:\u00a0Augusto Orrego Cort\u00e9s Tipo:\u00a0Manuscrito T\u00edtulo Original: Preparacion Mec\u00e1nica de los Minerales Descripci\u00f3n f\u00edsica: 118 p\u00e1ginas Materias:\u00a0Minerales, Preparaci\u00f3n Mec\u00e1nica A\u00f1o:\u00a01900 Idioma: espa\u00f1ol Colecci\u00f3n:\u00a0Sociedad Nacional de Miner\u00eda","og_url":"https:\/\/www.sonami.cl\/v2\/centro-de-documentacion\/manuscritos\/preparacion-mecanica-de-los-minerales\/","og_site_name":"SONAMI :: Sociedad Nacional de Miner\u00eda - Chile","article_publisher":"https:\/\/www.facebook.com\/SonamiChile\/","article_modified_time":"2019-06-21T16:57:57+00:00","og_image":[{"width":79,"height":133,"url":"https:\/\/www.sonami.cl\/v2\/wp-content\/uploads\/2018\/09\/preparacion.jpg","type":"image\/jpeg"}],"twitter_card":"summary_large_image","twitter_site":"@Sonami_Chile","schema":{"@context":"https:\/\/schema.org","@graph":[{"@type":"WebPage","@id":"https:\/\/www.sonami.cl\/v2\/centro-de-documentacion\/manuscritos\/preparacion-mecanica-de-los-minerales\/","url":"https:\/\/www.sonami.cl\/v2\/centro-de-documentacion\/manuscritos\/preparacion-mecanica-de-los-minerales\/","name":"Preparaci\u00f3n mec\u00e1nica de los minerales - SONAMI :: Sociedad Nacional de Miner\u00eda - Chile","isPartOf":{"@id":"https:\/\/www.sonami.cl\/v2\/#website"},"primaryImageOfPage":{"@id":"https:\/\/www.sonami.cl\/v2\/centro-de-documentacion\/manuscritos\/preparacion-mecanica-de-los-minerales\/#primaryimage"},"image":{"@id":"https:\/\/www.sonami.cl\/v2\/centro-de-documentacion\/manuscritos\/preparacion-mecanica-de-los-minerales\/#primaryimage"},"thumbnailUrl":"https:\/\/www.sonami.cl\/v2\/wp-content\/uploads\/2018\/09\/preparacion.jpg","datePublished":"2018-12-19T15:18:06+00:00","dateModified":"2019-06-21T16:57:57+00:00","breadcrumb":{"@id":"https:\/\/www.sonami.cl\/v2\/centro-de-documentacion\/manuscritos\/preparacion-mecanica-de-los-minerales\/#breadcrumb"},"inLanguage":"es","potentialAction":[{"@type":"ReadAction","target":["https:\/\/www.sonami.cl\/v2\/centro-de-documentacion\/manuscritos\/preparacion-mecanica-de-los-minerales\/"]}]},{"@type":"ImageObject","inLanguage":"es","@id":"https:\/\/www.sonami.cl\/v2\/centro-de-documentacion\/manuscritos\/preparacion-mecanica-de-los-minerales\/#primaryimage","url":"https:\/\/www.sonami.cl\/v2\/wp-content\/uploads\/2018\/09\/preparacion.jpg","contentUrl":"https:\/\/www.sonami.cl\/v2\/wp-content\/uploads\/2018\/09\/preparacion.jpg","width":79,"height":133},{"@type":"BreadcrumbList","@id":"https:\/\/www.sonami.cl\/v2\/centro-de-documentacion\/manuscritos\/preparacion-mecanica-de-los-minerales\/#breadcrumb","itemListElement":[{"@type":"ListItem","position":1,"name":"BIBLIOTECA","item":"https:\/\/www.sonami.cl\/v2\/centro-de-documentacion\/"},{"@type":"ListItem","position":2,"name":"Manuscritos","item":"https:\/\/www.sonami.cl\/v2\/centro-de-documentacion\/manuscritos\/"},{"@type":"ListItem","position":3,"name":"Preparaci\u00f3n mec\u00e1nica de los minerales"}]},{"@type":"WebSite","@id":"https:\/\/www.sonami.cl\/v2\/#website","url":"https:\/\/www.sonami.cl\/v2\/","name":"SONAMI :: Sociedad Nacional de Miner\u00eda - Chile","description":"Sociedad Nacional de Mineria de Chile, dedicada al estudio de la miner\u00eda en Chile y latinoamericana, contempla la entrega semanal, mensual, anual de estad\u00edsticas en el medio minero de Chile","publisher":{"@id":"https:\/\/www.sonami.cl\/v2\/#organization"},"potentialAction":[{"@type":"SearchAction","target":{"@type":"EntryPoint","urlTemplate":"https:\/\/www.sonami.cl\/v2\/?s={search_term_string}"},"query-input":{"@type":"PropertyValueSpecification","valueRequired":true,"valueName":"search_term_string"}}],"inLanguage":"es"},{"@type":"Organization","@id":"https:\/\/www.sonami.cl\/v2\/#organization","name":"SONAMI :: Sociedad Nacional de Miner\u00eda - Chile","url":"https:\/\/www.sonami.cl\/v2\/","logo":{"@type":"ImageObject","inLanguage":"es","@id":"https:\/\/www.sonami.cl\/v2\/#\/schema\/logo\/image\/","url":"https:\/\/www.sonami.cl\/v2\/wp-content\/uploads\/2021\/07\/logo-v2.jpg","contentUrl":"https:\/\/www.sonami.cl\/v2\/wp-content\/uploads\/2021\/07\/logo-v2.jpg","width":160,"height":170,"caption":"SONAMI :: Sociedad Nacional de Miner\u00eda - Chile"},"image":{"@id":"https:\/\/www.sonami.cl\/v2\/#\/schema\/logo\/image\/"},"sameAs":["https:\/\/www.facebook.com\/SonamiChile\/","https:\/\/x.com\/Sonami_Chile","https:\/\/www.youtube.com\/user\/SonamiChile"]}]}},"publishpress_future_workflow_manual_trigger":{"enabledWorkflows":[]},"_links":{"self":[{"href":"https:\/\/www.sonami.cl\/v2\/wp-json\/wp\/v2\/pages\/10204","targetHints":{"allow":["GET"]}}],"collection":[{"href":"https:\/\/www.sonami.cl\/v2\/wp-json\/wp\/v2\/pages"}],"about":[{"href":"https:\/\/www.sonami.cl\/v2\/wp-json\/wp\/v2\/types\/page"}],"author":[{"embeddable":true,"href":"https:\/\/www.sonami.cl\/v2\/wp-json\/wp\/v2\/users\/1"}],"replies":[{"embeddable":true,"href":"https:\/\/www.sonami.cl\/v2\/wp-json\/wp\/v2\/comments?post=10204"}],"version-history":[{"count":0,"href":"https:\/\/www.sonami.cl\/v2\/wp-json\/wp\/v2\/pages\/10204\/revisions"}],"up":[{"embeddable":true,"href":"https:\/\/www.sonami.cl\/v2\/wp-json\/wp\/v2\/pages\/7672"}],"wp:featuredmedia":[{"embeddable":true,"href":"https:\/\/www.sonami.cl\/v2\/wp-json\/wp\/v2\/media\/7771"}],"wp:attachment":[{"href":"https:\/\/www.sonami.cl\/v2\/wp-json\/wp\/v2\/media?parent=10204"}],"wp:term":[{"taxonomy":"category","embeddable":true,"href":"https:\/\/www.sonami.cl\/v2\/wp-json\/wp\/v2\/categories?post=10204"},{"taxonomy":"post_tag","embeddable":true,"href":"https:\/\/www.sonami.cl\/v2\/wp-json\/wp\/v2\/tags?post=10204"}],"curies":[{"name":"wp","href":"https:\/\/api.w.org\/{rel}","templated":true}]}}